{"id":19241,"date":"2023-10-16T10:57:34","date_gmt":"2023-10-16T10:57:34","guid":{"rendered":"https:\/\/www.anticagastronomia.com\/prodotti\/saucisson-local-epice\/"},"modified":"2023-10-16T10:57:35","modified_gmt":"2023-10-16T10:57:35","slug":"saucisson-local-epice","status":"publish","type":"product","link":"https:\/\/www.anticagastronomia.com\/fr\/prodotti\/saucisson-local-epice\/","title":{"rendered":"Saucisson local \u00ab\u00e9pic\u00e9\u00bb"},"content":{"rendered":"\t\t<div data-elementor-type=\"product-post\" data-elementor-id=\"19241\" class=\"elementor elementor-19241 elementor-8551\" data-elementor-post-type=\"product\">\n\t\t\t\t<div class=\"elementor-element elementor-element-43f0dbfd e-flex e-con-boxed e-con e-parent\" data-id=\"43f0dbfd\" data-element_type=\"container\" data-e-type=\"container\" data-settings=\"{&quot;background_background&quot;:&quot;classic&quot;}\">\n\t\t\t\t\t<div class=\"e-con-inner\">\n\t\t<div class=\"elementor-element elementor-element-7a3a9f20 e-con-full e-flex e-con e-parent\" data-id=\"7a3a9f20\" data-element_type=\"container\" data-e-type=\"container\">\n\t\t\t\t<div class=\"elementor-element elementor-element-34efb73 elementor-widget elementor-widget-woocommerce-product-title elementor-page-title elementor-widget-heading\" data-id=\"34efb73\" data-element_type=\"widget\" data-e-type=\"widget\" data-widget_type=\"woocommerce-product-title.default\">\n\t\t\t\t<div class=\"elementor-widget-container\">\n\t\t\t\t\t<h1 class=\"product_title entry-title elementor-heading-title elementor-size-default\">Saucisson local \u00ab\u00e9pic\u00e9\u00bb<\/h1>\t\t\t\t<\/div>\n\t\t\t\t<\/div>\n\t\t\t\t<div class=\"elementor-element elementor-element-55888068 elementor-widget elementor-widget-Table\" data-id=\"55888068\" data-element_type=\"widget\" data-e-type=\"widget\" data-widget_type=\"Table.default\">\n\t\t\t\t<div class=\"elementor-widget-container\">\n\t\t\t\t\t\t\t<table class=\"tafe-table \">\n\t\t\t<thead  class=\"tafe-table-header\">\n\t\t\t\t<tr>\n\t\t\t\t\t<th class=\"elementor-inline-editing elementor-repeater-item-a11eddb\"  colSpan=\"2\" >Valeurs nutritionnelles pour 100g<\/th>\t\t\t\t<\/tr>\n\t\t\t<\/thead>\n\t\t\t\t\t\t<tbody class=\"tafe-table-body\">\n\t\t\t\t<tr>\n\t\t\t\t\t<td data-label=\"Valeurs nutritionnelles pour 100g\"   class=\"elementor-repeater-item-9197e2f td-content-type-default\" >\u00c9nergie<\/td><td data-label=\"\"   class=\"elementor-repeater-item-c5cace3 td-content-type-default\" >kJ 1689\/Kcal 408<\/td><\/tr><tr><td data-label=\"Valeurs nutritionnelles pour 100g\"   class=\"elementor-repeater-item-04d3edd td-content-type-default\" >Graisse<\/td><td data-label=\"\"   class=\"elementor-repeater-item-8dc0bd1 td-content-type-default\" >36 g<\/td><\/tr><tr><td data-label=\"Valeurs nutritionnelles pour 100g\"   class=\"elementor-repeater-item-5098ae7 td-content-type-default\" >dont acides gras satur\u00e9s<\/td><td data-label=\"\"   class=\"elementor-repeater-item-8847d8f td-content-type-default\" >13 g<\/td><\/tr><tr><td data-label=\"Valeurs nutritionnelles pour 100g\"   class=\"elementor-repeater-item-28ee6f4 td-content-type-default\" >Glucides<\/td><td data-label=\"\"   class=\"elementor-repeater-item-3de998d td-content-type-default\" >0 g<\/td><\/tr><tr><td data-label=\"Valeurs nutritionnelles pour 100g\"   class=\"elementor-repeater-item-f7f80ee td-content-type-default\" >dont sucres<\/td><td data-label=\"\"   class=\"elementor-repeater-item-788a660 td-content-type-default\" >0 g<\/td><\/tr><tr><td data-label=\"Valeurs nutritionnelles pour 100g\"   class=\"elementor-repeater-item-d427318 td-content-type-default\" >Fibres<\/td><td data-label=\"\"   class=\"elementor-repeater-item-ca0dac4 td-content-type-default\" >0 g<\/td><\/tr><tr><td data-label=\"Valeurs nutritionnelles pour 100g\"   class=\"elementor-repeater-item-0c1b84a td-content-type-default\" >Prot\u00e9ine<\/td><td data-label=\"\"   class=\"elementor-repeater-item-0b8a12b td-content-type-default\" >21 g<\/td><\/tr><tr><td data-label=\"Valeurs nutritionnelles pour 100g\"   class=\"elementor-repeater-item-41d6a2b td-content-type-default\" >Sel<\/td><td data-label=\"\"   class=\"elementor-repeater-item-5f819fa td-content-type-default\" >3.5 g<\/td>\t\t\t\t<\/tr>\n\t\t\t<\/tbody>\n\t\t<\/table>\n\t\t\n\t\t\t\t\t\t<\/div>\n\t\t\t\t<\/div>\n\t\t\t\t<\/div>\n\t\t<div class=\"elementor-element elementor-element-253d518c e-con-full e-flex e-con e-parent\" data-id=\"253d518c\" data-element_type=\"container\" data-e-type=\"container\">\n\t\t\t\t<div class=\"elementor-element elementor-element-2300137a elementor-widget elementor-widget-n-accordion\" data-id=\"2300137a\" data-element_type=\"widget\" data-e-type=\"widget\" data-settings=\"{&quot;default_state&quot;:&quot;expanded&quot;,&quot;max_items_expended&quot;:&quot;one&quot;,&quot;n_accordion_animation_duration&quot;:{&quot;unit&quot;:&quot;ms&quot;,&quot;size&quot;:400,&quot;sizes&quot;:[]}}\" data-widget_type=\"nested-accordion.default\">\n\t\t\t\t<div class=\"elementor-widget-container\">\n\t\t\t\t\t\t\t<div class=\"e-n-accordion\" aria-label=\"Accordion. Open links with Enter or Space, close with Escape, and navigate with Arrow Keys\">\n\t\t\t\t\t\t<details id=\"e-n-accordion-item-5870\" class=\"e-n-accordion-item\" open>\n\t\t\t\t<summary class=\"e-n-accordion-item-title\" data-accordion-index=\"1\" tabindex=\"0\" aria-expanded=\"true\" aria-controls=\"e-n-accordion-item-5870\" >\n\t\t\t\t\t<span class='e-n-accordion-item-title-header'><div class=\"e-n-accordion-item-title-text\"> Ingr\u00e9dients <\/div><\/span>\n\t\t\t\t\t\t\t<span class='e-n-accordion-item-title-icon'>\n\t\t\t<span class='e-opened' ><i aria-hidden=\"true\" class=\"fas fa-minus\"><\/i><\/span>\n\t\t\t<span class='e-closed'><i aria-hidden=\"true\" class=\"fas fa-plus\"><\/i><\/span>\n\t\t<\/span>\n\n\t\t\t\t\t\t<\/summary>\n\t\t\t\t<div role=\"region\" aria-labelledby=\"e-n-accordion-item-5870\" class=\"elementor-element elementor-element-7cc9c45d e-con-full e-flex e-con e-parent\" data-id=\"7cc9c45d\" data-element_type=\"container\" data-e-type=\"container\">\n\t\t\t\t<div class=\"elementor-element elementor-element-bf78307 elementor-widget elementor-widget-text-editor\" data-id=\"bf78307\" data-element_type=\"widget\" data-e-type=\"widget\" data-widget_type=\"text-editor.default\">\n\t\t\t\t<div class=\"elementor-widget-container\">\n\t\t\t\t\t\t\t\t\t<p>Porc, Sel, \u00c9pices, Ar\u00f4mes naturels, Ar\u00f4me, Sucres : Dextrose, Saccharose, Sel, Antioxydant : E 301 Ascorbate de sodium, Conservateur : E 252 Nitrate de potassium, \u00c9pices, Ar\u00f4me de fum\u00e9e.<\/p>\n\t\t\t\t\t\t\t\t<\/div>\n\t\t\t\t<\/div>\n\t\t\t\t<\/div>\n\t\t\t\t\t<\/details>\n\t\t\t\t\t\t<details id=\"e-n-accordion-item-5871\" class=\"e-n-accordion-item\" >\n\t\t\t\t<summary class=\"e-n-accordion-item-title\" data-accordion-index=\"2\" tabindex=\"-1\" aria-expanded=\"false\" aria-controls=\"e-n-accordion-item-5871\" >\n\t\t\t\t\t<span class='e-n-accordion-item-title-header'><div class=\"e-n-accordion-item-title-text\"> Conditions de stockage  <\/div><\/span>\n\t\t\t\t\t\t\t<span class='e-n-accordion-item-title-icon'>\n\t\t\t<span class='e-opened' ><i aria-hidden=\"true\" class=\"fas fa-minus\"><\/i><\/span>\n\t\t\t<span class='e-closed'><i aria-hidden=\"true\" class=\"fas fa-plus\"><\/i><\/span>\n\t\t<\/span>\n\n\t\t\t\t\t\t<\/summary>\n\t\t\t\t<div role=\"region\" aria-labelledby=\"e-n-accordion-item-5871\" class=\"elementor-element elementor-element-384eb028 e-con-full e-flex e-con e-parent\" data-id=\"384eb028\" data-element_type=\"container\" data-e-type=\"container\">\n\t\t\t\t<div class=\"elementor-element elementor-element-7b751c1a elementor-widget elementor-widget-text-editor\" data-id=\"7b751c1a\" data-element_type=\"widget\" data-e-type=\"widget\" data-widget_type=\"text-editor.default\">\n\t\t\t\t<div class=\"elementor-widget-container\">\n\t\t\t\t\t\t\t\t\t<p>Dans un endroit frais et sec.<\/p>\n\t\t\t\t\t\t\t\t<\/div>\n\t\t\t\t<\/div>\n\t\t\t\t<\/div>\n\t\t\t\t\t<\/details>\n\t\t\t\t\t\t<details id=\"e-n-accordion-item-5872\" class=\"e-n-accordion-item\" >\n\t\t\t\t<summary class=\"e-n-accordion-item-title\" data-accordion-index=\"3\" tabindex=\"-1\" aria-expanded=\"false\" aria-controls=\"e-n-accordion-item-5872\" >\n\t\t\t\t\t<span class='e-n-accordion-item-title-header'><div class=\"e-n-accordion-item-title-text\"> Mode d\u2019emploi <\/div><\/span>\n\t\t\t\t\t\t\t<span class='e-n-accordion-item-title-icon'>\n\t\t\t<span class='e-opened' ><i aria-hidden=\"true\" class=\"fas fa-minus\"><\/i><\/span>\n\t\t\t<span class='e-closed'><i aria-hidden=\"true\" class=\"fas fa-plus\"><\/i><\/span>\n\t\t<\/span>\n\n\t\t\t\t\t\t<\/summary>\n\t\t\t\t<div role=\"region\" aria-labelledby=\"e-n-accordion-item-5872\" class=\"elementor-element elementor-element-5d9307dc e-con-full e-flex e-con e-parent\" data-id=\"5d9307dc\" data-element_type=\"container\" data-e-type=\"container\">\n\t\t\t\t<div class=\"elementor-element elementor-element-32d241ee elementor-widget elementor-widget-text-editor\" data-id=\"32d241ee\" data-element_type=\"widget\" data-e-type=\"widget\" data-widget_type=\"text-editor.default\">\n\t\t\t\t<div class=\"elementor-widget-container\">\n\t\t\t\t\t\t\t\t\t<p>Le \u00ab Saucisson local \u00ab\u00a0\u00e9pic\u00e9\u00a0\u00bb\u00bb est d\u00e9licieux consomm\u00e9 avec du bon pain fait maison ou cuit au four \u00e0 bois ou encore mieux s\u2019il est r\u00f4ti sur des charbons ardents de bois d\u2019olivier. Le \u00abSaucisson local \u00ab\u00a0\u00e9pic\u00e9\u00a0\u00bb \u00bb est un d\u00e9lice en combinaison avec des l\u00e9gumes grill\u00e9s \u00e0 l\u2019huile \u00ab Gastronomia delle Marche \u00bb et l\u2019excellent vin blanc \u00ab Falerio \u00bb et peut-\u00eatre avec des fromages typiques des Marches tels que \u00ab Fromage de fossa \u00e0 la Truffe ou Pecorino Frais Maceratese\u00bb.<\/p>\n\t\t\t\t\t\t\t\t<\/div>\n\t\t\t\t<\/div>\n\t\t\t\t<\/div>\n\t\t\t\t\t<\/details>\n\t\t\t\t\t\t<details id=\"e-n-accordion-item-5873\" class=\"e-n-accordion-item\" >\n\t\t\t\t<summary class=\"e-n-accordion-item-title\" data-accordion-index=\"4\" tabindex=\"-1\" aria-expanded=\"false\" aria-controls=\"e-n-accordion-item-5873\" >\n\t\t\t\t\t<span class='e-n-accordion-item-title-header'><div class=\"e-n-accordion-item-title-text\"> Tableau des allerg\u00e8nes <\/div><\/span>\n\t\t\t\t\t\t\t<span class='e-n-accordion-item-title-icon'>\n\t\t\t<span class='e-opened' ><i aria-hidden=\"true\" class=\"fas fa-minus\"><\/i><\/span>\n\t\t\t<span class='e-closed'><i aria-hidden=\"true\" class=\"fas fa-plus\"><\/i><\/span>\n\t\t<\/span>\n\n\t\t\t\t\t\t<\/summary>\n\t\t\t\t<div role=\"region\" aria-labelledby=\"e-n-accordion-item-5873\" class=\"elementor-element elementor-element-a497bc8 e-con-full e-flex e-con e-parent\" data-id=\"a497bc8\" data-element_type=\"container\" data-e-type=\"container\">\n\t\t\t\t<div class=\"elementor-element elementor-element-9095e0c elementor-widget elementor-widget-text-editor\" data-id=\"9095e0c\" data-element_type=\"widget\" data-e-type=\"widget\" data-widget_type=\"text-editor.default\">\n\t\t\t\t<div class=\"elementor-widget-container\">\n\t\t\t\t\t\t\t\t\t<p>Pr\u00e9sence de : Dioxyde de soufre et sulfites.<\/p>\n\t\t\t\t\t\t\t\t<\/div>\n\t\t\t\t<\/div>\n\t\t\t\t<\/div>\n\t\t\t\t\t<\/details>\n\t\t\t\t\t\t<details id=\"e-n-accordion-item-5874\" class=\"e-n-accordion-item\" >\n\t\t\t\t<summary class=\"e-n-accordion-item-title\" data-accordion-index=\"5\" tabindex=\"-1\" aria-expanded=\"false\" aria-controls=\"e-n-accordion-item-5874\" >\n\t\t\t\t\t<span class='e-n-accordion-item-title-header'><div class=\"e-n-accordion-item-title-text\"> Emballage <\/div><\/span>\n\t\t\t\t\t\t\t<span class='e-n-accordion-item-title-icon'>\n\t\t\t<span class='e-opened' ><i aria-hidden=\"true\" class=\"fas fa-minus\"><\/i><\/span>\n\t\t\t<span class='e-closed'><i aria-hidden=\"true\" class=\"fas fa-plus\"><\/i><\/span>\n\t\t<\/span>\n\n\t\t\t\t\t\t<\/summary>\n\t\t\t\t<div role=\"region\" aria-labelledby=\"e-n-accordion-item-5874\" class=\"elementor-element elementor-element-549745bd e-con-full e-flex e-con e-parent\" data-id=\"549745bd\" data-element_type=\"container\" data-e-type=\"container\">\n\t\t\t\t<div class=\"elementor-element elementor-element-f0734d4 elementor-widget elementor-widget-text-editor\" data-id=\"f0734d4\" data-element_type=\"widget\" data-e-type=\"widget\" data-widget_type=\"text-editor.default\">\n\t\t\t\t<div class=\"elementor-widget-container\">\n\t\t\t\t\t\t\t\t\t<p>Conforme \u00e0 la r\u00e9glementation D.M. 21.3.1973, Reg. CE n. 1935\/2004, Reg. CE n. 1895\/2005, Reg. CE n. 10\/2011 e s.m.i.<\/p>\n\t\t\t\t\t\t\t\t<\/div>\n\t\t\t\t<\/div>\n\t\t\t\t<\/div>\n\t\t\t\t\t<\/details>\n\t\t\t\t\t\t<details id=\"e-n-accordion-item-5875\" class=\"e-n-accordion-item\" >\n\t\t\t\t<summary class=\"e-n-accordion-item-title\" data-accordion-index=\"6\" tabindex=\"-1\" aria-expanded=\"false\" aria-controls=\"e-n-accordion-item-5875\" >\n\t\t\t\t\t<span class='e-n-accordion-item-title-header'><div class=\"e-n-accordion-item-title-text\"> Tol\u00e9rance de poids <\/div><\/span>\n\t\t\t\t\t\t\t<span class='e-n-accordion-item-title-icon'>\n\t\t\t<span class='e-opened' ><i aria-hidden=\"true\" class=\"fas fa-minus\"><\/i><\/span>\n\t\t\t<span class='e-closed'><i aria-hidden=\"true\" class=\"fas fa-plus\"><\/i><\/span>\n\t\t<\/span>\n\n\t\t\t\t\t\t<\/summary>\n\t\t\t\t<div role=\"region\" aria-labelledby=\"e-n-accordion-item-5875\" class=\"elementor-element elementor-element-2fb1ec4b e-con-full e-flex e-con e-parent\" data-id=\"2fb1ec4b\" data-element_type=\"container\" data-e-type=\"container\">\n\t\t\t\t<div class=\"elementor-element elementor-element-43bae198 elementor-widget elementor-widget-text-editor\" data-id=\"43bae198\" data-element_type=\"widget\" data-e-type=\"widget\" data-widget_type=\"text-editor.default\">\n\t\t\t\t<div class=\"elementor-widget-container\">\n\t\t\t\t\t\t\t\t\t<p><strong>Tous les poids des Produits sont donn\u00e9s \u00e0 titre indicatif <\/strong> car ils sont susceptibles d\u2019\u00eatre modifi\u00e9s. Il peut arriver que le poids (en grammes\/kg) s\u00e9lectionn\u00e9 dans votre commande diff\u00e8re l\u00e9g\u00e8rement du poids (en grammes\/kg) affich\u00e9 au moment de la demande d\u00e9finitivement confirm\u00e9e dans notre confirmation de commande finale<\/p>\n\t\t\t\t\t\t\t\t<\/div>\n\t\t\t\t<\/div>\n\t\t\t\t<\/div>\n\t\t\t\t\t<\/details>\n\t\t\t\t\t\t<details id=\"e-n-accordion-item-5876\" class=\"e-n-accordion-item\" >\n\t\t\t\t<summary class=\"e-n-accordion-item-title\" data-accordion-index=\"7\" tabindex=\"-1\" aria-expanded=\"false\" aria-controls=\"e-n-accordion-item-5876\" >\n\t\t\t\t\t<span class='e-n-accordion-item-title-header'><div class=\"e-n-accordion-item-title-text\"> Produit et emball\u00e9 <\/div><\/span>\n\t\t\t\t\t\t\t<span class='e-n-accordion-item-title-icon'>\n\t\t\t<span class='e-opened' ><i aria-hidden=\"true\" class=\"fas fa-minus\"><\/i><\/span>\n\t\t\t<span class='e-closed'><i aria-hidden=\"true\" class=\"fas fa-plus\"><\/i><\/span>\n\t\t<\/span>\n\n\t\t\t\t\t\t<\/summary>\n\t\t\t\t<div role=\"region\" aria-labelledby=\"e-n-accordion-item-5876\" class=\"elementor-element elementor-element-1aa69484 e-con-full e-flex e-con e-parent\" data-id=\"1aa69484\" data-element_type=\"container\" data-e-type=\"container\">\n\t\t\t\t<div class=\"elementor-element elementor-element-529ce268 elementor-widget elementor-widget-text-editor\" data-id=\"529ce268\" data-element_type=\"widget\" data-e-type=\"widget\" data-widget_type=\"text-editor.default\">\n\t\t\t\t<div class=\"elementor-widget-container\">\n\t\t\t\t\t\t\t\t\tAntica Gastronomia Srl V. E. Fermi,1 62010 Mogliano (Mc)\n* Ces donn\u00e9es peuvent \u00eatre modifi\u00e9es sans pr\u00e9avis du fabricant. Date 07\/08\/2023\t\t\t\t\t\t\t\t<\/div>\n\t\t\t\t<\/div>\n\t\t\t\t<\/div>\n\t\t\t\t\t<\/details>\n\t\t\t\t\t\t<details id=\"e-n-accordion-item-5877\" class=\"e-n-accordion-item\" >\n\t\t\t\t<summary class=\"e-n-accordion-item-title\" data-accordion-index=\"8\" tabindex=\"-1\" aria-expanded=\"false\" aria-controls=\"e-n-accordion-item-5877\" >\n\t\t\t\t\t<span class='e-n-accordion-item-title-header'><div class=\"e-n-accordion-item-title-text\"> Acc\u00e8s \u00e0 l\u2019espace entreprise <\/div><\/span>\n\t\t\t\t\t\t\t<span class='e-n-accordion-item-title-icon'>\n\t\t\t<span class='e-opened' ><i aria-hidden=\"true\" class=\"fas fa-minus\"><\/i><\/span>\n\t\t\t<span class='e-closed'><i aria-hidden=\"true\" class=\"fas fa-plus\"><\/i><\/span>\n\t\t<\/span>\n\n\t\t\t\t\t\t<\/summary>\n\t\t\t\t<div role=\"region\" aria-labelledby=\"e-n-accordion-item-5877\" class=\"elementor-element elementor-element-703f1e85 e-con-full e-flex e-con e-parent\" data-id=\"703f1e85\" data-element_type=\"container\" data-e-type=\"container\">\n\t\t\t\t<div class=\"elementor-element elementor-element-4ffd7d14 elementor-widget elementor-widget-text-editor\" data-id=\"4ffd7d14\" data-element_type=\"widget\" data-e-type=\"widget\" data-widget_type=\"text-editor.default\">\n\t\t\t\t<div class=\"elementor-widget-container\">\n\t\t\t\t\t\t\t\t\t<h3>Voulez-vous commander dans le commerce ou demander un devis personnalis\u00e9?<\/h3>\n<p>Vous pouvez cliquer sur le bouton <strong><a href=\"#richiedi\">Demander<\/a><\/strong> sur la page, puis acc\u00e9der \u00e0 la page <a href=\"https:\/\/www.anticagastronomia.com\/richiesta-preventivo\/\" target=\"_blank\" rel=\"noopener\"><strong>de demande<\/strong><\/a>, emplir le formulaire pour demander des informations d\u2019identification ou sp\u00e9cifier vos demandes dans le champ \u00ab Notes \u00bb. Notre service client est \u00e0 votre disposition.<\/p>\n\t\t\t\t\t\t\t\t<\/div>\n\t\t\t\t<\/div>\n\t\t\t\t<\/div>\n\t\t\t\t\t<\/details>\n\t\t\t\t\t<\/div>\n\t\t\t\t\t\t<\/div>\n\t\t\t\t<\/div>\n\t\t\t\t<\/div>\n\t\t\t\t\t<\/div>\n\t\t\t\t<\/div>\n\t\t\t\t<\/div>\n\t\t","protected":false},"excerpt":{"rendered":"<p>Charcuterie d\u2019\u00e2ge moyen caract\u00e9ris\u00e9e par des c\u00e9r\u00e9ales secondaires provenant de viandes de porc s\u00e9lectionn\u00e9es.<\/p>\n","protected":false},"featured_media":9429,"template":"","meta":[],"product_brand":[],"product_cat":[485],"product_tag":[903],"class_list":{"0":"post-19241","1":"product","2":"type-product","3":"status-publish","4":"has-post-thumbnail","6":"product_cat-saporito","7":"product_tag-salami-fr","8":"pa_confezione-intero-bis-fr","10":"first","11":"instock","12":"taxable","13":"shipping-taxable","14":"purchasable","15":"product-type-variable"},"_links":{"self":[{"href":"https:\/\/www.anticagastronomia.com\/fr\/wp-json\/wp\/v2\/product\/19241","targetHints":{"allow":["GET"]}}],"collection":[{"href":"https:\/\/www.anticagastronomia.com\/fr\/wp-json\/wp\/v2\/product"}],"about":[{"href":"https:\/\/www.anticagastronomia.com\/fr\/wp-json\/wp\/v2\/types\/product"}],"version-history":[{"count":1,"href":"https:\/\/www.anticagastronomia.com\/fr\/wp-json\/wp\/v2\/product\/19241\/revisions"}],"predecessor-version":[{"id":19243,"href":"https:\/\/www.anticagastronomia.com\/fr\/wp-json\/wp\/v2\/product\/19241\/revisions\/19243"}],"wp:featuredmedia":[{"embeddable":true,"href":"https:\/\/www.anticagastronomia.com\/fr\/wp-json\/wp\/v2\/media\/9429"}],"wp:attachment":[{"href":"https:\/\/www.anticagastronomia.com\/fr\/wp-json\/wp\/v2\/media?parent=19241"}],"wp:term":[{"taxonomy":"product_brand","embeddable":true,"href":"https:\/\/www.anticagastronomia.com\/fr\/wp-json\/wp\/v2\/product_brand?post=19241"},{"taxonomy":"product_cat","embeddable":true,"href":"https:\/\/www.anticagastronomia.com\/fr\/wp-json\/wp\/v2\/product_cat?post=19241"},{"taxonomy":"product_tag","embeddable":true,"href":"https:\/\/www.anticagastronomia.com\/fr\/wp-json\/wp\/v2\/product_tag?post=19241"}],"curies":[{"name":"wp","href":"https:\/\/api.w.org\/{rel}","templated":true}]}}