{"id":19206,"date":"2023-10-16T10:33:16","date_gmt":"2023-10-16T10:33:16","guid":{"rendered":"https:\/\/www.anticagastronomia.com\/prodotti\/saucisson-moelleux-des-marches\/"},"modified":"2023-10-16T10:33:18","modified_gmt":"2023-10-16T10:33:18","slug":"saucisson-moelleux-des-marches","status":"publish","type":"product","link":"https:\/\/www.anticagastronomia.com\/fr\/prodotti\/saucisson-moelleux-des-marches\/","title":{"rendered":"Saucisson moelleux des Marches"},"content":{"rendered":"\t\t<div data-elementor-type=\"product-post\" data-elementor-id=\"19206\" class=\"elementor elementor-19206 elementor-8583\" data-elementor-post-type=\"product\">\n\t\t\t\t<div class=\"elementor-element elementor-element-43643319 e-flex e-con-boxed e-con e-parent\" data-id=\"43643319\" data-element_type=\"container\" data-e-type=\"container\" data-settings=\"{&quot;background_background&quot;:&quot;classic&quot;}\">\n\t\t\t\t\t<div class=\"e-con-inner\">\n\t\t<div class=\"elementor-element elementor-element-599fb9e2 e-con-full e-flex e-con e-parent\" data-id=\"599fb9e2\" data-element_type=\"container\" data-e-type=\"container\">\n\t\t\t\t<div class=\"elementor-element elementor-element-417dfe52 elementor-widget elementor-widget-woocommerce-product-title elementor-page-title elementor-widget-heading\" data-id=\"417dfe52\" data-element_type=\"widget\" data-e-type=\"widget\" data-widget_type=\"woocommerce-product-title.default\">\n\t\t\t\t<div class=\"elementor-widget-container\">\n\t\t\t\t\t<h1 class=\"product_title entry-title elementor-heading-title elementor-size-default\">Saucisson moelleux des Marches<\/h1>\t\t\t\t<\/div>\n\t\t\t\t<\/div>\n\t\t\t\t<div class=\"elementor-element elementor-element-514c03c3 elementor-widget elementor-widget-Table\" data-id=\"514c03c3\" data-element_type=\"widget\" data-e-type=\"widget\" data-widget_type=\"Table.default\">\n\t\t\t\t<div class=\"elementor-widget-container\">\n\t\t\t\t\t\t\t<table class=\"tafe-table \">\n\t\t\t<thead  class=\"tafe-table-header\">\n\t\t\t\t<tr>\n\t\t\t\t\t<th class=\"elementor-inline-editing elementor-repeater-item-a11eddb\"  colSpan=\"2\" >Valeurs nutritionnelles pour 100g<\/th>\t\t\t\t<\/tr>\n\t\t\t<\/thead>\n\t\t\t\t\t\t<tbody class=\"tafe-table-body\">\n\t\t\t\t<tr>\n\t\t\t\t\t<td data-label=\"Valeurs nutritionnelles pour 100g\"   class=\"elementor-repeater-item-9197e2f td-content-type-default\" >\u00c9nergie<\/td><td data-label=\"\"   class=\"elementor-repeater-item-c5cace3 td-content-type-default\" >kJ 1972\/Kcal 477<\/td><\/tr><tr><td data-label=\"Valeurs nutritionnelles pour 100g\"   class=\"elementor-repeater-item-04d3edd td-content-type-default\" >Graisse<\/td><td data-label=\"\"   class=\"elementor-repeater-item-8dc0bd1 td-content-type-default\" >46 g<\/td><\/tr><tr><td data-label=\"Valeurs nutritionnelles pour 100g\"   class=\"elementor-repeater-item-5098ae7 td-content-type-default\" >dont acides gras satur\u00e9s<\/td><td data-label=\"\"   class=\"elementor-repeater-item-8847d8f td-content-type-default\" >16 g<\/td><\/tr><tr><td data-label=\"Valeurs nutritionnelles pour 100g\"   class=\"elementor-repeater-item-28ee6f4 td-content-type-default\" >Glucides<\/td><td data-label=\"\"   class=\"elementor-repeater-item-3de998d td-content-type-default\" >0.7 g<\/td><\/tr><tr><td data-label=\"Valeurs nutritionnelles pour 100g\"   class=\"elementor-repeater-item-f7f80ee td-content-type-default\" >dont sucres<\/td><td data-label=\"\"   class=\"elementor-repeater-item-788a660 td-content-type-default\" >0 g<\/td><\/tr><tr><td data-label=\"Valeurs nutritionnelles pour 100g\"   class=\"elementor-repeater-item-d427318 td-content-type-default\" >Fibres<\/td><td data-label=\"\"   class=\"elementor-repeater-item-ca0dac4 td-content-type-default\" >0 g<\/td><\/tr><tr><td data-label=\"Valeurs nutritionnelles pour 100g\"   class=\"elementor-repeater-item-0c1b84a td-content-type-default\" >Prot\u00e9ine<\/td><td data-label=\"\"   class=\"elementor-repeater-item-0b8a12b td-content-type-default\" >15 g<\/td><\/tr><tr><td data-label=\"Valeurs nutritionnelles pour 100g\"   class=\"elementor-repeater-item-41d6a2b td-content-type-default\" >Sel<\/td><td data-label=\"\"   class=\"elementor-repeater-item-5f819fa td-content-type-default\" >2.6 g<\/td>\t\t\t\t<\/tr>\n\t\t\t<\/tbody>\n\t\t<\/table>\n\t\t\n\t\t\t\t\t\t<\/div>\n\t\t\t\t<\/div>\n\t\t\t\t<\/div>\n\t\t<div class=\"elementor-element elementor-element-534e8f29 e-con-full e-flex e-con e-parent\" data-id=\"534e8f29\" data-element_type=\"container\" data-e-type=\"container\">\n\t\t\t\t<div class=\"elementor-element elementor-element-1049e3bd elementor-widget elementor-widget-n-accordion\" data-id=\"1049e3bd\" data-element_type=\"widget\" data-e-type=\"widget\" data-settings=\"{&quot;default_state&quot;:&quot;expanded&quot;,&quot;max_items_expended&quot;:&quot;one&quot;,&quot;n_accordion_animation_duration&quot;:{&quot;unit&quot;:&quot;ms&quot;,&quot;size&quot;:400,&quot;sizes&quot;:[]}}\" data-widget_type=\"nested-accordion.default\">\n\t\t\t\t<div class=\"elementor-widget-container\">\n\t\t\t\t\t\t\t<div class=\"e-n-accordion\" aria-label=\"Accordion. Open links with Enter or Space, close with Escape, and navigate with Arrow Keys\">\n\t\t\t\t\t\t<details id=\"e-n-accordion-item-2730\" class=\"e-n-accordion-item\" open>\n\t\t\t\t<summary class=\"e-n-accordion-item-title\" data-accordion-index=\"1\" tabindex=\"0\" aria-expanded=\"true\" aria-controls=\"e-n-accordion-item-2730\" >\n\t\t\t\t\t<span class='e-n-accordion-item-title-header'><div class=\"e-n-accordion-item-title-text\"> Ingr\u00e9dients <\/div><\/span>\n\t\t\t\t\t\t\t<span class='e-n-accordion-item-title-icon'>\n\t\t\t<span class='e-opened' ><i aria-hidden=\"true\" class=\"fas fa-minus\"><\/i><\/span>\n\t\t\t<span class='e-closed'><i aria-hidden=\"true\" class=\"fas fa-plus\"><\/i><\/span>\n\t\t<\/span>\n\n\t\t\t\t\t\t<\/summary>\n\t\t\t\t<div role=\"region\" aria-labelledby=\"e-n-accordion-item-2730\" class=\"elementor-element elementor-element-53f6caa9 e-con-full e-flex e-con e-parent\" data-id=\"53f6caa9\" data-element_type=\"container\" data-e-type=\"container\">\n\t\t\t\t<div class=\"elementor-element elementor-element-1a835635 elementor-widget elementor-widget-text-editor\" data-id=\"1a835635\" data-element_type=\"widget\" data-e-type=\"widget\" data-widget_type=\"text-editor.default\">\n\t\t\t\t<div class=\"elementor-widget-container\">\n\t\t\t\t\t\t\t\t\t<p>Porc, Sel, Vin, Saccharose, Poivre noir, Antioxydants : Acide ascorbique, Ail, Conservateurs : Nitrate de potassium.<\/p>\n\t\t\t\t\t\t\t\t<\/div>\n\t\t\t\t<\/div>\n\t\t\t\t<\/div>\n\t\t\t\t\t<\/details>\n\t\t\t\t\t\t<details id=\"e-n-accordion-item-2731\" class=\"e-n-accordion-item\" >\n\t\t\t\t<summary class=\"e-n-accordion-item-title\" data-accordion-index=\"2\" tabindex=\"-1\" aria-expanded=\"false\" aria-controls=\"e-n-accordion-item-2731\" >\n\t\t\t\t\t<span class='e-n-accordion-item-title-header'><div class=\"e-n-accordion-item-title-text\"> Conditions de stockage  <\/div><\/span>\n\t\t\t\t\t\t\t<span class='e-n-accordion-item-title-icon'>\n\t\t\t<span class='e-opened' ><i aria-hidden=\"true\" class=\"fas fa-minus\"><\/i><\/span>\n\t\t\t<span class='e-closed'><i aria-hidden=\"true\" class=\"fas fa-plus\"><\/i><\/span>\n\t\t<\/span>\n\n\t\t\t\t\t\t<\/summary>\n\t\t\t\t<div role=\"region\" aria-labelledby=\"e-n-accordion-item-2731\" class=\"elementor-element elementor-element-3968e0a3 e-con-full e-flex e-con e-parent\" data-id=\"3968e0a3\" data-element_type=\"container\" data-e-type=\"container\">\n\t\t\t\t<div class=\"elementor-element elementor-element-5fa19f1 elementor-widget elementor-widget-text-editor\" data-id=\"5fa19f1\" data-element_type=\"widget\" data-e-type=\"widget\" data-widget_type=\"text-editor.default\">\n\t\t\t\t<div class=\"elementor-widget-container\">\n\t\t\t\t\t\t\t\t\t<p>Dans un endroit frais et sec.<\/p>\n\t\t\t\t\t\t\t\t<\/div>\n\t\t\t\t<\/div>\n\t\t\t\t<\/div>\n\t\t\t\t\t<\/details>\n\t\t\t\t\t\t<details id=\"e-n-accordion-item-2732\" class=\"e-n-accordion-item\" >\n\t\t\t\t<summary class=\"e-n-accordion-item-title\" data-accordion-index=\"3\" tabindex=\"-1\" aria-expanded=\"false\" aria-controls=\"e-n-accordion-item-2732\" >\n\t\t\t\t\t<span class='e-n-accordion-item-title-header'><div class=\"e-n-accordion-item-title-text\"> Mode d\u2019emploi <\/div><\/span>\n\t\t\t\t\t\t\t<span class='e-n-accordion-item-title-icon'>\n\t\t\t<span class='e-opened' ><i aria-hidden=\"true\" class=\"fas fa-minus\"><\/i><\/span>\n\t\t\t<span class='e-closed'><i aria-hidden=\"true\" class=\"fas fa-plus\"><\/i><\/span>\n\t\t<\/span>\n\n\t\t\t\t\t\t<\/summary>\n\t\t\t\t<div role=\"region\" aria-labelledby=\"e-n-accordion-item-2732\" class=\"elementor-element elementor-element-4afb9dd9 e-con-full e-flex e-con e-parent\" data-id=\"4afb9dd9\" data-element_type=\"container\" data-e-type=\"container\">\n\t\t\t\t<div class=\"elementor-element elementor-element-778c7a9b elementor-widget elementor-widget-text-editor\" data-id=\"778c7a9b\" data-element_type=\"widget\" data-e-type=\"widget\" data-widget_type=\"text-editor.default\">\n\t\t\t\t<div class=\"elementor-widget-container\">\n\t\t\t\t\t\t\t\t\t<p>Le \u00ab Saucisson moelleux des Marches \u00bb doit \u00eatre consomm\u00e9 tartin\u00e9 sur du pain, peut-\u00eatre fait maison ou cuit au four \u00e0 bois ou \u00e9tal\u00e9 sur du pain fra\u00eechement grill\u00e9, jusqu\u2019\u00e0 ce que le produit soit frais ou comme un salami normal s\u2019il est assaisonn\u00e9. Les qualit\u00e9s du \u00ab Salame Morbido Marchigiano \u00bb sont mises en valeur en combinaison avec les l\u00e9gumes grill\u00e9s \u00e0 l\u2019huile \u00ab Gastronomia delle Marche \u00bb et l\u2019excellent vin blanc \u00ab Verdicchio dei Castelli di Jesi \u00bb.<\/p>\n\t\t\t\t\t\t\t\t<\/div>\n\t\t\t\t<\/div>\n\t\t\t\t<\/div>\n\t\t\t\t\t<\/details>\n\t\t\t\t\t\t<details id=\"e-n-accordion-item-2733\" class=\"e-n-accordion-item\" >\n\t\t\t\t<summary class=\"e-n-accordion-item-title\" data-accordion-index=\"4\" tabindex=\"-1\" aria-expanded=\"false\" aria-controls=\"e-n-accordion-item-2733\" >\n\t\t\t\t\t<span class='e-n-accordion-item-title-header'><div class=\"e-n-accordion-item-title-text\"> Tableau des allerg\u00e8nes <\/div><\/span>\n\t\t\t\t\t\t\t<span class='e-n-accordion-item-title-icon'>\n\t\t\t<span class='e-opened' ><i aria-hidden=\"true\" class=\"fas fa-minus\"><\/i><\/span>\n\t\t\t<span class='e-closed'><i aria-hidden=\"true\" class=\"fas fa-plus\"><\/i><\/span>\n\t\t<\/span>\n\n\t\t\t\t\t\t<\/summary>\n\t\t\t\t<div role=\"region\" aria-labelledby=\"e-n-accordion-item-2733\" class=\"elementor-element elementor-element-5e120c8 e-con-full e-flex e-con e-parent\" data-id=\"5e120c8\" data-element_type=\"container\" data-e-type=\"container\">\n\t\t\t\t<div class=\"elementor-element elementor-element-867468b elementor-widget elementor-widget-text-editor\" data-id=\"867468b\" data-element_type=\"widget\" data-e-type=\"widget\" data-widget_type=\"text-editor.default\">\n\t\t\t\t<div class=\"elementor-widget-container\">\n\t\t\t\t\t\t\t\t\t<p>Pr\u00e9sence de : Dioxyde de soufre et sulfites.<\/p>\n\t\t\t\t\t\t\t\t<\/div>\n\t\t\t\t<\/div>\n\t\t\t\t<\/div>\n\t\t\t\t\t<\/details>\n\t\t\t\t\t\t<details id=\"e-n-accordion-item-2734\" class=\"e-n-accordion-item\" >\n\t\t\t\t<summary class=\"e-n-accordion-item-title\" data-accordion-index=\"5\" tabindex=\"-1\" aria-expanded=\"false\" aria-controls=\"e-n-accordion-item-2734\" >\n\t\t\t\t\t<span class='e-n-accordion-item-title-header'><div class=\"e-n-accordion-item-title-text\"> Emballage <\/div><\/span>\n\t\t\t\t\t\t\t<span class='e-n-accordion-item-title-icon'>\n\t\t\t<span class='e-opened' ><i aria-hidden=\"true\" class=\"fas fa-minus\"><\/i><\/span>\n\t\t\t<span class='e-closed'><i aria-hidden=\"true\" class=\"fas fa-plus\"><\/i><\/span>\n\t\t<\/span>\n\n\t\t\t\t\t\t<\/summary>\n\t\t\t\t<div role=\"region\" aria-labelledby=\"e-n-accordion-item-2734\" class=\"elementor-element elementor-element-ea9434d e-con-full e-flex e-con e-parent\" data-id=\"ea9434d\" data-element_type=\"container\" data-e-type=\"container\">\n\t\t\t\t<div class=\"elementor-element elementor-element-709bc0d0 elementor-widget elementor-widget-text-editor\" data-id=\"709bc0d0\" data-element_type=\"widget\" data-e-type=\"widget\" data-widget_type=\"text-editor.default\">\n\t\t\t\t<div class=\"elementor-widget-container\">\n\t\t\t\t\t\t\t\t\t<p>Conforme \u00e0 la r\u00e9glementation D.M. 21.3.1973, Reg. CE n. 1935\/2004, Reg. CE n. 1895\/2005, Reg. CE n. 10\/2011 e s.m.i.<\/p>\n\t\t\t\t\t\t\t\t<\/div>\n\t\t\t\t<\/div>\n\t\t\t\t<\/div>\n\t\t\t\t\t<\/details>\n\t\t\t\t\t\t<details id=\"e-n-accordion-item-2735\" class=\"e-n-accordion-item\" >\n\t\t\t\t<summary class=\"e-n-accordion-item-title\" data-accordion-index=\"6\" tabindex=\"-1\" aria-expanded=\"false\" aria-controls=\"e-n-accordion-item-2735\" >\n\t\t\t\t\t<span class='e-n-accordion-item-title-header'><div class=\"e-n-accordion-item-title-text\"> Tol\u00e9rance de poids <\/div><\/span>\n\t\t\t\t\t\t\t<span class='e-n-accordion-item-title-icon'>\n\t\t\t<span class='e-opened' ><i aria-hidden=\"true\" class=\"fas fa-minus\"><\/i><\/span>\n\t\t\t<span class='e-closed'><i aria-hidden=\"true\" class=\"fas fa-plus\"><\/i><\/span>\n\t\t<\/span>\n\n\t\t\t\t\t\t<\/summary>\n\t\t\t\t<div role=\"region\" aria-labelledby=\"e-n-accordion-item-2735\" class=\"elementor-element elementor-element-6a60d9e5 e-con-full e-flex e-con e-parent\" data-id=\"6a60d9e5\" data-element_type=\"container\" data-e-type=\"container\">\n\t\t\t\t<div class=\"elementor-element elementor-element-32d90b98 elementor-widget elementor-widget-text-editor\" data-id=\"32d90b98\" data-element_type=\"widget\" data-e-type=\"widget\" data-widget_type=\"text-editor.default\">\n\t\t\t\t<div class=\"elementor-widget-container\">\n\t\t\t\t\t\t\t\t\t<p><strong>Tous les poids des Produits sont donn\u00e9s \u00e0 titre indicatif <\/strong> car ils sont susceptibles d\u2019\u00eatre modifi\u00e9s. Il peut arriver que le poids (en grammes\/kg) s\u00e9lectionn\u00e9 dans votre commande diff\u00e8re l\u00e9g\u00e8rement du poids (en grammes\/kg) affich\u00e9 au moment de la demande d\u00e9finitivement confirm\u00e9e dans notre confirmation de commande finale<\/p>\n\t\t\t\t\t\t\t\t<\/div>\n\t\t\t\t<\/div>\n\t\t\t\t<\/div>\n\t\t\t\t\t<\/details>\n\t\t\t\t\t\t<details id=\"e-n-accordion-item-2736\" class=\"e-n-accordion-item\" >\n\t\t\t\t<summary class=\"e-n-accordion-item-title\" data-accordion-index=\"7\" tabindex=\"-1\" aria-expanded=\"false\" aria-controls=\"e-n-accordion-item-2736\" >\n\t\t\t\t\t<span class='e-n-accordion-item-title-header'><div class=\"e-n-accordion-item-title-text\"> Produit et emball\u00e9 <\/div><\/span>\n\t\t\t\t\t\t\t<span class='e-n-accordion-item-title-icon'>\n\t\t\t<span class='e-opened' ><i aria-hidden=\"true\" class=\"fas fa-minus\"><\/i><\/span>\n\t\t\t<span class='e-closed'><i aria-hidden=\"true\" class=\"fas fa-plus\"><\/i><\/span>\n\t\t<\/span>\n\n\t\t\t\t\t\t<\/summary>\n\t\t\t\t<div role=\"region\" aria-labelledby=\"e-n-accordion-item-2736\" class=\"elementor-element elementor-element-69753caf e-con-full e-flex e-con e-parent\" data-id=\"69753caf\" data-element_type=\"container\" data-e-type=\"container\">\n\t\t\t\t<div class=\"elementor-element elementor-element-6ea6ac5f elementor-widget elementor-widget-text-editor\" data-id=\"6ea6ac5f\" data-element_type=\"widget\" data-e-type=\"widget\" data-widget_type=\"text-editor.default\">\n\t\t\t\t<div class=\"elementor-widget-container\">\n\t\t\t\t\t\t\t\t\tAntica Gastronomia Srl V. E. Fermi,1 62010 Mogliano (Mc)\n* Ces donn\u00e9es peuvent \u00eatre modifi\u00e9es sans pr\u00e9avis du fabricant. Date 07\/08\/2023\t\t\t\t\t\t\t\t<\/div>\n\t\t\t\t<\/div>\n\t\t\t\t<\/div>\n\t\t\t\t\t<\/details>\n\t\t\t\t\t\t<details id=\"e-n-accordion-item-2737\" class=\"e-n-accordion-item\" >\n\t\t\t\t<summary class=\"e-n-accordion-item-title\" data-accordion-index=\"8\" tabindex=\"-1\" aria-expanded=\"false\" aria-controls=\"e-n-accordion-item-2737\" >\n\t\t\t\t\t<span class='e-n-accordion-item-title-header'><div class=\"e-n-accordion-item-title-text\"> Acc\u00e8s \u00e0 l\u2019espace entreprise <\/div><\/span>\n\t\t\t\t\t\t\t<span class='e-n-accordion-item-title-icon'>\n\t\t\t<span class='e-opened' ><i aria-hidden=\"true\" class=\"fas fa-minus\"><\/i><\/span>\n\t\t\t<span class='e-closed'><i aria-hidden=\"true\" class=\"fas fa-plus\"><\/i><\/span>\n\t\t<\/span>\n\n\t\t\t\t\t\t<\/summary>\n\t\t\t\t<div role=\"region\" aria-labelledby=\"e-n-accordion-item-2737\" class=\"elementor-element elementor-element-64b651a e-con-full e-flex e-con e-parent\" data-id=\"64b651a\" data-element_type=\"container\" data-e-type=\"container\">\n\t\t\t\t<div class=\"elementor-element elementor-element-24855e42 elementor-widget elementor-widget-text-editor\" data-id=\"24855e42\" data-element_type=\"widget\" data-e-type=\"widget\" data-widget_type=\"text-editor.default\">\n\t\t\t\t<div class=\"elementor-widget-container\">\n\t\t\t\t\t\t\t\t\t<h3>Voulez-vous commander dans le commerce ou demander un devis personnalis\u00e9?<\/h3>\n<p>Vous pouvez cliquer sur le bouton <strong><a href=\"#richiedi\">Demander<\/a><\/strong> sur la page, puis acc\u00e9der \u00e0 la page <a href=\"https:\/\/www.anticagastronomia.com\/richiesta-preventivo\/\" target=\"_blank\" rel=\"noopener\"><strong>de demande<\/strong><\/a>, emplir le formulaire pour demander des informations d\u2019identification ou sp\u00e9cifier vos demandes dans le champ \u00ab Notes \u00bb. Notre service client est \u00e0 votre disposition.<\/p>\n\t\t\t\t\t\t\t\t<\/div>\n\t\t\t\t<\/div>\n\t\t\t\t<\/div>\n\t\t\t\t\t<\/details>\n\t\t\t\t\t<\/div>\n\t\t\t\t\t\t<\/div>\n\t\t\t\t<\/div>\n\t\t\t\t<\/div>\n\t\t\t\t\t<\/div>\n\t\t\t\t<\/div>\n\t\t\t\t<\/div>\n\t\t","protected":false},"excerpt":{"rendered":"<p>Charcuterie de porc \u00e0 la texture et au go\u00fbt particuli\u00e8rement moelleux.<\/p>\n","protected":false},"featured_media":9365,"template":"","meta":[],"product_brand":[],"product_cat":[485],"product_tag":[903],"class_list":{"0":"post-19206","1":"product","2":"type-product","3":"status-publish","4":"has-post-thumbnail","6":"product_cat-saporito","7":"product_tag-salami-fr","8":"pa_confezione-mezzo-sv-fr","9":"pa_confezione-intero-bis-fr","10":"pa_confezione-intero-sv-fr","11":"pa_confezione-famiglia-fr","12":"pa_confezione-gigante-fr","14":"first","15":"instock","16":"taxable","17":"shipping-taxable","18":"purchasable","19":"product-type-variable"},"_links":{"self":[{"href":"https:\/\/www.anticagastronomia.com\/fr\/wp-json\/wp\/v2\/product\/19206","targetHints":{"allow":["GET"]}}],"collection":[{"href":"https:\/\/www.anticagastronomia.com\/fr\/wp-json\/wp\/v2\/product"}],"about":[{"href":"https:\/\/www.anticagastronomia.com\/fr\/wp-json\/wp\/v2\/types\/product"}],"version-history":[{"count":1,"href":"https:\/\/www.anticagastronomia.com\/fr\/wp-json\/wp\/v2\/product\/19206\/revisions"}],"predecessor-version":[{"id":19212,"href":"https:\/\/www.anticagastronomia.com\/fr\/wp-json\/wp\/v2\/product\/19206\/revisions\/19212"}],"wp:featuredmedia":[{"embeddable":true,"href":"https:\/\/www.anticagastronomia.com\/fr\/wp-json\/wp\/v2\/media\/9365"}],"wp:attachment":[{"href":"https:\/\/www.anticagastronomia.com\/fr\/wp-json\/wp\/v2\/media?parent=19206"}],"wp:term":[{"taxonomy":"product_brand","embeddable":true,"href":"https:\/\/www.anticagastronomia.com\/fr\/wp-json\/wp\/v2\/product_brand?post=19206"},{"taxonomy":"product_cat","embeddable":true,"href":"https:\/\/www.anticagastronomia.com\/fr\/wp-json\/wp\/v2\/product_cat?post=19206"},{"taxonomy":"product_tag","embeddable":true,"href":"https:\/\/www.anticagastronomia.com\/fr\/wp-json\/wp\/v2\/product_tag?post=19206"}],"curies":[{"name":"wp","href":"https:\/\/api.w.org\/{rel}","templated":true}]}}