{"id":19073,"date":"2023-10-13T15:53:17","date_gmt":"2023-10-13T15:53:17","guid":{"rendered":"https:\/\/www.anticagastronomia.com\/prodotti\/olive-allascolana-frites\/"},"modified":"2023-10-13T15:53:18","modified_gmt":"2023-10-13T15:53:18","slug":"olive-allascolana-frites","status":"publish","type":"product","link":"https:\/\/www.anticagastronomia.com\/fr\/prodotti\/olive-allascolana-frites\/","title":{"rendered":"Olive all&rsquo;Ascolana frites"},"content":{"rendered":"\t\t<div data-elementor-type=\"product-post\" data-elementor-id=\"19073\" class=\"elementor elementor-19073 elementor-8808\" data-elementor-post-type=\"product\">\n\t\t\t\t<div class=\"elementor-element elementor-element-27945276 e-flex e-con-boxed e-con e-parent\" data-id=\"27945276\" data-element_type=\"container\" data-e-type=\"container\" data-settings=\"{&quot;background_background&quot;:&quot;classic&quot;}\">\n\t\t\t\t\t<div class=\"e-con-inner\">\n\t\t<div class=\"elementor-element elementor-element-1d04ee7b e-con-full e-flex e-con e-parent\" data-id=\"1d04ee7b\" data-element_type=\"container\" data-e-type=\"container\">\n\t\t\t\t<div class=\"elementor-element elementor-element-7c6c47d1 elementor-widget elementor-widget-woocommerce-product-title elementor-page-title elementor-widget-heading\" data-id=\"7c6c47d1\" data-element_type=\"widget\" data-e-type=\"widget\" data-widget_type=\"woocommerce-product-title.default\">\n\t\t\t\t<div class=\"elementor-widget-container\">\n\t\t\t\t\t<h1 class=\"product_title entry-title elementor-heading-title elementor-size-default\">Olive all&rsquo;Ascolana frites<\/h1>\t\t\t\t<\/div>\n\t\t\t\t<\/div>\n\t\t\t\t<div class=\"elementor-element elementor-element-6d611147 elementor-widget elementor-widget-Table\" data-id=\"6d611147\" data-element_type=\"widget\" data-e-type=\"widget\" data-widget_type=\"Table.default\">\n\t\t\t\t<div class=\"elementor-widget-container\">\n\t\t\t\t\t\t\t<table class=\"tafe-table \">\n\t\t\t<thead  class=\"tafe-table-header\">\n\t\t\t\t<tr>\n\t\t\t\t\t<th class=\"elementor-inline-editing elementor-repeater-item-a11eddb\"  colSpan=\"2\" >Valeurs nutritionnelles pour 100g<\/th>\t\t\t\t<\/tr>\n\t\t\t<\/thead>\n\t\t\t\t\t\t<tbody class=\"tafe-table-body\">\n\t\t\t\t<tr>\n\t\t\t\t\t<td data-label=\"Valeurs nutritionnelles pour 100g\"   class=\"elementor-repeater-item-9197e2f td-content-type-default\" >\u00c9nergie<\/td><td data-label=\"\"   class=\"elementor-repeater-item-c5cace3 td-content-type-default\" >kJ 1019\/Kcal 243<\/td><\/tr><tr><td data-label=\"Valeurs nutritionnelles pour 100g\"   class=\"elementor-repeater-item-04d3edd td-content-type-default\" >Graisse<\/td><td data-label=\"\"   class=\"elementor-repeater-item-8dc0bd1 td-content-type-default\" >10 g<\/td><\/tr><tr><td data-label=\"Valeurs nutritionnelles pour 100g\"   class=\"elementor-repeater-item-5098ae7 td-content-type-default\" >dont acides gras satur\u00e9s<\/td><td data-label=\"\"   class=\"elementor-repeater-item-8847d8f td-content-type-default\" >3.3 g<\/td><\/tr><tr><td data-label=\"Valeurs nutritionnelles pour 100g\"   class=\"elementor-repeater-item-28ee6f4 td-content-type-default\" >Glucides<\/td><td data-label=\"\"   class=\"elementor-repeater-item-3de998d td-content-type-default\" >28 g<\/td><\/tr><tr><td data-label=\"Valeurs nutritionnelles pour 100g\"   class=\"elementor-repeater-item-f7f80ee td-content-type-default\" >dont sucres<\/td><td data-label=\"\"   class=\"elementor-repeater-item-788a660 td-content-type-default\" >2.9 g<\/td><\/tr><tr><td data-label=\"Valeurs nutritionnelles pour 100g\"   class=\"elementor-repeater-item-d427318 td-content-type-default\" >Fibres<\/td><td data-label=\"\"   class=\"elementor-repeater-item-ca0dac4 td-content-type-default\" >1.9 g<\/td><\/tr><tr><td data-label=\"Valeurs nutritionnelles pour 100g\"   class=\"elementor-repeater-item-0c1b84a td-content-type-default\" >Prot\u00e9ine<\/td><td data-label=\"\"   class=\"elementor-repeater-item-0b8a12b td-content-type-default\" >9.3 g<\/td><\/tr><tr><td data-label=\"Valeurs nutritionnelles pour 100g\"   class=\"elementor-repeater-item-41d6a2b td-content-type-default\" >Sel<\/td><td data-label=\"\"   class=\"elementor-repeater-item-5f819fa td-content-type-default\" >2.1 g<\/td>\t\t\t\t<\/tr>\n\t\t\t<\/tbody>\n\t\t<\/table>\n\t\t\n\t\t\t\t\t\t<\/div>\n\t\t\t\t<\/div>\n\t\t\t\t<\/div>\n\t\t<div class=\"elementor-element elementor-element-8e42a8b e-con-full e-flex e-con e-parent\" data-id=\"8e42a8b\" data-element_type=\"container\" data-e-type=\"container\">\n\t\t\t\t<div class=\"elementor-element elementor-element-3e847670 elementor-widget elementor-widget-n-accordion\" data-id=\"3e847670\" data-element_type=\"widget\" data-e-type=\"widget\" data-settings=\"{&quot;default_state&quot;:&quot;expanded&quot;,&quot;max_items_expended&quot;:&quot;one&quot;,&quot;n_accordion_animation_duration&quot;:{&quot;unit&quot;:&quot;ms&quot;,&quot;size&quot;:400,&quot;sizes&quot;:[]}}\" data-widget_type=\"nested-accordion.default\">\n\t\t\t\t<div class=\"elementor-widget-container\">\n\t\t\t\t\t\t\t<div class=\"e-n-accordion\" aria-label=\"Accordion. Open links with Enter or Space, close with Escape, and navigate with Arrow Keys\">\n\t\t\t\t\t\t<details id=\"e-n-accordion-item-1040\" class=\"e-n-accordion-item\" open>\n\t\t\t\t<summary class=\"e-n-accordion-item-title\" data-accordion-index=\"1\" tabindex=\"0\" aria-expanded=\"true\" aria-controls=\"e-n-accordion-item-1040\" >\n\t\t\t\t\t<span class='e-n-accordion-item-title-header'><div class=\"e-n-accordion-item-title-text\"> Ingr\u00e9dients <\/div><\/span>\n\t\t\t\t\t\t\t<span class='e-n-accordion-item-title-icon'>\n\t\t\t<span class='e-opened' ><i aria-hidden=\"true\" class=\"fas fa-minus\"><\/i><\/span>\n\t\t\t<span class='e-closed'><i aria-hidden=\"true\" class=\"fas fa-plus\"><\/i><\/span>\n\t\t<\/span>\n\n\t\t\t\t\t\t<\/summary>\n\t\t\t\t<div role=\"region\" aria-labelledby=\"e-n-accordion-item-1040\" class=\"elementor-element elementor-element-21b3d413 e-con-full e-flex e-con e-parent\" data-id=\"21b3d413\" data-element_type=\"container\" data-e-type=\"container\">\n\t\t\t\t<div class=\"elementor-element elementor-element-7b18a944 elementor-widget elementor-widget-text-editor\" data-id=\"7b18a944\" data-element_type=\"widget\" data-e-type=\"widget\" data-widget_type=\"text-editor.default\">\n\t\t\t\t<div class=\"elementor-widget-container\">\n\t\t\t\t\t\t\t\t\t<p>OLIVE ALL\u2019ASCOLANA (Garniture 34%:[viande cuite (b\u0153uf 14%, porc 10%), produit de viande cuite (porc, sel, dextrose, \u00e9pices, antioxydant: \u00e9rythorbate de sodium, conservateur: nitrite de sodium), farine <strong>SOJA,<\/strong> flocon de pomme de terre (pommes de terre d\u00e9shydrat\u00e9es 99%, \u00e9mulsifiant: mono et diglyc\u00e9rides d\u2019acides gras de l\u2019huile de tournesol), <strong>Grana Padano<\/strong> AOP et fromage (<strong>LAIT<\/strong>, sel, pr\u00e9sure, ferments lactiques, conservateur : lysozyme de <strong>OEUF<\/strong>), carotte, <strong>c\u00e9leri),<\/strong>, oignon, tomate (pulpe de tomate), <strong>OEUF<\/strong>, huile d\u2019olive vierge extra, huile de tournesol, vin (SULFITES), zeste de citron, sel, poivre noir, graines de fenouil, noix de muscade, cumin, coriandre, antiagglom\u00e9rant: dioxyde de silicium]. Olives vertes d\u00e9noyaut\u00e9es 33% (olives, sel, r\u00e9gulateur d\u2019acidit\u00e9: acide citrique, conservateur: acide lactique). Panure 33% [produit semi-fini pour panure (farine de <strong>BL\u00c9<\/strong> tendre type \u00ab 0 \u00bb, eau, levure de bi\u00e8re, sel, curcuma, paprika), eau, farine de <strong>BL\u00c9<\/strong> tendre type \u00ab 0 \u00bb, g d\u2019huile de graines) (103,1 g)*.<\/p>\n\t\t\t\t\t\t\t\t<\/div>\n\t\t\t\t<\/div>\n\t\t\t\t<\/div>\n\t\t\t\t\t<\/details>\n\t\t\t\t\t\t<details id=\"e-n-accordion-item-1041\" class=\"e-n-accordion-item\" >\n\t\t\t\t<summary class=\"e-n-accordion-item-title\" data-accordion-index=\"2\" tabindex=\"-1\" aria-expanded=\"false\" aria-controls=\"e-n-accordion-item-1041\" >\n\t\t\t\t\t<span class='e-n-accordion-item-title-header'><div class=\"e-n-accordion-item-title-text\"> Conditions de stockage  <\/div><\/span>\n\t\t\t\t\t\t\t<span class='e-n-accordion-item-title-icon'>\n\t\t\t<span class='e-opened' ><i aria-hidden=\"true\" class=\"fas fa-minus\"><\/i><\/span>\n\t\t\t<span class='e-closed'><i aria-hidden=\"true\" class=\"fas fa-plus\"><\/i><\/span>\n\t\t<\/span>\n\n\t\t\t\t\t\t<\/summary>\n\t\t\t\t<div role=\"region\" aria-labelledby=\"e-n-accordion-item-1041\" class=\"elementor-element elementor-element-4f4e617f e-con-full e-flex e-con e-parent\" data-id=\"4f4e617f\" data-element_type=\"container\" data-e-type=\"container\">\n\t\t\t\t<div class=\"elementor-element elementor-element-36e539ea elementor-widget elementor-widget-text-editor\" data-id=\"36e539ea\" data-element_type=\"widget\" data-e-type=\"widget\" data-widget_type=\"text-editor.default\">\n\t\t\t\t<div class=\"elementor-widget-container\">\n\t\t\t\t\t\t\t\t\t<p>Au r\u00e9frig\u00e9rateur \u00e0 une temp\u00e9rature comprise entre 0\u00b0C + 4\u00b0C. Consommez le produit dans les 5 jours suivant l\u2019ouverture de l\u2019emballage.<\/p>\n\t\t\t\t\t\t\t\t<\/div>\n\t\t\t\t<\/div>\n\t\t\t\t<\/div>\n\t\t\t\t\t<\/details>\n\t\t\t\t\t\t<details id=\"e-n-accordion-item-1042\" class=\"e-n-accordion-item\" >\n\t\t\t\t<summary class=\"e-n-accordion-item-title\" data-accordion-index=\"3\" tabindex=\"-1\" aria-expanded=\"false\" aria-controls=\"e-n-accordion-item-1042\" >\n\t\t\t\t\t<span class='e-n-accordion-item-title-header'><div class=\"e-n-accordion-item-title-text\"> Mode d\u2019emploi <\/div><\/span>\n\t\t\t\t\t\t\t<span class='e-n-accordion-item-title-icon'>\n\t\t\t<span class='e-opened' ><i aria-hidden=\"true\" class=\"fas fa-minus\"><\/i><\/span>\n\t\t\t<span class='e-closed'><i aria-hidden=\"true\" class=\"fas fa-plus\"><\/i><\/span>\n\t\t<\/span>\n\n\t\t\t\t\t\t<\/summary>\n\t\t\t\t<div role=\"region\" aria-labelledby=\"e-n-accordion-item-1042\" class=\"elementor-element elementor-element-626f92da e-con-full e-flex e-con e-parent\" data-id=\"626f92da\" data-element_type=\"container\" data-e-type=\"container\">\n\t\t\t\t<div class=\"elementor-element elementor-element-6cb2737 elementor-widget elementor-widget-text-editor\" data-id=\"6cb2737\" data-element_type=\"widget\" data-e-type=\"widget\" data-widget_type=\"text-editor.default\">\n\t\t\t\t<div class=\"elementor-widget-container\">\n\t\t\t\t\t\t\t\t\t<p>Le produit peut \u00eatre d\u00e9gust\u00e9 \u00e0 l\u2019ap\u00e9ritif ou en accompagnement, chaud et froid. Chauff\u00e9 dans un four traditionnel \u00e0 une temp\u00e9rature de 220\u00b0C pendant 7 minutes.<\/p>\n\t\t\t\t\t\t\t\t<\/div>\n\t\t\t\t<\/div>\n\t\t\t\t<\/div>\n\t\t\t\t\t<\/details>\n\t\t\t\t\t\t<details id=\"e-n-accordion-item-1043\" class=\"e-n-accordion-item\" >\n\t\t\t\t<summary class=\"e-n-accordion-item-title\" data-accordion-index=\"4\" tabindex=\"-1\" aria-expanded=\"false\" aria-controls=\"e-n-accordion-item-1043\" >\n\t\t\t\t\t<span class='e-n-accordion-item-title-header'><div class=\"e-n-accordion-item-title-text\"> Tableau des allerg\u00e8nes <\/div><\/span>\n\t\t\t\t\t\t\t<span class='e-n-accordion-item-title-icon'>\n\t\t\t<span class='e-opened' ><i aria-hidden=\"true\" class=\"fas fa-minus\"><\/i><\/span>\n\t\t\t<span class='e-closed'><i aria-hidden=\"true\" class=\"fas fa-plus\"><\/i><\/span>\n\t\t<\/span>\n\n\t\t\t\t\t\t<\/summary>\n\t\t\t\t<div role=\"region\" aria-labelledby=\"e-n-accordion-item-1043\" class=\"elementor-element elementor-element-30f2ce92 e-con-full e-flex e-con e-parent\" data-id=\"30f2ce92\" data-element_type=\"container\" data-e-type=\"container\">\n\t\t\t\t<div class=\"elementor-element elementor-element-8664d41 elementor-widget elementor-widget-Table\" data-id=\"8664d41\" data-element_type=\"widget\" data-e-type=\"widget\" data-widget_type=\"Table.default\">\n\t\t\t\t<div class=\"elementor-widget-container\">\n\t\t\t\t\t\t\t<table class=\"tafe-table \">\n\t\t\t<thead  class=\"tafe-table-header\">\n\t\t\t\t<tr>\n\t\t\t\t\t<th class=\"elementor-inline-editing elementor-repeater-item-9e0be39\"   >Tableau des allerg\u00e8nes<\/th><th class=\"elementor-inline-editing elementor-repeater-item-56e369c\"   >Pr\u00e9sence<\/th><th class=\"elementor-inline-editing elementor-repeater-item-dc33522\"   >Pote. Pr\u00e9sence<\/th>\t\t\t\t<\/tr>\n\t\t\t<\/thead>\n\t\t\t\t\t\t<tbody class=\"tafe-table-body\">\n\t\t\t\t<tr>\n\t\t\t\t\t<td data-label=\"Tableau des allerg\u00e8nes\"   class=\"elementor-repeater-item-d6d0fe3 td-content-type-default\" >Anhydride sulfureux et sulfites<\/td><td data-label=\"Pr\u00e9sence\"   class=\"elementor-repeater-item-228f674 td-content-type-default\" >-<\/td><td data-label=\"Pote. Pr\u00e9sence\"   class=\"elementor-repeater-item-addb78b td-content-type-default\" >-<\/td><\/tr><tr><td data-label=\"Tableau des allerg\u00e8nes\"   class=\"elementor-repeater-item-abb796c td-content-type-default\" >Arachides et produits \u00e0 base d\u2019arachides<\/td><td data-label=\"Pr\u00e9sence\"   class=\"elementor-repeater-item-46bbcac td-content-type-default\" >-<\/td><td data-label=\"Pote. Pr\u00e9sence\"   class=\"elementor-repeater-item-1fd6b5f td-content-type-default\" >-<\/td><\/tr><tr><td data-label=\"Tableau des allerg\u00e8nes\"   class=\"elementor-repeater-item-48b2839 td-content-type-default\" >C\u00e9r\u00e9ales contenant du gluten<\/td><td data-label=\"Pr\u00e9sence\"   class=\"elementor-repeater-item-9ad4aa4 td-content-type-default\" >X<\/td><td data-label=\"Pote. Pr\u00e9sence\"   class=\"elementor-repeater-item-886ce01 td-content-type-default\" >-<\/td><\/tr><tr><td data-label=\"Tableau des allerg\u00e8nes\"   class=\"elementor-repeater-item-a2d97cd td-content-type-default\" >Crustac\u00e9s et produits \u00e0 base de crustac\u00e9s<\/td><td data-label=\"Pr\u00e9sence\"   class=\"elementor-repeater-item-cd5ae63 td-content-type-default\" >-<\/td><td data-label=\"Pote. Pr\u00e9sence\"   class=\"elementor-repeater-item-29ee413 td-content-type-default\" >-<\/td><\/tr><tr><td data-label=\"Tableau des allerg\u00e8nes\"   class=\"elementor-repeater-item-ba1899d td-content-type-default\" >Fruits \u00e0 coque<\/td><td data-label=\"Pr\u00e9sence\"   class=\"elementor-repeater-item-98324e9 td-content-type-default\" >-<\/td><td data-label=\"Pote. Pr\u00e9sence\"   class=\"elementor-repeater-item-5703f4c td-content-type-default\" >-<\/td><\/tr><tr><td data-label=\"Tableau des allerg\u00e8nes\"   class=\"elementor-repeater-item-8ef5ab2 td-content-type-default\" >Lait et produits \u00e0 base de lait<\/td><td data-label=\"Pr\u00e9sence\"   class=\"elementor-repeater-item-306576e td-content-type-default\" >X<\/td><td data-label=\"Pote. Pr\u00e9sence\"   class=\"elementor-repeater-item-be6b813 td-content-type-default\" >-<\/td><\/tr><tr><td data-label=\"Tableau des allerg\u00e8nes\"   class=\"elementor-repeater-item-2a253d5 td-content-type-default\" >Lupin et produits \u00e0 base de lupin<\/td><td data-label=\"Pr\u00e9sence\"   class=\"elementor-repeater-item-cafc144 td-content-type-default\" >-<\/td><td data-label=\"Pote. Pr\u00e9sence\"   class=\"elementor-repeater-item-69cccfb td-content-type-default\" >-<\/td><\/tr><tr><td data-label=\"Tableau des allerg\u00e8nes\"   class=\"elementor-repeater-item-a53807f td-content-type-default\" >Graines de s\u00e9same et produits \u00e0 base de graines de s\u00e9same<\/td><td data-label=\"Pr\u00e9sence\"   class=\"elementor-repeater-item-d2f11d1 td-content-type-default\" >-<\/td><td data-label=\"Pote. Pr\u00e9sence\"   class=\"elementor-repeater-item-7eecd88 td-content-type-default\" >-<\/td><\/tr><tr><td data-label=\"Tableau des allerg\u00e8nes\"   class=\"elementor-repeater-item-80e96ec td-content-type-default\" >Mollusques et produits \u00e0 base de mollusques<\/td><td data-label=\"Pr\u00e9sence\"   class=\"elementor-repeater-item-fb1b2de td-content-type-default\" >-<\/td><td data-label=\"Pote. Pr\u00e9sence\"   class=\"elementor-repeater-item-bd2c87d td-content-type-default\" >-<\/td><\/tr><tr><td data-label=\"Tableau des allerg\u00e8nes\"   class=\"elementor-repeater-item-77d0b6a td-content-type-default\" >Poissons et produits \u00e0 base de poissons<\/td><td data-label=\"Pr\u00e9sence\"   class=\"elementor-repeater-item-99d76de td-content-type-default\" >-<\/td><td data-label=\"Pote. Pr\u00e9sence\"   class=\"elementor-repeater-item-0aea982 td-content-type-default\" >X<\/td><\/tr><tr><td data-label=\"Tableau des allerg\u00e8nes\"   class=\"elementor-repeater-item-c53a9cd td-content-type-default\" >C\u00e9leri et produits \u00e0 base de c\u00e9leri<\/td><td data-label=\"Pr\u00e9sence\"   class=\"elementor-repeater-item-18428af td-content-type-default\" >X<\/td><td data-label=\"Pote. Pr\u00e9sence\"   class=\"elementor-repeater-item-17b8f38 td-content-type-default\" >-<\/td><\/tr><tr><td data-label=\"Tableau des allerg\u00e8nes\"   class=\"elementor-repeater-item-d7e7e6c td-content-type-default\" >Moutarde et produits \u00e0 base de moutarde<\/td><td data-label=\"Pr\u00e9sence\"   class=\"elementor-repeater-item-dcb3bd8 td-content-type-default\" >-<\/td><td data-label=\"Pote. Pr\u00e9sence\"   class=\"elementor-repeater-item-598ae26 td-content-type-default\" >-<\/td><\/tr><tr><td data-label=\"Tableau des allerg\u00e8nes\"   class=\"elementor-repeater-item-2d008f9 td-content-type-default\" >Soja et produits \u00e0 base de soja<\/td><td data-label=\"Pr\u00e9sence\"   class=\"elementor-repeater-item-07fd935 td-content-type-default\" >X<\/td><td data-label=\"Pote. Pr\u00e9sence\"   class=\"elementor-repeater-item-40dbb19 td-content-type-default\" >-<\/td><\/tr><tr><td data-label=\"Tableau des allerg\u00e8nes\"   class=\"elementor-repeater-item-d69b119 td-content-type-default\" >\u0152ufs et produits \u00e0 base d\u2019\u0153ufs<\/td><td data-label=\"Pr\u00e9sence\"   class=\"elementor-repeater-item-c45f7b9 td-content-type-default\" >X<\/td><td data-label=\"Pote. Pr\u00e9sence\"   class=\"elementor-repeater-item-dacae0a td-content-type-default\" >-<\/td>\t\t\t\t<\/tr>\n\t\t\t<\/tbody>\n\t\t<\/table>\n\t\t\n\t\t\t\t\t\t<\/div>\n\t\t\t\t<\/div>\n\t\t\t\t<\/div>\n\t\t\t\t\t<\/details>\n\t\t\t\t\t\t<details id=\"e-n-accordion-item-1044\" class=\"e-n-accordion-item\" >\n\t\t\t\t<summary class=\"e-n-accordion-item-title\" data-accordion-index=\"5\" tabindex=\"-1\" aria-expanded=\"false\" aria-controls=\"e-n-accordion-item-1044\" >\n\t\t\t\t\t<span class='e-n-accordion-item-title-header'><div class=\"e-n-accordion-item-title-text\"> Emballage <\/div><\/span>\n\t\t\t\t\t\t\t<span class='e-n-accordion-item-title-icon'>\n\t\t\t<span class='e-opened' ><i aria-hidden=\"true\" class=\"fas fa-minus\"><\/i><\/span>\n\t\t\t<span class='e-closed'><i aria-hidden=\"true\" class=\"fas fa-plus\"><\/i><\/span>\n\t\t<\/span>\n\n\t\t\t\t\t\t<\/summary>\n\t\t\t\t<div role=\"region\" aria-labelledby=\"e-n-accordion-item-1044\" class=\"elementor-element elementor-element-43dc33c5 e-con-full e-flex e-con e-parent\" data-id=\"43dc33c5\" data-element_type=\"container\" data-e-type=\"container\">\n\t\t\t\t<div class=\"elementor-element elementor-element-31023e2e elementor-widget elementor-widget-text-editor\" data-id=\"31023e2e\" data-element_type=\"widget\" data-e-type=\"widget\" data-widget_type=\"text-editor.default\">\n\t\t\t\t<div class=\"elementor-widget-container\">\n\t\t\t\t\t\t\t\t\t<p>Conforme \u00e0 la r\u00e9glementation D.M. 21.3.1973, Reg. CE n. 1935\/2004, Reg. CE n. 1895\/2005, Reg. CE n. 10\/2011 e s.m.i.<\/p>\n\t\t\t\t\t\t\t\t<\/div>\n\t\t\t\t<\/div>\n\t\t\t\t<\/div>\n\t\t\t\t\t<\/details>\n\t\t\t\t\t\t<details id=\"e-n-accordion-item-1045\" class=\"e-n-accordion-item\" >\n\t\t\t\t<summary class=\"e-n-accordion-item-title\" data-accordion-index=\"6\" tabindex=\"-1\" aria-expanded=\"false\" aria-controls=\"e-n-accordion-item-1045\" >\n\t\t\t\t\t<span class='e-n-accordion-item-title-header'><div class=\"e-n-accordion-item-title-text\"> Tol\u00e9rance de poids <\/div><\/span>\n\t\t\t\t\t\t\t<span class='e-n-accordion-item-title-icon'>\n\t\t\t<span class='e-opened' ><i aria-hidden=\"true\" class=\"fas fa-minus\"><\/i><\/span>\n\t\t\t<span class='e-closed'><i aria-hidden=\"true\" class=\"fas fa-plus\"><\/i><\/span>\n\t\t<\/span>\n\n\t\t\t\t\t\t<\/summary>\n\t\t\t\t<div role=\"region\" aria-labelledby=\"e-n-accordion-item-1045\" class=\"elementor-element elementor-element-74491ca4 e-con-full e-flex e-con e-parent\" data-id=\"74491ca4\" data-element_type=\"container\" data-e-type=\"container\">\n\t\t\t\t<div class=\"elementor-element elementor-element-28c1cc3d elementor-widget elementor-widget-text-editor\" data-id=\"28c1cc3d\" data-element_type=\"widget\" data-e-type=\"widget\" data-widget_type=\"text-editor.default\">\n\t\t\t\t<div class=\"elementor-widget-container\">\n\t\t\t\t\t\t\t\t\t<p><strong>Tous les poids des Produits sont donn\u00e9s \u00e0 titre indicatif <\/strong> car ils sont susceptibles d\u2019\u00eatre modifi\u00e9s. Il peut arriver que le poids (en grammes\/kg) s\u00e9lectionn\u00e9 dans votre commande diff\u00e8re l\u00e9g\u00e8rement du poids (en grammes\/kg) affich\u00e9 au moment de la demande d\u00e9finitivement confirm\u00e9e dans notre confirmation de commande finale<\/p>\n\t\t\t\t\t\t\t\t<\/div>\n\t\t\t\t<\/div>\n\t\t\t\t<\/div>\n\t\t\t\t\t<\/details>\n\t\t\t\t\t\t<details id=\"e-n-accordion-item-1046\" class=\"e-n-accordion-item\" >\n\t\t\t\t<summary class=\"e-n-accordion-item-title\" data-accordion-index=\"7\" tabindex=\"-1\" aria-expanded=\"false\" aria-controls=\"e-n-accordion-item-1046\" >\n\t\t\t\t\t<span class='e-n-accordion-item-title-header'><div class=\"e-n-accordion-item-title-text\"> Produit et emball\u00e9 <\/div><\/span>\n\t\t\t\t\t\t\t<span class='e-n-accordion-item-title-icon'>\n\t\t\t<span class='e-opened' ><i aria-hidden=\"true\" class=\"fas fa-minus\"><\/i><\/span>\n\t\t\t<span class='e-closed'><i aria-hidden=\"true\" class=\"fas fa-plus\"><\/i><\/span>\n\t\t<\/span>\n\n\t\t\t\t\t\t<\/summary>\n\t\t\t\t<div role=\"region\" aria-labelledby=\"e-n-accordion-item-1046\" class=\"elementor-element elementor-element-7dabd1a5 e-con-full e-flex e-con e-parent\" data-id=\"7dabd1a5\" data-element_type=\"container\" data-e-type=\"container\">\n\t\t\t\t<div class=\"elementor-element elementor-element-6d41fb0f elementor-widget elementor-widget-text-editor\" data-id=\"6d41fb0f\" data-element_type=\"widget\" data-e-type=\"widget\" data-widget_type=\"text-editor.default\">\n\t\t\t\t<div class=\"elementor-widget-container\">\n\t\t\t\t\t\t\t\t\tAntica Gastronomia Srl V. E. Fermi,1 62010 Mogliano (Mc)\n* Ces donn\u00e9es peuvent \u00eatre modifi\u00e9es sans pr\u00e9avis du fabricant. Date 07\/08\/2023\t\t\t\t\t\t\t\t<\/div>\n\t\t\t\t<\/div>\n\t\t\t\t<\/div>\n\t\t\t\t\t<\/details>\n\t\t\t\t\t\t<details id=\"e-n-accordion-item-1047\" class=\"e-n-accordion-item\" >\n\t\t\t\t<summary class=\"e-n-accordion-item-title\" data-accordion-index=\"8\" tabindex=\"-1\" aria-expanded=\"false\" aria-controls=\"e-n-accordion-item-1047\" >\n\t\t\t\t\t<span class='e-n-accordion-item-title-header'><div class=\"e-n-accordion-item-title-text\"> Acc\u00e8s \u00e0 l\u2019espace entreprise <\/div><\/span>\n\t\t\t\t\t\t\t<span class='e-n-accordion-item-title-icon'>\n\t\t\t<span class='e-opened' ><i aria-hidden=\"true\" class=\"fas fa-minus\"><\/i><\/span>\n\t\t\t<span class='e-closed'><i aria-hidden=\"true\" class=\"fas fa-plus\"><\/i><\/span>\n\t\t<\/span>\n\n\t\t\t\t\t\t<\/summary>\n\t\t\t\t<div role=\"region\" aria-labelledby=\"e-n-accordion-item-1047\" class=\"elementor-element elementor-element-55100bfd e-con-full e-flex e-con e-parent\" data-id=\"55100bfd\" data-element_type=\"container\" data-e-type=\"container\">\n\t\t\t\t<div class=\"elementor-element elementor-element-441cef91 elementor-widget elementor-widget-text-editor\" data-id=\"441cef91\" data-element_type=\"widget\" data-e-type=\"widget\" data-widget_type=\"text-editor.default\">\n\t\t\t\t<div class=\"elementor-widget-container\">\n\t\t\t\t\t\t\t\t\t<h3>Voulez-vous commander dans le commerce ou demander un devis personnalis\u00e9?<\/h3>\n<p>Vous pouvez cliquer sur le bouton <strong><a href=\"#richiedi\">Demander<\/a><\/strong> sur la page, puis acc\u00e9der \u00e0 la page <a href=\"https:\/\/www.anticagastronomia.com\/richiesta-preventivo\/\" target=\"_blank\" rel=\"noopener\"><strong>de demande<\/strong><\/a>, emplir le formulaire pour demander des informations d\u2019identification ou sp\u00e9cifier vos demandes dans le champ \u00ab Notes \u00bb. Notre service client est \u00e0 votre disposition.<\/p>\n\t\t\t\t\t\t\t\t<\/div>\n\t\t\t\t<\/div>\n\t\t\t\t<\/div>\n\t\t\t\t\t<\/details>\n\t\t\t\t\t<\/div>\n\t\t\t\t\t\t<\/div>\n\t\t\t\t<\/div>\n\t\t\t\t<\/div>\n\t\t\t\t\t<\/div>\n\t\t\t\t<\/div>\n\t\t\t\t<\/div>\n\t\t","protected":false},"excerpt":{"rendered":"<p>Des olives vertes \u00ab g\u00e9antes \u00bb d\u00e9noyaut\u00e9es farcies d\u2019une garniture de viande hach\u00e9e m\u00e9lang\u00e9e, d\u2019\u0153ufs, de parmesan et d\u2019\u00e9pices, enfin pan\u00e9es.<\/p>\n","protected":false},"featured_media":12400,"template":"","meta":[],"product_brand":[],"product_cat":[794],"product_tag":[],"class_list":{"0":"post-19073","1":"product","2":"type-product","3":"status-publish","4":"has-post-thumbnail","6":"product_cat-preparations-frites","7":"pa_confezione-vaschetta-fr","9":"first","10":"instock","11":"taxable","12":"shipping-taxable","13":"purchasable","14":"product-type-variable"},"_links":{"self":[{"href":"https:\/\/www.anticagastronomia.com\/fr\/wp-json\/wp\/v2\/product\/19073","targetHints":{"allow":["GET"]}}],"collection":[{"href":"https:\/\/www.anticagastronomia.com\/fr\/wp-json\/wp\/v2\/product"}],"about":[{"href":"https:\/\/www.anticagastronomia.com\/fr\/wp-json\/wp\/v2\/types\/product"}],"version-history":[{"count":1,"href":"https:\/\/www.anticagastronomia.com\/fr\/wp-json\/wp\/v2\/product\/19073\/revisions"}],"predecessor-version":[{"id":19075,"href":"https:\/\/www.anticagastronomia.com\/fr\/wp-json\/wp\/v2\/product\/19073\/revisions\/19075"}],"wp:featuredmedia":[{"embeddable":true,"href":"https:\/\/www.anticagastronomia.com\/fr\/wp-json\/wp\/v2\/media\/12400"}],"wp:attachment":[{"href":"https:\/\/www.anticagastronomia.com\/fr\/wp-json\/wp\/v2\/media?parent=19073"}],"wp:term":[{"taxonomy":"product_brand","embeddable":true,"href":"https:\/\/www.anticagastronomia.com\/fr\/wp-json\/wp\/v2\/product_brand?post=19073"},{"taxonomy":"product_cat","embeddable":true,"href":"https:\/\/www.anticagastronomia.com\/fr\/wp-json\/wp\/v2\/product_cat?post=19073"},{"taxonomy":"product_tag","embeddable":true,"href":"https:\/\/www.anticagastronomia.com\/fr\/wp-json\/wp\/v2\/product_tag?post=19073"}],"curies":[{"name":"wp","href":"https:\/\/api.w.org\/{rel}","templated":true}]}}