{"id":18910,"date":"2023-10-13T10:34:37","date_gmt":"2023-10-13T10:34:37","guid":{"rendered":"https:\/\/www.anticagastronomia.com\/prodotti\/pates-bouillies\/"},"modified":"2023-10-13T10:34:38","modified_gmt":"2023-10-13T10:34:38","slug":"pates-bouillies","status":"publish","type":"product","link":"https:\/\/www.anticagastronomia.com\/fr\/prodotti\/pates-bouillies\/","title":{"rendered":"P\u00e2tes bouillies"},"content":{"rendered":"\t\t<div data-elementor-type=\"product-post\" data-elementor-id=\"18910\" class=\"elementor elementor-18910 elementor-9252\" data-elementor-post-type=\"product\">\n\t\t\t\t<div class=\"elementor-element elementor-element-6b81f2a2 e-flex e-con-boxed e-con e-parent\" data-id=\"6b81f2a2\" data-element_type=\"container\" data-e-type=\"container\" data-settings=\"{&quot;background_background&quot;:&quot;classic&quot;}\">\n\t\t\t\t\t<div class=\"e-con-inner\">\n\t\t<div class=\"elementor-element elementor-element-1fc59323 e-con-full e-flex e-con e-parent\" data-id=\"1fc59323\" data-element_type=\"container\" data-e-type=\"container\">\n\t\t\t\t<div class=\"elementor-element elementor-element-5a68ca8a elementor-widget elementor-widget-woocommerce-product-title elementor-page-title elementor-widget-heading\" data-id=\"5a68ca8a\" data-element_type=\"widget\" data-e-type=\"widget\" data-widget_type=\"woocommerce-product-title.default\">\n\t\t\t\t<div class=\"elementor-widget-container\">\n\t\t\t\t\t<h1 class=\"product_title entry-title elementor-heading-title elementor-size-default\">P\u00e2tes bouillies<\/h1>\t\t\t\t<\/div>\n\t\t\t\t<\/div>\n\t\t\t\t<div class=\"elementor-element elementor-element-2d82a7cc elementor-widget elementor-widget-Table\" data-id=\"2d82a7cc\" data-element_type=\"widget\" data-e-type=\"widget\" data-widget_type=\"Table.default\">\n\t\t\t\t<div class=\"elementor-widget-container\">\n\t\t\t\t\t\t\t<table class=\"tafe-table \">\n\t\t\t<thead  class=\"tafe-table-header\">\n\t\t\t\t<tr>\n\t\t\t\t\t<th class=\"elementor-inline-editing elementor-repeater-item-a11eddb\"  colSpan=\"2\" >Valeurs nutritionnelles pour 100g<\/th>\t\t\t\t<\/tr>\n\t\t\t<\/thead>\n\t\t\t\t\t\t<tbody class=\"tafe-table-body\">\n\t\t\t\t<tr>\n\t\t\t\t\t<td data-label=\"Valeurs nutritionnelles pour 100g\"   class=\"elementor-repeater-item-9197e2f td-content-type-default\" >\u00c9nergie<\/td><td data-label=\"\"   class=\"elementor-repeater-item-c5cace3 td-content-type-default\" >kJ 668\/Kcal 158<\/td><\/tr><tr><td data-label=\"Valeurs nutritionnelles pour 100g\"   class=\"elementor-repeater-item-04d3edd td-content-type-default\" >Graisse<\/td><td data-label=\"\"   class=\"elementor-repeater-item-8dc0bd1 td-content-type-default\" >0.9 g<\/td><\/tr><tr><td data-label=\"Valeurs nutritionnelles pour 100g\"   class=\"elementor-repeater-item-5098ae7 td-content-type-default\" >dont acides gras satur\u00e9s<\/td><td data-label=\"\"   class=\"elementor-repeater-item-8847d8f td-content-type-default\" >0.2 g<\/td><\/tr><tr><td data-label=\"Valeurs nutritionnelles pour 100g\"   class=\"elementor-repeater-item-28ee6f4 td-content-type-default\" >Glucides<\/td><td data-label=\"\"   class=\"elementor-repeater-item-3de998d td-content-type-default\" >31 g<\/td><\/tr><tr><td data-label=\"Valeurs nutritionnelles pour 100g\"   class=\"elementor-repeater-item-f7f80ee td-content-type-default\" >dont sucres<\/td><td data-label=\"\"   class=\"elementor-repeater-item-788a660 td-content-type-default\" >1.5 g<\/td><\/tr><tr><td data-label=\"Valeurs nutritionnelles pour 100g\"   class=\"elementor-repeater-item-d427318 td-content-type-default\" >Fibres<\/td><td data-label=\"\"   class=\"elementor-repeater-item-ca0dac4 td-content-type-default\" >1.3 g<\/td><\/tr><tr><td data-label=\"Valeurs nutritionnelles pour 100g\"   class=\"elementor-repeater-item-0c1b84a td-content-type-default\" >Prot\u00e9ine<\/td><td data-label=\"\"   class=\"elementor-repeater-item-0b8a12b td-content-type-default\" >5.7 g<\/td><\/tr><tr><td data-label=\"Valeurs nutritionnelles pour 100g\"   class=\"elementor-repeater-item-41d6a2b td-content-type-default\" >Sel<\/td><td data-label=\"\"   class=\"elementor-repeater-item-5f819fa td-content-type-default\" >2.8 g<\/td>\t\t\t\t<\/tr>\n\t\t\t<\/tbody>\n\t\t<\/table>\n\t\t\n\t\t\t\t\t\t<\/div>\n\t\t\t\t<\/div>\n\t\t\t\t<\/div>\n\t\t<div class=\"elementor-element elementor-element-74698cbb e-con-full e-flex e-con e-parent\" data-id=\"74698cbb\" data-element_type=\"container\" data-e-type=\"container\">\n\t\t\t\t<div class=\"elementor-element elementor-element-b5aaa99 elementor-widget elementor-widget-n-accordion\" data-id=\"b5aaa99\" data-element_type=\"widget\" data-e-type=\"widget\" data-settings=\"{&quot;default_state&quot;:&quot;expanded&quot;,&quot;max_items_expended&quot;:&quot;one&quot;,&quot;n_accordion_animation_duration&quot;:{&quot;unit&quot;:&quot;ms&quot;,&quot;size&quot;:400,&quot;sizes&quot;:[]}}\" data-widget_type=\"nested-accordion.default\">\n\t\t\t\t<div class=\"elementor-widget-container\">\n\t\t\t\t\t\t\t<div class=\"e-n-accordion\" aria-label=\"Accordion. Open links with Enter or Space, close with Escape, and navigate with Arrow Keys\">\n\t\t\t\t\t\t<details id=\"e-n-accordion-item-1900\" class=\"e-n-accordion-item\" open>\n\t\t\t\t<summary class=\"e-n-accordion-item-title\" data-accordion-index=\"1\" tabindex=\"0\" aria-expanded=\"true\" aria-controls=\"e-n-accordion-item-1900\" >\n\t\t\t\t\t<span class='e-n-accordion-item-title-header'><div class=\"e-n-accordion-item-title-text\"> Ingr\u00e9dients <\/div><\/span>\n\t\t\t\t\t\t\t<span class='e-n-accordion-item-title-icon'>\n\t\t\t<span class='e-opened' ><i aria-hidden=\"true\" class=\"fas fa-minus\"><\/i><\/span>\n\t\t\t<span class='e-closed'><i aria-hidden=\"true\" class=\"fas fa-plus\"><\/i><\/span>\n\t\t<\/span>\n\n\t\t\t\t\t\t<\/summary>\n\t\t\t\t<div role=\"region\" aria-labelledby=\"e-n-accordion-item-1900\" class=\"elementor-element elementor-element-31bfede3 e-con-full e-flex e-con e-parent\" data-id=\"31bfede3\" data-element_type=\"container\" data-e-type=\"container\">\n\t\t\t\t<div class=\"elementor-element elementor-element-35896b87 elementor-widget elementor-widget-text-editor\" data-id=\"35896b87\" data-element_type=\"widget\" data-e-type=\"widget\" data-widget_type=\"text-editor.default\">\n\t\t\t\t<div class=\"elementor-widget-container\">\n\t\t\t\t\t\t\t\t\t<p>Eau, P\u00e2tes (semoule de <strong>bl\u00e9<\/strong> dur, eau) (43,8%), Sel, Antioxydants: Acide ascorbique, Ascorbate de sodium, Acidifiants: Acide citrique.<\/p>\n\t\t\t\t\t\t\t\t<\/div>\n\t\t\t\t<\/div>\n\t\t\t\t<\/div>\n\t\t\t\t\t<\/details>\n\t\t\t\t\t\t<details id=\"e-n-accordion-item-1901\" class=\"e-n-accordion-item\" >\n\t\t\t\t<summary class=\"e-n-accordion-item-title\" data-accordion-index=\"2\" tabindex=\"-1\" aria-expanded=\"false\" aria-controls=\"e-n-accordion-item-1901\" >\n\t\t\t\t\t<span class='e-n-accordion-item-title-header'><div class=\"e-n-accordion-item-title-text\"> Conditions de stockage  <\/div><\/span>\n\t\t\t\t\t\t\t<span class='e-n-accordion-item-title-icon'>\n\t\t\t<span class='e-opened' ><i aria-hidden=\"true\" class=\"fas fa-minus\"><\/i><\/span>\n\t\t\t<span class='e-closed'><i aria-hidden=\"true\" class=\"fas fa-plus\"><\/i><\/span>\n\t\t<\/span>\n\n\t\t\t\t\t\t<\/summary>\n\t\t\t\t<div role=\"region\" aria-labelledby=\"e-n-accordion-item-1901\" class=\"elementor-element elementor-element-5b259e70 e-con-full e-flex e-con e-parent\" data-id=\"5b259e70\" data-element_type=\"container\" data-e-type=\"container\">\n\t\t\t\t<div class=\"elementor-element elementor-element-65fba83c elementor-widget elementor-widget-text-editor\" data-id=\"65fba83c\" data-element_type=\"widget\" data-e-type=\"widget\" data-widget_type=\"text-editor.default\">\n\t\t\t\t<div class=\"elementor-widget-container\">\n\t\t\t\t\t\t\t\t\t<p>Au r\u00e9frig\u00e9rateur \u00e0 une temp\u00e9rature comprise entre 0\u00b0C + 4\u00b0C.<br \/>Temps de stockage 10 jours. Utilisez le produit dans les 3 jours suivant l\u2019ouverture de l\u2019emballage et dans tous les cas au plus tard \u00e0 la date recommand\u00e9e.<\/p>\n\t\t\t\t\t\t\t\t<\/div>\n\t\t\t\t<\/div>\n\t\t\t\t<\/div>\n\t\t\t\t\t<\/details>\n\t\t\t\t\t\t<details id=\"e-n-accordion-item-1902\" class=\"e-n-accordion-item\" >\n\t\t\t\t<summary class=\"e-n-accordion-item-title\" data-accordion-index=\"3\" tabindex=\"-1\" aria-expanded=\"false\" aria-controls=\"e-n-accordion-item-1902\" >\n\t\t\t\t\t<span class='e-n-accordion-item-title-header'><div class=\"e-n-accordion-item-title-text\"> Mode d\u2019emploi <\/div><\/span>\n\t\t\t\t\t\t\t<span class='e-n-accordion-item-title-icon'>\n\t\t\t<span class='e-opened' ><i aria-hidden=\"true\" class=\"fas fa-minus\"><\/i><\/span>\n\t\t\t<span class='e-closed'><i aria-hidden=\"true\" class=\"fas fa-plus\"><\/i><\/span>\n\t\t<\/span>\n\n\t\t\t\t\t\t<\/summary>\n\t\t\t\t<div role=\"region\" aria-labelledby=\"e-n-accordion-item-1902\" class=\"elementor-element elementor-element-c07797d e-con-full e-flex e-con e-parent\" data-id=\"c07797d\" data-element_type=\"container\" data-e-type=\"container\">\n\t\t\t\t<div class=\"elementor-element elementor-element-362ab415 elementor-widget elementor-widget-text-editor\" data-id=\"362ab415\" data-element_type=\"widget\" data-e-type=\"widget\" data-widget_type=\"text-editor.default\">\n\t\t\t\t<div class=\"elementor-widget-container\">\n\t\t\t\t\t\t\t\t\t<p>La \u00ab P\u00e2tes bouillies \u00bb est excellente pour pr\u00e9parer des plats de p\u00e2tes \u00e0 votre go\u00fbt, du plus simple au plus complexe. Le produit peut \u00e9galement \u00eatre utilis\u00e9 tel quel. Pour le chauffer dans une casserole \u00e0 feu mod\u00e9r\u00e9 pendant trois minutes ou au four \u00e0 micro-ondes \u00e0 720 watts pendant 1 minute.<\/p>\n\t\t\t\t\t\t\t\t<\/div>\n\t\t\t\t<\/div>\n\t\t\t\t<\/div>\n\t\t\t\t\t<\/details>\n\t\t\t\t\t\t<details id=\"e-n-accordion-item-1903\" class=\"e-n-accordion-item\" >\n\t\t\t\t<summary class=\"e-n-accordion-item-title\" data-accordion-index=\"4\" tabindex=\"-1\" aria-expanded=\"false\" aria-controls=\"e-n-accordion-item-1903\" >\n\t\t\t\t\t<span class='e-n-accordion-item-title-header'><div class=\"e-n-accordion-item-title-text\"> Tableau des allerg\u00e8nes  <\/div><\/span>\n\t\t\t\t\t\t\t<span class='e-n-accordion-item-title-icon'>\n\t\t\t<span class='e-opened' ><i aria-hidden=\"true\" class=\"fas fa-minus\"><\/i><\/span>\n\t\t\t<span class='e-closed'><i aria-hidden=\"true\" class=\"fas fa-plus\"><\/i><\/span>\n\t\t<\/span>\n\n\t\t\t\t\t\t<\/summary>\n\t\t\t\t<div role=\"region\" aria-labelledby=\"e-n-accordion-item-1903\" class=\"elementor-element elementor-element-f4bc4c1 e-con-full e-flex e-con e-parent\" data-id=\"f4bc4c1\" data-element_type=\"container\" data-e-type=\"container\">\n\t\t\t\t<div class=\"elementor-element elementor-element-54f5dad elementor-widget elementor-widget-text-editor\" data-id=\"54f5dad\" data-element_type=\"widget\" data-e-type=\"widget\" data-widget_type=\"text-editor.default\">\n\t\t\t\t<div class=\"elementor-widget-container\">\n\t\t\t\t\t\t\t\t\t<p>Pr\u00e9sence de: C\u00e9r\u00e9ales contenant du gluten.<\/p>\n\t\t\t\t\t\t\t\t<\/div>\n\t\t\t\t<\/div>\n\t\t\t\t<\/div>\n\t\t\t\t\t<\/details>\n\t\t\t\t\t\t<details id=\"e-n-accordion-item-1904\" class=\"e-n-accordion-item\" >\n\t\t\t\t<summary class=\"e-n-accordion-item-title\" data-accordion-index=\"5\" tabindex=\"-1\" aria-expanded=\"false\" aria-controls=\"e-n-accordion-item-1904\" >\n\t\t\t\t\t<span class='e-n-accordion-item-title-header'><div class=\"e-n-accordion-item-title-text\"> Emballage <\/div><\/span>\n\t\t\t\t\t\t\t<span class='e-n-accordion-item-title-icon'>\n\t\t\t<span class='e-opened' ><i aria-hidden=\"true\" class=\"fas fa-minus\"><\/i><\/span>\n\t\t\t<span class='e-closed'><i aria-hidden=\"true\" class=\"fas fa-plus\"><\/i><\/span>\n\t\t<\/span>\n\n\t\t\t\t\t\t<\/summary>\n\t\t\t\t<div role=\"region\" aria-labelledby=\"e-n-accordion-item-1904\" class=\"elementor-element elementor-element-631eabb0 e-con-full e-flex e-con e-parent\" data-id=\"631eabb0\" data-element_type=\"container\" data-e-type=\"container\">\n\t\t\t\t<div class=\"elementor-element elementor-element-4d0a01d1 elementor-widget elementor-widget-text-editor\" data-id=\"4d0a01d1\" data-element_type=\"widget\" data-e-type=\"widget\" data-widget_type=\"text-editor.default\">\n\t\t\t\t<div class=\"elementor-widget-container\">\n\t\t\t\t\t\t\t\t\t<p>Conforme \u00e0 la r\u00e9glementation D.M. 21.3.1973, Reg. CE n. 1935\/2004, Reg. CE n. 1895\/2005, Reg. CE n. 10\/2011 e s.m.i.<\/p>\n\t\t\t\t\t\t\t\t<\/div>\n\t\t\t\t<\/div>\n\t\t\t\t<\/div>\n\t\t\t\t\t<\/details>\n\t\t\t\t\t\t<details id=\"e-n-accordion-item-1905\" class=\"e-n-accordion-item\" >\n\t\t\t\t<summary class=\"e-n-accordion-item-title\" data-accordion-index=\"6\" tabindex=\"-1\" aria-expanded=\"false\" aria-controls=\"e-n-accordion-item-1905\" >\n\t\t\t\t\t<span class='e-n-accordion-item-title-header'><div class=\"e-n-accordion-item-title-text\"> Tol\u00e9rance de poids <\/div><\/span>\n\t\t\t\t\t\t\t<span class='e-n-accordion-item-title-icon'>\n\t\t\t<span class='e-opened' ><i aria-hidden=\"true\" class=\"fas fa-minus\"><\/i><\/span>\n\t\t\t<span class='e-closed'><i aria-hidden=\"true\" class=\"fas fa-plus\"><\/i><\/span>\n\t\t<\/span>\n\n\t\t\t\t\t\t<\/summary>\n\t\t\t\t<div role=\"region\" aria-labelledby=\"e-n-accordion-item-1905\" class=\"elementor-element elementor-element-771dc3f e-con-full e-flex e-con e-parent\" data-id=\"771dc3f\" data-element_type=\"container\" data-e-type=\"container\">\n\t\t\t\t<div class=\"elementor-element elementor-element-21197e7d elementor-widget elementor-widget-text-editor\" data-id=\"21197e7d\" data-element_type=\"widget\" data-e-type=\"widget\" data-widget_type=\"text-editor.default\">\n\t\t\t\t<div class=\"elementor-widget-container\">\n\t\t\t\t\t\t\t\t\t<p><strong>Tous les poids des Produits sont donn\u00e9s \u00e0 titre indicatif <\/strong> car ils sont susceptibles d\u2019\u00eatre modifi\u00e9s. Il peut arriver que le poids (en grammes\/kg) s\u00e9lectionn\u00e9 dans votre commande diff\u00e8re l\u00e9g\u00e8rement du poids (en grammes\/kg) affich\u00e9 au moment de la demande d\u00e9finitivement confirm\u00e9e dans notre confirmation de commande finale<\/p>\n\t\t\t\t\t\t\t\t<\/div>\n\t\t\t\t<\/div>\n\t\t\t\t<\/div>\n\t\t\t\t\t<\/details>\n\t\t\t\t\t\t<details id=\"e-n-accordion-item-1906\" class=\"e-n-accordion-item\" >\n\t\t\t\t<summary class=\"e-n-accordion-item-title\" data-accordion-index=\"7\" tabindex=\"-1\" aria-expanded=\"false\" aria-controls=\"e-n-accordion-item-1906\" >\n\t\t\t\t\t<span class='e-n-accordion-item-title-header'><div class=\"e-n-accordion-item-title-text\"> Produit et emball\u00e9 <\/div><\/span>\n\t\t\t\t\t\t\t<span class='e-n-accordion-item-title-icon'>\n\t\t\t<span class='e-opened' ><i aria-hidden=\"true\" class=\"fas fa-minus\"><\/i><\/span>\n\t\t\t<span class='e-closed'><i aria-hidden=\"true\" class=\"fas fa-plus\"><\/i><\/span>\n\t\t<\/span>\n\n\t\t\t\t\t\t<\/summary>\n\t\t\t\t<div role=\"region\" aria-labelledby=\"e-n-accordion-item-1906\" class=\"elementor-element elementor-element-52c4956a e-con-full e-flex e-con e-parent\" data-id=\"52c4956a\" data-element_type=\"container\" data-e-type=\"container\">\n\t\t\t\t<div class=\"elementor-element elementor-element-28401840 elementor-widget elementor-widget-text-editor\" data-id=\"28401840\" data-element_type=\"widget\" data-e-type=\"widget\" data-widget_type=\"text-editor.default\">\n\t\t\t\t<div class=\"elementor-widget-container\">\n\t\t\t\t\t\t\t\t\tAntica Gastronomia Srl V. E. Fermi,1 62010 Mogliano (Mc)\n* Ces donn\u00e9es peuvent \u00eatre modifi\u00e9es sans pr\u00e9avis du fabricant. Date 07\/08\/2023\t\t\t\t\t\t\t\t<\/div>\n\t\t\t\t<\/div>\n\t\t\t\t<\/div>\n\t\t\t\t\t<\/details>\n\t\t\t\t\t\t<details id=\"e-n-accordion-item-1907\" class=\"e-n-accordion-item\" >\n\t\t\t\t<summary class=\"e-n-accordion-item-title\" data-accordion-index=\"8\" tabindex=\"-1\" aria-expanded=\"false\" aria-controls=\"e-n-accordion-item-1907\" >\n\t\t\t\t\t<span class='e-n-accordion-item-title-header'><div class=\"e-n-accordion-item-title-text\"> Acc\u00e8s \u00e0 l\u2019espace entreprise <\/div><\/span>\n\t\t\t\t\t\t\t<span class='e-n-accordion-item-title-icon'>\n\t\t\t<span class='e-opened' ><i aria-hidden=\"true\" class=\"fas fa-minus\"><\/i><\/span>\n\t\t\t<span class='e-closed'><i aria-hidden=\"true\" class=\"fas fa-plus\"><\/i><\/span>\n\t\t<\/span>\n\n\t\t\t\t\t\t<\/summary>\n\t\t\t\t<div role=\"region\" aria-labelledby=\"e-n-accordion-item-1907\" class=\"elementor-element elementor-element-3fb643b0 e-con-full e-flex e-con e-parent\" data-id=\"3fb643b0\" data-element_type=\"container\" data-e-type=\"container\">\n\t\t\t\t<div class=\"elementor-element elementor-element-32623cb7 elementor-widget elementor-widget-text-editor\" data-id=\"32623cb7\" data-element_type=\"widget\" data-e-type=\"widget\" data-widget_type=\"text-editor.default\">\n\t\t\t\t<div class=\"elementor-widget-container\">\n\t\t\t\t\t\t\t\t\t<h3>Voulez-vous commander dans le commerce ou demander un devis personnalis\u00e9?<\/h3>\n<p>Vous pouvez cliquer sur le bouton <strong><a href=\"#richiedi\">Demander<\/a><\/strong> sur la page, puis acc\u00e9der \u00e0 la page <a href=\"https:\/\/www.anticagastronomia.com\/richiesta-preventivo\/\" target=\"_blank\" rel=\"noopener\"><strong>de demande<\/strong><\/a>, emplir le formulaire pour demander des informations d\u2019identification ou sp\u00e9cifier vos demandes dans le champ \u00ab Notes \u00bb. Notre service client est \u00e0 votre disposition.<\/p>\n\t\t\t\t\t\t\t\t<\/div>\n\t\t\t\t<\/div>\n\t\t\t\t<\/div>\n\t\t\t\t\t<\/details>\n\t\t\t\t\t<\/div>\n\t\t\t\t\t\t<\/div>\n\t\t\t\t<\/div>\n\t\t\t\t<\/div>\n\t\t\t\t\t<\/div>\n\t\t\t\t<\/div>\n\t\t\t\t<\/div>\n\t\t","protected":false},"excerpt":{"rendered":"<p>P\u00e2tes cuites bouillies pr\u00eates \u00e0 assaisonner.<\/p>\n","protected":false},"featured_media":11493,"template":"","meta":[],"product_brand":[],"product_cat":[807],"product_tag":[901],"class_list":{"0":"post-18910","1":"product","2":"type-product","3":"status-publish","4":"has-post-thumbnail","6":"product_cat-premiers-plats","7":"product_tag-pronti-da-condire-fr","8":"pa_confezione-vaschetta-fr","10":"first","11":"instock","12":"taxable","13":"shipping-taxable","14":"purchasable","15":"product-type-variable"},"_links":{"self":[{"href":"https:\/\/www.anticagastronomia.com\/fr\/wp-json\/wp\/v2\/product\/18910","targetHints":{"allow":["GET"]}}],"collection":[{"href":"https:\/\/www.anticagastronomia.com\/fr\/wp-json\/wp\/v2\/product"}],"about":[{"href":"https:\/\/www.anticagastronomia.com\/fr\/wp-json\/wp\/v2\/types\/product"}],"version-history":[{"count":1,"href":"https:\/\/www.anticagastronomia.com\/fr\/wp-json\/wp\/v2\/product\/18910\/revisions"}],"predecessor-version":[{"id":18912,"href":"https:\/\/www.anticagastronomia.com\/fr\/wp-json\/wp\/v2\/product\/18910\/revisions\/18912"}],"wp:featuredmedia":[{"embeddable":true,"href":"https:\/\/www.anticagastronomia.com\/fr\/wp-json\/wp\/v2\/media\/11493"}],"wp:attachment":[{"href":"https:\/\/www.anticagastronomia.com\/fr\/wp-json\/wp\/v2\/media?parent=18910"}],"wp:term":[{"taxonomy":"product_brand","embeddable":true,"href":"https:\/\/www.anticagastronomia.com\/fr\/wp-json\/wp\/v2\/product_brand?post=18910"},{"taxonomy":"product_cat","embeddable":true,"href":"https:\/\/www.anticagastronomia.com\/fr\/wp-json\/wp\/v2\/product_cat?post=18910"},{"taxonomy":"product_tag","embeddable":true,"href":"https:\/\/www.anticagastronomia.com\/fr\/wp-json\/wp\/v2\/product_tag?post=18910"}],"curies":[{"name":"wp","href":"https:\/\/api.w.org\/{rel}","templated":true}]}}