{"id":18737,"date":"2023-10-09T10:44:10","date_gmt":"2023-10-09T10:44:10","guid":{"rendered":"https:\/\/www.anticagastronomia.com\/prodotti\/vol-au-vent\/"},"modified":"2023-10-09T10:44:11","modified_gmt":"2023-10-09T10:44:11","slug":"vol-au-vent","status":"publish","type":"product","link":"https:\/\/www.anticagastronomia.com\/fr\/prodotti\/vol-au-vent\/","title":{"rendered":"Vol au vent"},"content":{"rendered":"\t\t<div data-elementor-type=\"product-post\" data-elementor-id=\"18737\" class=\"elementor elementor-18737 elementor-9173\" data-elementor-post-type=\"product\">\n\t\t\t\t<div class=\"elementor-element elementor-element-55212b9a e-flex e-con-boxed e-con e-parent\" data-id=\"55212b9a\" data-element_type=\"container\" data-e-type=\"container\" data-settings=\"{&quot;background_background&quot;:&quot;classic&quot;}\">\n\t\t\t\t\t<div class=\"e-con-inner\">\n\t\t<div class=\"elementor-element elementor-element-c3be608 e-con-full e-flex e-con e-parent\" data-id=\"c3be608\" data-element_type=\"container\" data-e-type=\"container\">\n\t\t\t\t<div class=\"elementor-element elementor-element-128ffe3b elementor-widget elementor-widget-woocommerce-product-title elementor-page-title elementor-widget-heading\" data-id=\"128ffe3b\" data-element_type=\"widget\" data-e-type=\"widget\" data-widget_type=\"woocommerce-product-title.default\">\n\t\t\t\t<div class=\"elementor-widget-container\">\n\t\t\t\t\t<h1 class=\"product_title entry-title elementor-heading-title elementor-size-default\">Vol au vent<\/h1>\t\t\t\t<\/div>\n\t\t\t\t<\/div>\n\t\t\t\t<div class=\"elementor-element elementor-element-149f98d3 elementor-widget elementor-widget-Table\" data-id=\"149f98d3\" data-element_type=\"widget\" data-e-type=\"widget\" data-widget_type=\"Table.default\">\n\t\t\t\t<div class=\"elementor-widget-container\">\n\t\t\t\t\t\t\t<table class=\"tafe-table \">\n\t\t\t<thead  class=\"tafe-table-header\">\n\t\t\t\t<tr>\n\t\t\t\t\t<th class=\"elementor-inline-editing elementor-repeater-item-a11eddb\"  colSpan=\"2\" >Valeurs nutritionnelles pour 100g<\/th>\t\t\t\t<\/tr>\n\t\t\t<\/thead>\n\t\t\t\t\t\t<tbody class=\"tafe-table-body\">\n\t\t\t\t<tr>\n\t\t\t\t\t<td data-label=\"Valeurs nutritionnelles pour 100g\"   class=\"elementor-repeater-item-9197e2f td-content-type-default\" >\u00c9nergie<\/td><td data-label=\"\"   class=\"elementor-repeater-item-c5cace3 td-content-type-default\" >kJ 1620\/Kcal 390<\/td><\/tr><tr><td data-label=\"Valeurs nutritionnelles pour 100g\"   class=\"elementor-repeater-item-04d3edd td-content-type-default\" >Graisse<\/td><td data-label=\"\"   class=\"elementor-repeater-item-8dc0bd1 td-content-type-default\" >30 g<\/td><\/tr><tr><td data-label=\"Valeurs nutritionnelles pour 100g\"   class=\"elementor-repeater-item-5098ae7 td-content-type-default\" >dont acides gras satur\u00e9s<\/td><td data-label=\"\"   class=\"elementor-repeater-item-8847d8f td-content-type-default\" >6.6 g<\/td><\/tr><tr><td data-label=\"Valeurs nutritionnelles pour 100g\"   class=\"elementor-repeater-item-28ee6f4 td-content-type-default\" >Glucides<\/td><td data-label=\"\"   class=\"elementor-repeater-item-3de998d td-content-type-default\" >27 g<\/td><\/tr><tr><td data-label=\"Valeurs nutritionnelles pour 100g\"   class=\"elementor-repeater-item-f7f80ee td-content-type-default\" >dont sucres<\/td><td data-label=\"\"   class=\"elementor-repeater-item-788a660 td-content-type-default\" >0 g<\/td><\/tr><tr><td data-label=\"Valeurs nutritionnelles pour 100g\"   class=\"elementor-repeater-item-d427318 td-content-type-default\" >Fibres<\/td><td data-label=\"\"   class=\"elementor-repeater-item-ca0dac4 td-content-type-default\" >1.0 g<\/td><\/tr><tr><td data-label=\"Valeurs nutritionnelles pour 100g\"   class=\"elementor-repeater-item-0c1b84a td-content-type-default\" >Prot\u00e9ine<\/td><td data-label=\"\"   class=\"elementor-repeater-item-0b8a12b td-content-type-default\" >2.5 g<\/td><\/tr><tr><td data-label=\"Valeurs nutritionnelles pour 100g\"   class=\"elementor-repeater-item-41d6a2b td-content-type-default\" >Sel<\/td><td data-label=\"\"   class=\"elementor-repeater-item-5f819fa td-content-type-default\" >1.4 g<\/td>\t\t\t\t<\/tr>\n\t\t\t<\/tbody>\n\t\t<\/table>\n\t\t\n\t\t\t\t\t\t<\/div>\n\t\t\t\t<\/div>\n\t\t\t\t<\/div>\n\t\t<div class=\"elementor-element elementor-element-4df0b21c e-con-full e-flex e-con e-parent\" data-id=\"4df0b21c\" data-element_type=\"container\" data-e-type=\"container\">\n\t\t\t\t<div class=\"elementor-element elementor-element-2fee923 elementor-widget elementor-widget-n-accordion\" data-id=\"2fee923\" data-element_type=\"widget\" data-e-type=\"widget\" data-settings=\"{&quot;default_state&quot;:&quot;expanded&quot;,&quot;max_items_expended&quot;:&quot;one&quot;,&quot;n_accordion_animation_duration&quot;:{&quot;unit&quot;:&quot;ms&quot;,&quot;size&quot;:400,&quot;sizes&quot;:[]}}\" data-widget_type=\"nested-accordion.default\">\n\t\t\t\t<div class=\"elementor-widget-container\">\n\t\t\t\t\t\t\t<div class=\"e-n-accordion\" aria-label=\"Accordion. Open links with Enter or Space, close with Escape, and navigate with Arrow Keys\">\n\t\t\t\t\t\t<details id=\"e-n-accordion-item-5020\" class=\"e-n-accordion-item\" open>\n\t\t\t\t<summary class=\"e-n-accordion-item-title\" data-accordion-index=\"1\" tabindex=\"0\" aria-expanded=\"true\" aria-controls=\"e-n-accordion-item-5020\" >\n\t\t\t\t\t<span class='e-n-accordion-item-title-header'><div class=\"e-n-accordion-item-title-text\"> Ingr\u00e9dients <\/div><\/span>\n\t\t\t\t\t\t\t<span class='e-n-accordion-item-title-icon'>\n\t\t\t<span class='e-opened' ><i aria-hidden=\"true\" class=\"fas fa-minus\"><\/i><\/span>\n\t\t\t<span class='e-closed'><i aria-hidden=\"true\" class=\"fas fa-plus\"><\/i><\/span>\n\t\t<\/span>\n\n\t\t\t\t\t\t<\/summary>\n\t\t\t\t<div role=\"region\" aria-labelledby=\"e-n-accordion-item-5020\" class=\"elementor-element elementor-element-19ebfb2d e-con-full e-flex e-con e-parent\" data-id=\"19ebfb2d\" data-element_type=\"container\" data-e-type=\"container\">\n\t\t\t\t<div class=\"elementor-element elementor-element-49961b9 elementor-widget elementor-widget-text-editor\" data-id=\"49961b9\" data-element_type=\"widget\" data-e-type=\"widget\" data-widget_type=\"text-editor.default\">\n\t\t\t\t<div class=\"elementor-widget-container\">\n\t\t\t\t\t\t\t\t\t<p>Vol au vent (Farine de <strong>bl\u00e9,<\/strong> \u00ab 00 \u00bb, margarine [huiles et graisses v\u00e9g\u00e9tales v\u00e9g\u00e9tales (palmier, colza, tournesol en proportions variables), eau, sel, \u00e9mulsifiants : l\u00e9cithines E471, acidifiant: acide citrique, ar\u00f4mes, colorants: carot\u00e8ne], sel, sucre caram\u00e9lis\u00e9) (39 %), SAUCE AU THON: Mayonnaise (huile v\u00e9g\u00e9tale (tournesol), eau, amidon, jaune d\u2019<strong>\u0153uf<\/strong> pasteuris\u00e9 (4,5%), vinaigre d\u2019alcool, sel de table, sucre, jus de citron concentr\u00e9, conservateur: sorbate de potassium, acidifiant: acide citrique, \u00e9paississants (gomme de guar, gomme de xanthane), antioxydant E385, ar\u00f4me.), <strong>thon<\/strong>, concombres (concombres, eau, vinaigre de vin, sel. Antioxydant: E300. R\u00e9gulateur d\u2019acidit\u00e9: E330.), C\u00e2pres (c\u00e2pres 60%, sel), Epices, INS. RUSSE: Pommes de terre, Mayonnaise (huile v\u00e9g\u00e9tale (tournesol), eau, amidon, jaune d\u2019<strong>\u0153uf<\/strong> pasteuris\u00e9 (4,5%), vinaigre d\u2019alcool, sel, sucre, concentr\u00e9 de jus de citron, conservateur: sorbate de potassium, acidifiant: acide citrique, \u00e9paississants (gomme de potassium) guar, gomme xanthane), antioxydant E385, ar\u00f4me.), Carottes, Pois, Sel, Exhausteurs de go\u00fbt: Glutamate monosodique, Acidifiants: Acide citrique, SAUCE CHAMPIGNONS: Champignons (Champignons coup\u00e9s (Agaricus Bisporus), huile de tournesol, m\u00e9lange d\u2019\u00e9pices (dans des proportions variables: oignon, persil, marjolaine), sel. Exhausteur de go\u00fbt: E621 (glutamate monosodique). Correcteur de Acidit\u00e9:E330.), Mayonnaise (huile v\u00e9g\u00e9tale (tournesol), eau, amidon, jaune d\u2019<strong>\u0153uf<\/strong> pasteuris\u00e9 (4,5 %), vinaigre d\u2019alcool, sel de table, sucre, jus de citron concentr\u00e9, conservateur: sorbate de potassium, acidifiant: acide citrique, \u00e9paississants (gomme de guar, gomme de xanthane), antioxydant E385, ar\u00f4me.)<\/p>\n\t\t\t\t\t\t\t\t<\/div>\n\t\t\t\t<\/div>\n\t\t\t\t<\/div>\n\t\t\t\t\t<\/details>\n\t\t\t\t\t\t<details id=\"e-n-accordion-item-5021\" class=\"e-n-accordion-item\" >\n\t\t\t\t<summary class=\"e-n-accordion-item-title\" data-accordion-index=\"2\" tabindex=\"-1\" aria-expanded=\"false\" aria-controls=\"e-n-accordion-item-5021\" >\n\t\t\t\t\t<span class='e-n-accordion-item-title-header'><div class=\"e-n-accordion-item-title-text\"> Conditions de stockage  <\/div><\/span>\n\t\t\t\t\t\t\t<span class='e-n-accordion-item-title-icon'>\n\t\t\t<span class='e-opened' ><i aria-hidden=\"true\" class=\"fas fa-minus\"><\/i><\/span>\n\t\t\t<span class='e-closed'><i aria-hidden=\"true\" class=\"fas fa-plus\"><\/i><\/span>\n\t\t<\/span>\n\n\t\t\t\t\t\t<\/summary>\n\t\t\t\t<div role=\"region\" aria-labelledby=\"e-n-accordion-item-5021\" class=\"elementor-element elementor-element-194b4115 e-con-full e-flex e-con e-parent\" data-id=\"194b4115\" data-element_type=\"container\" data-e-type=\"container\">\n\t\t\t\t<div class=\"elementor-element elementor-element-13c80077 elementor-widget elementor-widget-text-editor\" data-id=\"13c80077\" data-element_type=\"widget\" data-e-type=\"widget\" data-widget_type=\"text-editor.default\">\n\t\t\t\t<div class=\"elementor-widget-container\">\n\t\t\t\t\t\t\t\t\t<p>Au r\u00e9frig\u00e9rateur \u00e0 une temp\u00e9rature comprise entre 0\u00b0C + 4\u00b0C. Consommez le produit dans les 5 jours suivant l\u2019ouverture de l\u2019emballage.<\/p>\n\t\t\t\t\t\t\t\t<\/div>\n\t\t\t\t<\/div>\n\t\t\t\t<\/div>\n\t\t\t\t\t<\/details>\n\t\t\t\t\t\t<details id=\"e-n-accordion-item-5022\" class=\"e-n-accordion-item\" >\n\t\t\t\t<summary class=\"e-n-accordion-item-title\" data-accordion-index=\"3\" tabindex=\"-1\" aria-expanded=\"false\" aria-controls=\"e-n-accordion-item-5022\" >\n\t\t\t\t\t<span class='e-n-accordion-item-title-header'><div class=\"e-n-accordion-item-title-text\"> Mode d\u2019emploi <\/div><\/span>\n\t\t\t\t\t\t\t<span class='e-n-accordion-item-title-icon'>\n\t\t\t<span class='e-opened' ><i aria-hidden=\"true\" class=\"fas fa-minus\"><\/i><\/span>\n\t\t\t<span class='e-closed'><i aria-hidden=\"true\" class=\"fas fa-plus\"><\/i><\/span>\n\t\t<\/span>\n\n\t\t\t\t\t\t<\/summary>\n\t\t\t\t<div role=\"region\" aria-labelledby=\"e-n-accordion-item-5022\" class=\"elementor-element elementor-element-40240091 e-con-full e-flex e-con e-parent\" data-id=\"40240091\" data-element_type=\"container\" data-e-type=\"container\">\n\t\t\t\t<div class=\"elementor-element elementor-element-1f4338c7 elementor-widget elementor-widget-text-editor\" data-id=\"1f4338c7\" data-element_type=\"widget\" data-e-type=\"widget\" data-widget_type=\"text-editor.default\">\n\t\t\t\t<div class=\"elementor-widget-container\">\n\t\t\t\t\t\t\t\t\t<p>Les \u00ab Vol au vent \u00bb sont recommand\u00e9s pour les ap\u00e9ritifs ou les collations.<\/p>\n\t\t\t\t\t\t\t\t<\/div>\n\t\t\t\t<\/div>\n\t\t\t\t<\/div>\n\t\t\t\t\t<\/details>\n\t\t\t\t\t\t<details id=\"e-n-accordion-item-5023\" class=\"e-n-accordion-item\" >\n\t\t\t\t<summary class=\"e-n-accordion-item-title\" data-accordion-index=\"4\" tabindex=\"-1\" aria-expanded=\"false\" aria-controls=\"e-n-accordion-item-5023\" >\n\t\t\t\t\t<span class='e-n-accordion-item-title-header'><div class=\"e-n-accordion-item-title-text\"> Tableau des allerg\u00e8nes <\/div><\/span>\n\t\t\t\t\t\t\t<span class='e-n-accordion-item-title-icon'>\n\t\t\t<span class='e-opened' ><i aria-hidden=\"true\" class=\"fas fa-minus\"><\/i><\/span>\n\t\t\t<span class='e-closed'><i aria-hidden=\"true\" class=\"fas fa-plus\"><\/i><\/span>\n\t\t<\/span>\n\n\t\t\t\t\t\t<\/summary>\n\t\t\t\t<div role=\"region\" aria-labelledby=\"e-n-accordion-item-5023\" class=\"elementor-element elementor-element-46d721c2 e-con-full e-flex e-con e-parent\" data-id=\"46d721c2\" data-element_type=\"container\" data-e-type=\"container\">\n\t\t\t\t<div class=\"elementor-element elementor-element-70bf030c elementor-widget elementor-widget-Table\" data-id=\"70bf030c\" data-element_type=\"widget\" data-e-type=\"widget\" data-widget_type=\"Table.default\">\n\t\t\t\t<div class=\"elementor-widget-container\">\n\t\t\t\t\t\t\t<table class=\"tafe-table \">\n\t\t\t<thead  class=\"tafe-table-header\">\n\t\t\t\t<tr>\n\t\t\t\t\t<th class=\"elementor-inline-editing elementor-repeater-item-9e0be39\"   >Tableau des allerg\u00e8nes<\/th><th class=\"elementor-inline-editing elementor-repeater-item-56e369c\"   >Pr\u00e9sence<\/th><th class=\"elementor-inline-editing elementor-repeater-item-dc33522\"   >Pote. Pr\u00e9sence<\/th>\t\t\t\t<\/tr>\n\t\t\t<\/thead>\n\t\t\t\t\t\t<tbody class=\"tafe-table-body\">\n\t\t\t\t<tr>\n\t\t\t\t\t<td data-label=\"Tableau des allerg\u00e8nes\"   class=\"elementor-repeater-item-d6d0fe3 td-content-type-default\" >Anhydride sulfureux et sulfites<\/td><td data-label=\"Pr\u00e9sence\"   class=\"elementor-repeater-item-228f674 td-content-type-default\" >X<\/td><td data-label=\"Pote. Pr\u00e9sence\"   class=\"elementor-repeater-item-addb78b td-content-type-default\" >-<\/td><\/tr><tr><td data-label=\"Tableau des allerg\u00e8nes\"   class=\"elementor-repeater-item-abb796c td-content-type-default\" >Arachides et produits \u00e0 base d\u2019arachides<\/td><td data-label=\"Pr\u00e9sence\"   class=\"elementor-repeater-item-46bbcac td-content-type-default\" >-<\/td><td data-label=\"Pote. Pr\u00e9sence\"   class=\"elementor-repeater-item-1fd6b5f td-content-type-default\" >-<\/td><\/tr><tr><td data-label=\"Tableau des allerg\u00e8nes\"   class=\"elementor-repeater-item-48b2839 td-content-type-default\" >C\u00e9r\u00e9ales contenant du gluten<\/td><td data-label=\"Pr\u00e9sence\"   class=\"elementor-repeater-item-9ad4aa4 td-content-type-default\" >X<\/td><td data-label=\"Pote. Pr\u00e9sence\"   class=\"elementor-repeater-item-886ce01 td-content-type-default\" >-<\/td><\/tr><tr><td data-label=\"Tableau des allerg\u00e8nes\"   class=\"elementor-repeater-item-a2d97cd td-content-type-default\" >Crustac\u00e9s et produits \u00e0 base de crustac\u00e9s<\/td><td data-label=\"Pr\u00e9sence\"   class=\"elementor-repeater-item-cd5ae63 td-content-type-default\" >-<\/td><td data-label=\"Pote. Pr\u00e9sence\"   class=\"elementor-repeater-item-29ee413 td-content-type-default\" >-<\/td><\/tr><tr><td data-label=\"Tableau des allerg\u00e8nes\"   class=\"elementor-repeater-item-ba1899d td-content-type-default\" >Fruits \u00e0 coque<\/td><td data-label=\"Pr\u00e9sence\"   class=\"elementor-repeater-item-98324e9 td-content-type-default\" >-<\/td><td data-label=\"Pote. Pr\u00e9sence\"   class=\"elementor-repeater-item-5703f4c td-content-type-default\" >-<\/td><\/tr><tr><td data-label=\"Tableau des allerg\u00e8nes\"   class=\"elementor-repeater-item-8ef5ab2 td-content-type-default\" >Lait et produits \u00e0 base de lait<\/td><td data-label=\"Pr\u00e9sence\"   class=\"elementor-repeater-item-306576e td-content-type-default\" >-<\/td><td data-label=\"Pote. Pr\u00e9sence\"   class=\"elementor-repeater-item-be6b813 td-content-type-default\" >-<\/td><\/tr><tr><td data-label=\"Tableau des allerg\u00e8nes\"   class=\"elementor-repeater-item-2a253d5 td-content-type-default\" >Lupin et produits \u00e0 base de lupin<\/td><td data-label=\"Pr\u00e9sence\"   class=\"elementor-repeater-item-cafc144 td-content-type-default\" >-<\/td><td data-label=\"Pote. Pr\u00e9sence\"   class=\"elementor-repeater-item-69cccfb td-content-type-default\" >-<\/td><\/tr><tr><td data-label=\"Tableau des allerg\u00e8nes\"   class=\"elementor-repeater-item-a53807f td-content-type-default\" >Graines de s\u00e9same et produits \u00e0 base de graines de s\u00e9same<\/td><td data-label=\"Pr\u00e9sence\"   class=\"elementor-repeater-item-d2f11d1 td-content-type-default\" >-<\/td><td data-label=\"Pote. Pr\u00e9sence\"   class=\"elementor-repeater-item-7eecd88 td-content-type-default\" >-<\/td><\/tr><tr><td data-label=\"Tableau des allerg\u00e8nes\"   class=\"elementor-repeater-item-80e96ec td-content-type-default\" >Mollusques et produits \u00e0 base de mollusques<\/td><td data-label=\"Pr\u00e9sence\"   class=\"elementor-repeater-item-fb1b2de td-content-type-default\" >-<\/td><td data-label=\"Pote. Pr\u00e9sence\"   class=\"elementor-repeater-item-bd2c87d td-content-type-default\" >-<\/td><\/tr><tr><td data-label=\"Tableau des allerg\u00e8nes\"   class=\"elementor-repeater-item-77d0b6a td-content-type-default\" >Poissons et produits \u00e0 base de poissons<\/td><td data-label=\"Pr\u00e9sence\"   class=\"elementor-repeater-item-99d76de td-content-type-default\" >X<\/td><td data-label=\"Pote. Pr\u00e9sence\"   class=\"elementor-repeater-item-0aea982 td-content-type-default\" >-<\/td><\/tr><tr><td data-label=\"Tableau des allerg\u00e8nes\"   class=\"elementor-repeater-item-c53a9cd td-content-type-default\" >C\u00e9leri et produits \u00e0 base de c\u00e9leri<\/td><td data-label=\"Pr\u00e9sence\"   class=\"elementor-repeater-item-18428af td-content-type-default\" >-<\/td><td data-label=\"Pote. Pr\u00e9sence\"   class=\"elementor-repeater-item-17b8f38 td-content-type-default\" >-<\/td><\/tr><tr><td data-label=\"Tableau des allerg\u00e8nes\"   class=\"elementor-repeater-item-d7e7e6c td-content-type-default\" >Moutarde et produits \u00e0 base de moutarde<\/td><td data-label=\"Pr\u00e9sence\"   class=\"elementor-repeater-item-dcb3bd8 td-content-type-default\" >-<\/td><td data-label=\"Pote. Pr\u00e9sence\"   class=\"elementor-repeater-item-598ae26 td-content-type-default\" >-<\/td><\/tr><tr><td data-label=\"Tableau des allerg\u00e8nes\"   class=\"elementor-repeater-item-2d008f9 td-content-type-default\" >Soja et produits \u00e0 base de soja<\/td><td data-label=\"Pr\u00e9sence\"   class=\"elementor-repeater-item-07fd935 td-content-type-default\" >-<\/td><td data-label=\"Pote. Pr\u00e9sence\"   class=\"elementor-repeater-item-40dbb19 td-content-type-default\" >-<\/td><\/tr><tr><td data-label=\"Tableau des allerg\u00e8nes\"   class=\"elementor-repeater-item-d69b119 td-content-type-default\" >\u0152ufs et produits \u00e0 base d\u2019\u0153ufs<\/td><td data-label=\"Pr\u00e9sence\"   class=\"elementor-repeater-item-c45f7b9 td-content-type-default\" >X<\/td><td data-label=\"Pote. Pr\u00e9sence\"   class=\"elementor-repeater-item-dacae0a td-content-type-default\" >-<\/td>\t\t\t\t<\/tr>\n\t\t\t<\/tbody>\n\t\t<\/table>\n\t\t\n\t\t\t\t\t\t<\/div>\n\t\t\t\t<\/div>\n\t\t\t\t<\/div>\n\t\t\t\t\t<\/details>\n\t\t\t\t\t\t<details id=\"e-n-accordion-item-5024\" class=\"e-n-accordion-item\" >\n\t\t\t\t<summary class=\"e-n-accordion-item-title\" data-accordion-index=\"5\" tabindex=\"-1\" aria-expanded=\"false\" aria-controls=\"e-n-accordion-item-5024\" >\n\t\t\t\t\t<span class='e-n-accordion-item-title-header'><div class=\"e-n-accordion-item-title-text\"> Emballage <\/div><\/span>\n\t\t\t\t\t\t\t<span class='e-n-accordion-item-title-icon'>\n\t\t\t<span class='e-opened' ><i aria-hidden=\"true\" class=\"fas fa-minus\"><\/i><\/span>\n\t\t\t<span class='e-closed'><i aria-hidden=\"true\" class=\"fas fa-plus\"><\/i><\/span>\n\t\t<\/span>\n\n\t\t\t\t\t\t<\/summary>\n\t\t\t\t<div role=\"region\" aria-labelledby=\"e-n-accordion-item-5024\" class=\"elementor-element elementor-element-e88f2d5 e-con-full e-flex e-con e-parent\" data-id=\"e88f2d5\" data-element_type=\"container\" data-e-type=\"container\">\n\t\t\t\t<div class=\"elementor-element elementor-element-55e54423 elementor-widget elementor-widget-text-editor\" data-id=\"55e54423\" data-element_type=\"widget\" data-e-type=\"widget\" data-widget_type=\"text-editor.default\">\n\t\t\t\t<div class=\"elementor-widget-container\">\n\t\t\t\t\t\t\t\t\t<p>Conforme \u00e0 la r\u00e9glementation D.M. 21.3.1973, Reg. CE n. 1935\/2004, Reg. CE n. 1895\/2005, Reg. CE n. 10\/2011 e s.m.i.<\/p>\n\t\t\t\t\t\t\t\t<\/div>\n\t\t\t\t<\/div>\n\t\t\t\t<\/div>\n\t\t\t\t\t<\/details>\n\t\t\t\t\t\t<details id=\"e-n-accordion-item-5025\" class=\"e-n-accordion-item\" >\n\t\t\t\t<summary class=\"e-n-accordion-item-title\" data-accordion-index=\"6\" tabindex=\"-1\" aria-expanded=\"false\" aria-controls=\"e-n-accordion-item-5025\" >\n\t\t\t\t\t<span class='e-n-accordion-item-title-header'><div class=\"e-n-accordion-item-title-text\"> Tol\u00e9rance de poids <\/div><\/span>\n\t\t\t\t\t\t\t<span class='e-n-accordion-item-title-icon'>\n\t\t\t<span class='e-opened' ><i aria-hidden=\"true\" class=\"fas fa-minus\"><\/i><\/span>\n\t\t\t<span class='e-closed'><i aria-hidden=\"true\" class=\"fas fa-plus\"><\/i><\/span>\n\t\t<\/span>\n\n\t\t\t\t\t\t<\/summary>\n\t\t\t\t<div role=\"region\" aria-labelledby=\"e-n-accordion-item-5025\" class=\"elementor-element elementor-element-3f29ad11 e-con-full e-flex e-con e-parent\" data-id=\"3f29ad11\" data-element_type=\"container\" data-e-type=\"container\">\n\t\t\t\t<div class=\"elementor-element elementor-element-5bf17676 elementor-widget elementor-widget-text-editor\" data-id=\"5bf17676\" data-element_type=\"widget\" data-e-type=\"widget\" data-widget_type=\"text-editor.default\">\n\t\t\t\t<div class=\"elementor-widget-container\">\n\t\t\t\t\t\t\t\t\t<p><strong>Tous les poids des Produits sont donn\u00e9s \u00e0 titre indicatif <\/strong> car ils sont susceptibles d\u2019\u00eatre modifi\u00e9s. Il peut arriver que le poids (en grammes\/kg) s\u00e9lectionn\u00e9 dans votre commande diff\u00e8re l\u00e9g\u00e8rement du poids (en grammes\/kg) affich\u00e9 au moment de la demande d\u00e9finitivement confirm\u00e9e dans notre confirmation de commande finale<\/p>\n\t\t\t\t\t\t\t\t<\/div>\n\t\t\t\t<\/div>\n\t\t\t\t<\/div>\n\t\t\t\t\t<\/details>\n\t\t\t\t\t\t<details id=\"e-n-accordion-item-5026\" class=\"e-n-accordion-item\" >\n\t\t\t\t<summary class=\"e-n-accordion-item-title\" data-accordion-index=\"7\" tabindex=\"-1\" aria-expanded=\"false\" aria-controls=\"e-n-accordion-item-5026\" >\n\t\t\t\t\t<span class='e-n-accordion-item-title-header'><div class=\"e-n-accordion-item-title-text\"> Produit et emball\u00e9 <\/div><\/span>\n\t\t\t\t\t\t\t<span class='e-n-accordion-item-title-icon'>\n\t\t\t<span class='e-opened' ><i aria-hidden=\"true\" class=\"fas fa-minus\"><\/i><\/span>\n\t\t\t<span class='e-closed'><i aria-hidden=\"true\" class=\"fas fa-plus\"><\/i><\/span>\n\t\t<\/span>\n\n\t\t\t\t\t\t<\/summary>\n\t\t\t\t<div role=\"region\" aria-labelledby=\"e-n-accordion-item-5026\" class=\"elementor-element elementor-element-6f456714 e-con-full e-flex e-con e-parent\" data-id=\"6f456714\" data-element_type=\"container\" data-e-type=\"container\">\n\t\t\t\t<div class=\"elementor-element elementor-element-1e3e19fb elementor-widget elementor-widget-text-editor\" data-id=\"1e3e19fb\" data-element_type=\"widget\" data-e-type=\"widget\" data-widget_type=\"text-editor.default\">\n\t\t\t\t<div class=\"elementor-widget-container\">\n\t\t\t\t\t\t\t\t\tAntica Gastronomia Srl V. E. Fermi,1 62010 Mogliano (Mc)\n* Ces donn\u00e9es peuvent \u00eatre modifi\u00e9es sans pr\u00e9avis du fabricant. Date 07\/08\/2023\t\t\t\t\t\t\t\t<\/div>\n\t\t\t\t<\/div>\n\t\t\t\t<\/div>\n\t\t\t\t\t<\/details>\n\t\t\t\t\t\t<details id=\"e-n-accordion-item-5027\" class=\"e-n-accordion-item\" >\n\t\t\t\t<summary class=\"e-n-accordion-item-title\" data-accordion-index=\"8\" tabindex=\"-1\" aria-expanded=\"false\" aria-controls=\"e-n-accordion-item-5027\" >\n\t\t\t\t\t<span class='e-n-accordion-item-title-header'><div class=\"e-n-accordion-item-title-text\"> Acc\u00e8s \u00e0 l\u2019espace entreprise <\/div><\/span>\n\t\t\t\t\t\t\t<span class='e-n-accordion-item-title-icon'>\n\t\t\t<span class='e-opened' ><i aria-hidden=\"true\" class=\"fas fa-minus\"><\/i><\/span>\n\t\t\t<span class='e-closed'><i aria-hidden=\"true\" class=\"fas fa-plus\"><\/i><\/span>\n\t\t<\/span>\n\n\t\t\t\t\t\t<\/summary>\n\t\t\t\t<div role=\"region\" aria-labelledby=\"e-n-accordion-item-5027\" class=\"elementor-element elementor-element-160f8711 e-con-full e-flex e-con e-parent\" data-id=\"160f8711\" data-element_type=\"container\" data-e-type=\"container\">\n\t\t\t\t<div class=\"elementor-element elementor-element-5e152ee9 elementor-widget elementor-widget-text-editor\" data-id=\"5e152ee9\" data-element_type=\"widget\" data-e-type=\"widget\" data-widget_type=\"text-editor.default\">\n\t\t\t\t<div class=\"elementor-widget-container\">\n\t\t\t\t\t\t\t\t\t<h3>Voulez-vous commander dans le commerce ou demander un devis personnalis\u00e9?<\/h3>\n<p>Vous pouvez cliquer sur le bouton <strong><a href=\"#richiedi\">Demander<\/a><\/strong> sur la page, puis acc\u00e9der \u00e0 la page <a href=\"https:\/\/www.anticagastronomia.com\/richiesta-preventivo\/\" target=\"_blank\" rel=\"noopener\"><strong>de demande<\/strong><\/a>, emplir le formulaire pour demander des informations d\u2019identification ou sp\u00e9cifier vos demandes dans le champ \u00ab Notes \u00bb. Notre service client est \u00e0 votre disposition.<\/p>\n\t\t\t\t\t\t\t\t<\/div>\n\t\t\t\t<\/div>\n\t\t\t\t<\/div>\n\t\t\t\t\t<\/details>\n\t\t\t\t\t<\/div>\n\t\t\t\t\t\t<\/div>\n\t\t\t\t<\/div>\n\t\t\t\t<\/div>\n\t\t\t\t\t<\/div>\n\t\t\t\t<\/div>\n\t\t\t\t<\/div>\n\t\t","protected":false},"excerpt":{"rendered":"<p>Paniers de p\u00e2te feuillet\u00e9e avec salade russe, sauce au thon et sauce aux champignons.<\/p>\n","protected":false},"featured_media":9981,"template":"","meta":[],"product_brand":[],"product_cat":[814],"product_tag":[],"class_list":{"0":"post-18737","1":"product","2":"type-product","3":"status-publish","4":"has-post-thumbnail","6":"product_cat-en-cas","7":"pa_confezione-vassoio-fr","9":"first","10":"instock","11":"taxable","12":"shipping-taxable","13":"purchasable","14":"product-type-variable"},"_links":{"self":[{"href":"https:\/\/www.anticagastronomia.com\/fr\/wp-json\/wp\/v2\/product\/18737","targetHints":{"allow":["GET"]}}],"collection":[{"href":"https:\/\/www.anticagastronomia.com\/fr\/wp-json\/wp\/v2\/product"}],"about":[{"href":"https:\/\/www.anticagastronomia.com\/fr\/wp-json\/wp\/v2\/types\/product"}],"version-history":[{"count":1,"href":"https:\/\/www.anticagastronomia.com\/fr\/wp-json\/wp\/v2\/product\/18737\/revisions"}],"predecessor-version":[{"id":18738,"href":"https:\/\/www.anticagastronomia.com\/fr\/wp-json\/wp\/v2\/product\/18737\/revisions\/18738"}],"wp:featuredmedia":[{"embeddable":true,"href":"https:\/\/www.anticagastronomia.com\/fr\/wp-json\/wp\/v2\/media\/9981"}],"wp:attachment":[{"href":"https:\/\/www.anticagastronomia.com\/fr\/wp-json\/wp\/v2\/media?parent=18737"}],"wp:term":[{"taxonomy":"product_brand","embeddable":true,"href":"https:\/\/www.anticagastronomia.com\/fr\/wp-json\/wp\/v2\/product_brand?post=18737"},{"taxonomy":"product_cat","embeddable":true,"href":"https:\/\/www.anticagastronomia.com\/fr\/wp-json\/wp\/v2\/product_cat?post=18737"},{"taxonomy":"product_tag","embeddable":true,"href":"https:\/\/www.anticagastronomia.com\/fr\/wp-json\/wp\/v2\/product_tag?post=18737"}],"curies":[{"name":"wp","href":"https:\/\/api.w.org\/{rel}","templated":true}]}}