{"id":20247,"date":"2023-10-23T12:29:56","date_gmt":"2023-10-23T12:29:56","guid":{"rendered":"https:\/\/www.anticagastronomia.com\/prodotti\/calabacin-con-carne-gratinada\/"},"modified":"2023-10-23T12:29:57","modified_gmt":"2023-10-23T12:29:57","slug":"calabacin-con-carne-gratinada","status":"publish","type":"product","link":"https:\/\/www.anticagastronomia.com\/es\/prodotti\/calabacin-con-carne-gratinada\/","title":{"rendered":"Calabac\u00edn con carne gratinada"},"content":{"rendered":"\t\t<div data-elementor-type=\"product-post\" data-elementor-id=\"20247\" class=\"elementor elementor-20247 elementor-8737\" data-elementor-post-type=\"product\">\n\t\t\t\t<div class=\"elementor-element elementor-element-62e68de0 e-flex e-con-boxed e-con e-parent\" data-id=\"62e68de0\" data-element_type=\"container\" data-e-type=\"container\" data-settings=\"{&quot;background_background&quot;:&quot;classic&quot;}\">\n\t\t\t\t\t<div class=\"e-con-inner\">\n\t\t<div class=\"elementor-element elementor-element-52f7694f e-con-full e-flex e-con e-parent\" data-id=\"52f7694f\" data-element_type=\"container\" data-e-type=\"container\">\n\t\t\t\t<div class=\"elementor-element elementor-element-394fda6e elementor-widget elementor-widget-woocommerce-product-title elementor-page-title elementor-widget-heading\" data-id=\"394fda6e\" data-element_type=\"widget\" data-e-type=\"widget\" data-widget_type=\"woocommerce-product-title.default\">\n\t\t\t\t<div class=\"elementor-widget-container\">\n\t\t\t\t\t<h1 class=\"product_title entry-title elementor-heading-title elementor-size-default\">Calabac\u00edn con carne gratinada<\/h1>\t\t\t\t<\/div>\n\t\t\t\t<\/div>\n\t\t\t\t<div class=\"elementor-element elementor-element-41a61ad1 elementor-widget elementor-widget-Table\" data-id=\"41a61ad1\" data-element_type=\"widget\" data-e-type=\"widget\" data-widget_type=\"Table.default\">\n\t\t\t\t<div class=\"elementor-widget-container\">\n\t\t\t\t\t\t\t<table class=\"tafe-table \">\n\t\t\t<thead  class=\"tafe-table-header\">\n\t\t\t\t<tr>\n\t\t\t\t\t<th class=\"elementor-inline-editing elementor-repeater-item-a11eddb\"  colSpan=\"2\" >Valores nutricionales por 100g<\/th>\t\t\t\t<\/tr>\n\t\t\t<\/thead>\n\t\t\t\t\t\t<tbody class=\"tafe-table-body\">\n\t\t\t\t<tr>\n\t\t\t\t\t<td data-label=\"Valores nutricionales por 100g\"   class=\"elementor-repeater-item-9197e2f td-content-type-default\" >Energ\u00eda<\/td><td data-label=\"\"   class=\"elementor-repeater-item-c5cace3 td-content-type-default\" >kJ 299\/Kcal 72<\/td><\/tr><tr><td data-label=\"Valores nutricionales por 100g\"   class=\"elementor-repeater-item-04d3edd td-content-type-default\" >Grasas<\/td><td data-label=\"\"   class=\"elementor-repeater-item-8dc0bd1 td-content-type-default\" >3.8 g<\/td><\/tr><tr><td data-label=\"Valores nutricionales por 100g\"   class=\"elementor-repeater-item-5098ae7 td-content-type-default\" >de las cuales grasas saturadas<\/td><td data-label=\"\"   class=\"elementor-repeater-item-8847d8f td-content-type-default\" >1.2 g<\/td><\/tr><tr><td data-label=\"Valores nutricionales por 100g\"   class=\"elementor-repeater-item-28ee6f4 td-content-type-default\" >Carbohidratos<\/td><td data-label=\"\"   class=\"elementor-repeater-item-3de998d td-content-type-default\" >1.9 g<\/td><\/tr><tr><td data-label=\"Valores nutricionales por 100g\"   class=\"elementor-repeater-item-f7f80ee td-content-type-default\" >de los cuales: Az\u00facares<\/td><td data-label=\"\"   class=\"elementor-repeater-item-788a660 td-content-type-default\" >1.2 g<\/td><\/tr><tr><td data-label=\"Valores nutricionales por 100g\"   class=\"elementor-repeater-item-d427318 td-content-type-default\" >Fibras<\/td><td data-label=\"\"   class=\"elementor-repeater-item-ca0dac4 td-content-type-default\" >0.9 g<\/td><\/tr><tr><td data-label=\"Valores nutricionales por 100g\"   class=\"elementor-repeater-item-0c1b84a td-content-type-default\" >Prote\u00ednas<\/td><td data-label=\"\"   class=\"elementor-repeater-item-0b8a12b td-content-type-default\" >7.0 g<\/td><\/tr><tr><td data-label=\"Valores nutricionales por 100g\"   class=\"elementor-repeater-item-41d6a2b td-content-type-default\" >Sal<\/td><td data-label=\"\"   class=\"elementor-repeater-item-5f819fa td-content-type-default\" >1.3 g<\/td>\t\t\t\t<\/tr>\n\t\t\t<\/tbody>\n\t\t<\/table>\n\t\t\n\t\t\t\t\t\t<\/div>\n\t\t\t\t<\/div>\n\t\t\t\t<\/div>\n\t\t<div class=\"elementor-element elementor-element-3860e226 e-con-full e-flex e-con e-parent\" data-id=\"3860e226\" data-element_type=\"container\" data-e-type=\"container\">\n\t\t\t\t<div class=\"elementor-element elementor-element-3c895c41 elementor-widget elementor-widget-n-accordion\" data-id=\"3c895c41\" data-element_type=\"widget\" data-e-type=\"widget\" data-settings=\"{&quot;default_state&quot;:&quot;expanded&quot;,&quot;max_items_expended&quot;:&quot;one&quot;,&quot;n_accordion_animation_duration&quot;:{&quot;unit&quot;:&quot;ms&quot;,&quot;size&quot;:400,&quot;sizes&quot;:[]}}\" data-widget_type=\"nested-accordion.default\">\n\t\t\t\t<div class=\"elementor-widget-container\">\n\t\t\t\t\t\t\t<div class=\"e-n-accordion\" aria-label=\"Accordion. Open links with Enter or Space, close with Escape, and navigate with Arrow Keys\">\n\t\t\t\t\t\t<details id=\"e-n-accordion-item-1010\" class=\"e-n-accordion-item\" open>\n\t\t\t\t<summary class=\"e-n-accordion-item-title\" data-accordion-index=\"1\" tabindex=\"0\" aria-expanded=\"true\" aria-controls=\"e-n-accordion-item-1010\" >\n\t\t\t\t\t<span class='e-n-accordion-item-title-header'><div class=\"e-n-accordion-item-title-text\"> Ingredientes <\/div><\/span>\n\t\t\t\t\t\t\t<span class='e-n-accordion-item-title-icon'>\n\t\t\t<span class='e-opened' ><i aria-hidden=\"true\" class=\"fas fa-minus\"><\/i><\/span>\n\t\t\t<span class='e-closed'><i aria-hidden=\"true\" class=\"fas fa-plus\"><\/i><\/span>\n\t\t<\/span>\n\n\t\t\t\t\t\t<\/summary>\n\t\t\t\t<div role=\"region\" aria-labelledby=\"e-n-accordion-item-1010\" class=\"elementor-element elementor-element-7b7cc293 e-con-full e-flex e-con e-parent\" data-id=\"7b7cc293\" data-element_type=\"container\" data-e-type=\"container\">\n\t\t\t\t<div class=\"elementor-element elementor-element-50ca59e0 elementor-widget elementor-widget-text-editor\" data-id=\"50ca59e0\" data-element_type=\"widget\" data-e-type=\"widget\" data-widget_type=\"text-editor.default\">\n\t\t\t\t<div class=\"elementor-widget-container\">\n\t\t\t\t\t\t\t\t\tCalabac\u00edn (65,5 %), Carne de pavo (12,8 %), Cerdo (12 %), Tomates\nTomates cherry, Leche, Huevos, Aceite de girasol, Sal, Queso curado (Leche,\nsal, coagulante microbiano), pan rallado (harina tipo \u00ab0\u00bb y \u00ab00\u00bb, agua, levadura\ncerveza, sal), Especias, Antioxidantes: Ascorbato de sodio, Preparaci\u00f3n: dextrosa, sal,\nCorrector de pH: E262, E331, Antioxidante: E300, Sabores naturales, Pimienta negra,\nConservantes: \u00c1cido s\u00f3rbico, Nitrato de potasio, Aromas, Aromas naturales.\t\t\t\t\t\t\t\t<\/div>\n\t\t\t\t<\/div>\n\t\t\t\t<\/div>\n\t\t\t\t\t<\/details>\n\t\t\t\t\t\t<details id=\"e-n-accordion-item-1011\" class=\"e-n-accordion-item\" >\n\t\t\t\t<summary class=\"e-n-accordion-item-title\" data-accordion-index=\"2\" tabindex=\"-1\" aria-expanded=\"false\" aria-controls=\"e-n-accordion-item-1011\" >\n\t\t\t\t\t<span class='e-n-accordion-item-title-header'><div class=\"e-n-accordion-item-title-text\"> Condiciones de almacenamiento  <\/div><\/span>\n\t\t\t\t\t\t\t<span class='e-n-accordion-item-title-icon'>\n\t\t\t<span class='e-opened' ><i aria-hidden=\"true\" class=\"fas fa-minus\"><\/i><\/span>\n\t\t\t<span class='e-closed'><i aria-hidden=\"true\" class=\"fas fa-plus\"><\/i><\/span>\n\t\t<\/span>\n\n\t\t\t\t\t\t<\/summary>\n\t\t\t\t<div role=\"region\" aria-labelledby=\"e-n-accordion-item-1011\" class=\"elementor-element elementor-element-17f677f1 e-con-full e-flex e-con e-parent\" data-id=\"17f677f1\" data-element_type=\"container\" data-e-type=\"container\">\n\t\t\t\t<div class=\"elementor-element elementor-element-5d6b08bc elementor-widget elementor-widget-text-editor\" data-id=\"5d6b08bc\" data-element_type=\"widget\" data-e-type=\"widget\" data-widget_type=\"text-editor.default\">\n\t\t\t\t<div class=\"elementor-widget-container\">\n\t\t\t\t\t\t\t\t\tEn la nevera a una temperatura entre 0\u00b0C + 4\u00b0C. Consuma el producto dentro de los 3\nd\u00edas posteriores a la apertura del paquete.\t\t\t\t\t\t\t\t<\/div>\n\t\t\t\t<\/div>\n\t\t\t\t<\/div>\n\t\t\t\t\t<\/details>\n\t\t\t\t\t\t<details id=\"e-n-accordion-item-1012\" class=\"e-n-accordion-item\" >\n\t\t\t\t<summary class=\"e-n-accordion-item-title\" data-accordion-index=\"3\" tabindex=\"-1\" aria-expanded=\"false\" aria-controls=\"e-n-accordion-item-1012\" >\n\t\t\t\t\t<span class='e-n-accordion-item-title-header'><div class=\"e-n-accordion-item-title-text\"> Recomendaciones <\/div><\/span>\n\t\t\t\t\t\t\t<span class='e-n-accordion-item-title-icon'>\n\t\t\t<span class='e-opened' ><i aria-hidden=\"true\" class=\"fas fa-minus\"><\/i><\/span>\n\t\t\t<span class='e-closed'><i aria-hidden=\"true\" class=\"fas fa-plus\"><\/i><\/span>\n\t\t<\/span>\n\n\t\t\t\t\t\t<\/summary>\n\t\t\t\t<div role=\"region\" aria-labelledby=\"e-n-accordion-item-1012\" class=\"elementor-element elementor-element-38c6700f e-con-full e-flex e-con e-parent\" data-id=\"38c6700f\" data-element_type=\"container\" data-e-type=\"container\">\n\t\t\t\t<div class=\"elementor-element elementor-element-1a883560 elementor-widget elementor-widget-text-editor\" data-id=\"1a883560\" data-element_type=\"widget\" data-e-type=\"widget\" data-widget_type=\"text-editor.default\">\n\t\t\t\t<div class=\"elementor-widget-container\">\n\t\t\t\t\t\t\t\t\tEl \u00abCalabac\u00edn con carne gratinada\u00bb se puede utilizar tanto como guarnici\u00f3n como guarnici\u00f3n\no como plato principal. S\u00ed, se pueden disfrutar fr\u00edos o calentados en una sart\u00e9n antiadherente para\n4 minutos a fuego medio, o en el horno tradicional durante 5 minutos a\ntemperatura de 185\u00b0C o en el horno microondas durante 2 minutos a una potencia de 720\nvatios.\t\t\t\t\t\t\t\t<\/div>\n\t\t\t\t<\/div>\n\t\t\t\t<\/div>\n\t\t\t\t\t<\/details>\n\t\t\t\t\t\t<details id=\"e-n-accordion-item-1013\" class=\"e-n-accordion-item\" >\n\t\t\t\t<summary class=\"e-n-accordion-item-title\" data-accordion-index=\"4\" tabindex=\"-1\" aria-expanded=\"false\" aria-controls=\"e-n-accordion-item-1013\" >\n\t\t\t\t\t<span class='e-n-accordion-item-title-header'><div class=\"e-n-accordion-item-title-text\"> Tabla de al\u00e9rgenos <\/div><\/span>\n\t\t\t\t\t\t\t<span class='e-n-accordion-item-title-icon'>\n\t\t\t<span class='e-opened' ><i aria-hidden=\"true\" class=\"fas fa-minus\"><\/i><\/span>\n\t\t\t<span class='e-closed'><i aria-hidden=\"true\" class=\"fas fa-plus\"><\/i><\/span>\n\t\t<\/span>\n\n\t\t\t\t\t\t<\/summary>\n\t\t\t\t<div role=\"region\" aria-labelledby=\"e-n-accordion-item-1013\" class=\"elementor-element elementor-element-52e33775 e-con-full e-flex e-con e-parent\" data-id=\"52e33775\" data-element_type=\"container\" data-e-type=\"container\">\n\t\t\t\t<div class=\"elementor-element elementor-element-19c1535 elementor-widget elementor-widget-Table\" data-id=\"19c1535\" data-element_type=\"widget\" data-e-type=\"widget\" data-widget_type=\"Table.default\">\n\t\t\t\t<div class=\"elementor-widget-container\">\n\t\t\t\t\t\t\t<table class=\"tafe-table \">\n\t\t\t<thead  class=\"tafe-table-header\">\n\t\t\t\t<tr>\n\t\t\t\t\t<th class=\"elementor-inline-editing elementor-repeater-item-9e0be39\"   >Descripci\u00f3n del al\u00e9rgeno<\/th><th class=\"elementor-inline-editing elementor-repeater-item-56e369c\"   >Presencia<\/th><th class=\"elementor-inline-editing elementor-repeater-item-dc33522\"   >Pot. Presencia<\/th>\t\t\t\t<\/tr>\n\t\t\t<\/thead>\n\t\t\t\t\t\t<tbody class=\"tafe-table-body\">\n\t\t\t\t<tr>\n\t\t\t\t\t<td data-label=\"Descripci\u00f3n del al\u00e9rgeno\"   class=\"elementor-repeater-item-d6d0fe3 td-content-type-default\" >Di\u00f3xido de azufre y sulfitos<\/td><td data-label=\"Presencia\"   class=\"elementor-repeater-item-228f674 td-content-type-default\" >X<\/td><td data-label=\"Pot. Presencia\"   class=\"elementor-repeater-item-addb78b td-content-type-default\" >-<\/td><\/tr><tr><td data-label=\"Descripci\u00f3n del al\u00e9rgeno\"   class=\"elementor-repeater-item-abb796c td-content-type-default\" >Cacahuetes y productos de cacahuete<\/td><td data-label=\"Presencia\"   class=\"elementor-repeater-item-46bbcac td-content-type-default\" >-<\/td><td data-label=\"Pot. Presencia\"   class=\"elementor-repeater-item-1fd6b5f td-content-type-default\" >-<\/td><\/tr><tr><td data-label=\"Descripci\u00f3n del al\u00e9rgeno\"   class=\"elementor-repeater-item-48b2839 td-content-type-default\" >Cereales que contienen gluten<\/td><td data-label=\"Presencia\"   class=\"elementor-repeater-item-9ad4aa4 td-content-type-default\" >X<\/td><td data-label=\"Pot. Presencia\"   class=\"elementor-repeater-item-886ce01 td-content-type-default\" >-<\/td><\/tr><tr><td data-label=\"Descripci\u00f3n del al\u00e9rgeno\"   class=\"elementor-repeater-item-a2d97cd td-content-type-default\" >Crust\u00e1ceos y productos crust\u00e1ceos<\/td><td data-label=\"Presencia\"   class=\"elementor-repeater-item-cd5ae63 td-content-type-default\" >-<\/td><td data-label=\"Pot. Presencia\"   class=\"elementor-repeater-item-29ee413 td-content-type-default\" >-<\/td><\/tr><tr><td data-label=\"Descripci\u00f3n del al\u00e9rgeno\"   class=\"elementor-repeater-item-ba1899d td-content-type-default\" >Chiflado<\/td><td data-label=\"Presencia\"   class=\"elementor-repeater-item-98324e9 td-content-type-default\" >-<\/td><td data-label=\"Pot. Presencia\"   class=\"elementor-repeater-item-5703f4c td-content-type-default\" >-<\/td><\/tr><tr><td data-label=\"Descripci\u00f3n del al\u00e9rgeno\"   class=\"elementor-repeater-item-8ef5ab2 td-content-type-default\" >Leche y productos l\u00e1cteos<\/td><td data-label=\"Presencia\"   class=\"elementor-repeater-item-306576e td-content-type-default\" >X<\/td><td data-label=\"Pot. Presencia\"   class=\"elementor-repeater-item-be6b813 td-content-type-default\" >-<\/td><\/tr><tr><td data-label=\"Descripci\u00f3n del al\u00e9rgeno\"   class=\"elementor-repeater-item-2a253d5 td-content-type-default\" >Lupino y productos de lupino<\/td><td data-label=\"Presencia\"   class=\"elementor-repeater-item-cafc144 td-content-type-default\" >-<\/td><td data-label=\"Pot. Presencia\"   class=\"elementor-repeater-item-69cccfb td-content-type-default\" >-<\/td><\/tr><tr><td data-label=\"Descripci\u00f3n del al\u00e9rgeno\"   class=\"elementor-repeater-item-a53807f td-content-type-default\" >Semillas de s\u00e9samo y productos de semillas de s\u00e9samo<\/td><td data-label=\"Presencia\"   class=\"elementor-repeater-item-d2f11d1 td-content-type-default\" >-<\/td><td data-label=\"Pot. Presencia\"   class=\"elementor-repeater-item-7eecd88 td-content-type-default\" >-<\/td><\/tr><tr><td data-label=\"Descripci\u00f3n del al\u00e9rgeno\"   class=\"elementor-repeater-item-80e96ec td-content-type-default\" >Moluscos y productos de moluscos<\/td><td data-label=\"Presencia\"   class=\"elementor-repeater-item-fb1b2de td-content-type-default\" >-<\/td><td data-label=\"Pot. Presencia\"   class=\"elementor-repeater-item-bd2c87d td-content-type-default\" >-<\/td><\/tr><tr><td data-label=\"Descripci\u00f3n del al\u00e9rgeno\"   class=\"elementor-repeater-item-77d0b6a td-content-type-default\" >Pescado y productos pesqueros<\/td><td data-label=\"Presencia\"   class=\"elementor-repeater-item-99d76de td-content-type-default\" >-<\/td><td data-label=\"Pot. Presencia\"   class=\"elementor-repeater-item-0aea982 td-content-type-default\" >X<\/td><\/tr><tr><td data-label=\"Descripci\u00f3n del al\u00e9rgeno\"   class=\"elementor-repeater-item-c53a9cd td-content-type-default\" >Productos de apio y apio<\/td><td data-label=\"Presencia\"   class=\"elementor-repeater-item-18428af td-content-type-default\" >-<\/td><td data-label=\"Pot. Presencia\"   class=\"elementor-repeater-item-17b8f38 td-content-type-default\" >-<\/td><\/tr><tr><td data-label=\"Descripci\u00f3n del al\u00e9rgeno\"   class=\"elementor-repeater-item-d7e7e6c td-content-type-default\" >Mostaza y productos de mostaza<\/td><td data-label=\"Presencia\"   class=\"elementor-repeater-item-dcb3bd8 td-content-type-default\" >-<\/td><td data-label=\"Pot. Presencia\"   class=\"elementor-repeater-item-598ae26 td-content-type-default\" >-<\/td><\/tr><tr><td data-label=\"Descripci\u00f3n del al\u00e9rgeno\"   class=\"elementor-repeater-item-2d008f9 td-content-type-default\" >Soja y productos de soja<\/td><td data-label=\"Presencia\"   class=\"elementor-repeater-item-07fd935 td-content-type-default\" >-<\/td><td data-label=\"Pot. Presencia\"   class=\"elementor-repeater-item-40dbb19 td-content-type-default\" >-<\/td><\/tr><tr><td data-label=\"Descripci\u00f3n del al\u00e9rgeno\"   class=\"elementor-repeater-item-d69b119 td-content-type-default\" >Huevos y productos derivados<\/td><td data-label=\"Presencia\"   class=\"elementor-repeater-item-c45f7b9 td-content-type-default\" >X<\/td><td data-label=\"Pot. Presencia\"   class=\"elementor-repeater-item-dacae0a td-content-type-default\" >-<\/td>\t\t\t\t<\/tr>\n\t\t\t<\/tbody>\n\t\t<\/table>\n\t\t\n\t\t\t\t\t\t<\/div>\n\t\t\t\t<\/div>\n\t\t\t\t<\/div>\n\t\t\t\t\t<\/details>\n\t\t\t\t\t\t<details id=\"e-n-accordion-item-1014\" class=\"e-n-accordion-item\" >\n\t\t\t\t<summary class=\"e-n-accordion-item-title\" data-accordion-index=\"5\" tabindex=\"-1\" aria-expanded=\"false\" aria-controls=\"e-n-accordion-item-1014\" >\n\t\t\t\t\t<span class='e-n-accordion-item-title-header'><div class=\"e-n-accordion-item-title-text\"> Embalaje <\/div><\/span>\n\t\t\t\t\t\t\t<span class='e-n-accordion-item-title-icon'>\n\t\t\t<span class='e-opened' ><i aria-hidden=\"true\" class=\"fas fa-minus\"><\/i><\/span>\n\t\t\t<span class='e-closed'><i aria-hidden=\"true\" class=\"fas fa-plus\"><\/i><\/span>\n\t\t<\/span>\n\n\t\t\t\t\t\t<\/summary>\n\t\t\t\t<div role=\"region\" aria-labelledby=\"e-n-accordion-item-1014\" class=\"elementor-element elementor-element-3212d539 e-con-full e-flex e-con e-parent\" data-id=\"3212d539\" data-element_type=\"container\" data-e-type=\"container\">\n\t\t\t\t<div class=\"elementor-element elementor-element-2ee7b5e9 elementor-widget elementor-widget-text-editor\" data-id=\"2ee7b5e9\" data-element_type=\"widget\" data-e-type=\"widget\" data-widget_type=\"text-editor.default\">\n\t\t\t\t<div class=\"elementor-widget-container\">\n\t\t\t\t\t\t\t\t\t<p>Cumple con la normativa D.M. 21.3.1973, Reg. CE n. 1935\/2004, Reg. CE n. 1895\/2005, Reg. CE n. 10\/2011 e s.m.i.<\/p>\n\t\t\t\t\t\t\t\t<\/div>\n\t\t\t\t<\/div>\n\t\t\t\t<\/div>\n\t\t\t\t\t<\/details>\n\t\t\t\t\t\t<details id=\"e-n-accordion-item-1015\" class=\"e-n-accordion-item\" >\n\t\t\t\t<summary class=\"e-n-accordion-item-title\" data-accordion-index=\"6\" tabindex=\"-1\" aria-expanded=\"false\" aria-controls=\"e-n-accordion-item-1015\" >\n\t\t\t\t\t<span class='e-n-accordion-item-title-header'><div class=\"e-n-accordion-item-title-text\"> Tolerancia al peso <\/div><\/span>\n\t\t\t\t\t\t\t<span class='e-n-accordion-item-title-icon'>\n\t\t\t<span class='e-opened' ><i aria-hidden=\"true\" class=\"fas fa-minus\"><\/i><\/span>\n\t\t\t<span class='e-closed'><i aria-hidden=\"true\" class=\"fas fa-plus\"><\/i><\/span>\n\t\t<\/span>\n\n\t\t\t\t\t\t<\/summary>\n\t\t\t\t<div role=\"region\" aria-labelledby=\"e-n-accordion-item-1015\" class=\"elementor-element elementor-element-2fe3837d e-con-full e-flex e-con e-parent\" data-id=\"2fe3837d\" data-element_type=\"container\" data-e-type=\"container\">\n\t\t\t\t<div class=\"elementor-element elementor-element-2c151563 elementor-widget elementor-widget-text-editor\" data-id=\"2c151563\" data-element_type=\"widget\" data-e-type=\"widget\" data-widget_type=\"text-editor.default\">\n\t\t\t\t<div class=\"elementor-widget-container\">\n\t\t\t\t\t\t\t\t\t<p><strong>Todos los pesos de los Productos se expresan como indicativosi, <\/strong>ya que est\u00e1n sujetos a cambios Puede suceder que el peso (en gramos\/kg) seleccionado en su pedido difiera ligeramente del peso (en gramos\/kg) mostrado en el momento de la solicitud confirmada definitivamente en nuestra confirmaci\u00f3n final del pedido.<\/p>\n\t\t\t\t\t\t\t\t<\/div>\n\t\t\t\t<\/div>\n\t\t\t\t<\/div>\n\t\t\t\t\t<\/details>\n\t\t\t\t\t\t<details id=\"e-n-accordion-item-1016\" class=\"e-n-accordion-item\" >\n\t\t\t\t<summary class=\"e-n-accordion-item-title\" data-accordion-index=\"7\" tabindex=\"-1\" aria-expanded=\"false\" aria-controls=\"e-n-accordion-item-1016\" >\n\t\t\t\t\t<span class='e-n-accordion-item-title-header'><div class=\"e-n-accordion-item-title-text\"> Producido y envasado <\/div><\/span>\n\t\t\t\t\t\t\t<span class='e-n-accordion-item-title-icon'>\n\t\t\t<span class='e-opened' ><i aria-hidden=\"true\" class=\"fas fa-minus\"><\/i><\/span>\n\t\t\t<span class='e-closed'><i aria-hidden=\"true\" class=\"fas fa-plus\"><\/i><\/span>\n\t\t<\/span>\n\n\t\t\t\t\t\t<\/summary>\n\t\t\t\t<div role=\"region\" aria-labelledby=\"e-n-accordion-item-1016\" class=\"elementor-element elementor-element-61c2ad32 e-con-full e-flex e-con e-parent\" data-id=\"61c2ad32\" data-element_type=\"container\" data-e-type=\"container\">\n\t\t\t\t<div class=\"elementor-element elementor-element-15fce23b elementor-widget elementor-widget-text-editor\" data-id=\"15fce23b\" data-element_type=\"widget\" data-e-type=\"widget\" data-widget_type=\"text-editor.default\">\n\t\t\t\t<div class=\"elementor-widget-container\">\n\t\t\t\t\t\t\t\t\tAntica Gastronomia Srl V. E. Fermi,1 62010 Mogliano (Mc)\n* Estos datos pueden ser modificados sin previo aviso por parte del fabricante. Fecha 07-08-2023\t\t\t\t\t\t\t\t<\/div>\n\t\t\t\t<\/div>\n\t\t\t\t<\/div>\n\t\t\t\t\t<\/details>\n\t\t\t\t\t\t<details id=\"e-n-accordion-item-1017\" class=\"e-n-accordion-item\" >\n\t\t\t\t<summary class=\"e-n-accordion-item-title\" data-accordion-index=\"8\" tabindex=\"-1\" aria-expanded=\"false\" aria-controls=\"e-n-accordion-item-1017\" >\n\t\t\t\t\t<span class='e-n-accordion-item-title-header'><div class=\"e-n-accordion-item-title-text\"> Acceso al \u00c1rea de Negocio <\/div><\/span>\n\t\t\t\t\t\t\t<span class='e-n-accordion-item-title-icon'>\n\t\t\t<span class='e-opened' ><i aria-hidden=\"true\" class=\"fas fa-minus\"><\/i><\/span>\n\t\t\t<span class='e-closed'><i aria-hidden=\"true\" class=\"fas fa-plus\"><\/i><\/span>\n\t\t<\/span>\n\n\t\t\t\t\t\t<\/summary>\n\t\t\t\t<div role=\"region\" aria-labelledby=\"e-n-accordion-item-1017\" class=\"elementor-element elementor-element-192403ad e-con-full e-flex e-con e-parent\" data-id=\"192403ad\" data-element_type=\"container\" data-e-type=\"container\">\n\t\t\t\t<div class=\"elementor-element elementor-element-4cd51018 elementor-widget elementor-widget-text-editor\" data-id=\"4cd51018\" data-element_type=\"widget\" data-e-type=\"widget\" data-widget_type=\"text-editor.default\">\n\t\t\t\t<div class=\"elementor-widget-container\">\n\t\t\t\t\t\t\t\t\t<h3>\u00bfQuieres hacer un pedido en el negocio de la tienda o solicitar un presupuesto personalizado?<\/h3>\n<p>Puede hacer clic en el bot\u00f3n <strong><a href=\"#richiedi\">Solicitar<\/a><\/strong> en la p\u00e1gina y luego acceder a la <a href=\"https:\/\/www.anticagastronomia.com\/richiesta-preventivo\/\" target=\"_blank\" rel=\"noopener\"><strong>p\u00e1gina de solicitud<\/strong><\/a>, completar el formulario para solicitar credenciales o especificar sus solicitudes en el campo \u00abNotas\u00bb. Nuestro servicio de atenci\u00f3n al cliente est\u00e1 a su disposici\u00f3n.<\/p>\n\t\t\t\t\t\t\t\t<\/div>\n\t\t\t\t<\/div>\n\t\t\t\t<\/div>\n\t\t\t\t\t<\/details>\n\t\t\t\t\t<\/div>\n\t\t\t\t\t\t<\/div>\n\t\t\t\t<\/div>\n\t\t\t\t<\/div>\n\t\t\t\t\t<\/div>\n\t\t\t\t<\/div>\n\t\t\t\t<\/div>\n\t\t","protected":false},"excerpt":{"rendered":"<p>El calabac\u00edn relleno es un plato principal rico y apetitoso, un gran cl\u00e1sico de la cocina italiana. <\/p>\n","protected":false},"featured_media":12112,"template":"","meta":[],"product_brand":[],"product_cat":[787],"product_tag":[880],"class_list":{"0":"post-20247","1":"product","2":"type-product","3":"status-publish","4":"has-post-thumbnail","6":"product_cat-guarniciones-de-verduras","7":"product_tag-gratinate-es","8":"pa_confezione-vaschetta-es","10":"first","11":"instock","12":"taxable","13":"shipping-taxable","14":"purchasable","15":"product-type-variable"},"_links":{"self":[{"href":"https:\/\/www.anticagastronomia.com\/es\/wp-json\/wp\/v2\/product\/20247","targetHints":{"allow":["GET"]}}],"collection":[{"href":"https:\/\/www.anticagastronomia.com\/es\/wp-json\/wp\/v2\/product"}],"about":[{"href":"https:\/\/www.anticagastronomia.com\/es\/wp-json\/wp\/v2\/types\/product"}],"version-history":[{"count":1,"href":"https:\/\/www.anticagastronomia.com\/es\/wp-json\/wp\/v2\/product\/20247\/revisions"}],"predecessor-version":[{"id":20249,"href":"https:\/\/www.anticagastronomia.com\/es\/wp-json\/wp\/v2\/product\/20247\/revisions\/20249"}],"wp:featuredmedia":[{"embeddable":true,"href":"https:\/\/www.anticagastronomia.com\/es\/wp-json\/wp\/v2\/media\/12112"}],"wp:attachment":[{"href":"https:\/\/www.anticagastronomia.com\/es\/wp-json\/wp\/v2\/media?parent=20247"}],"wp:term":[{"taxonomy":"product_brand","embeddable":true,"href":"https:\/\/www.anticagastronomia.com\/es\/wp-json\/wp\/v2\/product_brand?post=20247"},{"taxonomy":"product_cat","embeddable":true,"href":"https:\/\/www.anticagastronomia.com\/es\/wp-json\/wp\/v2\/product_cat?post=20247"},{"taxonomy":"product_tag","embeddable":true,"href":"https:\/\/www.anticagastronomia.com\/es\/wp-json\/wp\/v2\/product_tag?post=20247"}],"curies":[{"name":"wp","href":"https:\/\/api.w.org\/{rel}","templated":true}]}}