{"id":19717,"date":"2023-10-17T15:32:20","date_gmt":"2023-10-17T15:32:20","guid":{"rendered":"https:\/\/www.anticagastronomia.com\/prodotti\/pizza-de-queso\/"},"modified":"2023-10-17T15:32:21","modified_gmt":"2023-10-17T15:32:21","slug":"pizza-de-queso","status":"publish","type":"product","link":"https:\/\/www.anticagastronomia.com\/es\/prodotti\/pizza-de-queso\/","title":{"rendered":"Pizza de queso"},"content":{"rendered":"\t\t<div data-elementor-type=\"product-post\" data-elementor-id=\"19717\" class=\"elementor elementor-19717 elementor-8331\" data-elementor-post-type=\"product\">\n\t\t\t\t<div class=\"elementor-element elementor-element-5cef64b2 e-flex e-con-boxed e-con e-parent\" data-id=\"5cef64b2\" data-element_type=\"container\" data-e-type=\"container\" data-settings=\"{&quot;background_background&quot;:&quot;classic&quot;}\">\n\t\t\t\t\t<div class=\"e-con-inner\">\n\t\t<div class=\"elementor-element elementor-element-20e80113 e-con-full e-flex e-con e-parent\" data-id=\"20e80113\" data-element_type=\"container\" data-e-type=\"container\">\n\t\t\t\t<div class=\"elementor-element elementor-element-1acd7ab6 elementor-widget elementor-widget-woocommerce-product-title elementor-page-title elementor-widget-heading\" data-id=\"1acd7ab6\" data-element_type=\"widget\" data-e-type=\"widget\" data-widget_type=\"woocommerce-product-title.default\">\n\t\t\t\t<div class=\"elementor-widget-container\">\n\t\t\t\t\t<h1 class=\"product_title entry-title elementor-heading-title elementor-size-default\">Pizza de queso<\/h1>\t\t\t\t<\/div>\n\t\t\t\t<\/div>\n\t\t\t\t<div class=\"elementor-element elementor-element-35d317d5 elementor-widget elementor-widget-Table\" data-id=\"35d317d5\" data-element_type=\"widget\" data-e-type=\"widget\" data-widget_type=\"Table.default\">\n\t\t\t\t<div class=\"elementor-widget-container\">\n\t\t\t\t\t\t\t<table class=\"tafe-table \">\n\t\t\t<thead  class=\"tafe-table-header\">\n\t\t\t\t<tr>\n\t\t\t\t\t<th class=\"elementor-inline-editing elementor-repeater-item-a11eddb\"  colSpan=\"2\" >Valores nutricionales por 100g<\/th>\t\t\t\t<\/tr>\n\t\t\t<\/thead>\n\t\t\t\t\t\t<tbody class=\"tafe-table-body\">\n\t\t\t\t<tr>\n\t\t\t\t\t<td data-label=\"Valores nutricionales por 100g\"   class=\"elementor-repeater-item-9197e2f td-content-type-default\" >Energ\u00eda<\/td><td data-label=\"\"   class=\"elementor-repeater-item-c5cace3 td-content-type-default\" >kJ 1300\/Kcal 311<\/td><\/tr><tr><td data-label=\"Valores nutricionales por 100g\"   class=\"elementor-repeater-item-04d3edd td-content-type-default\" >Grasas<\/td><td data-label=\"\"   class=\"elementor-repeater-item-8dc0bd1 td-content-type-default\" >17 g<\/td><\/tr><tr><td data-label=\"Valores nutricionales por 100g\"   class=\"elementor-repeater-item-5098ae7 td-content-type-default\" >de las cuales grasas saturadas<\/td><td data-label=\"\"   class=\"elementor-repeater-item-8847d8f td-content-type-default\" >6.7 g<\/td><\/tr><tr><td data-label=\"Valores nutricionales por 100g\"   class=\"elementor-repeater-item-28ee6f4 td-content-type-default\" >Carbohidratos<\/td><td data-label=\"\"   class=\"elementor-repeater-item-3de998d td-content-type-default\" >26 g<\/td><\/tr><tr><td data-label=\"Valores nutricionales por 100g\"   class=\"elementor-repeater-item-f7f80ee td-content-type-default\" >de los cuales: Az\u00facares<\/td><td data-label=\"\"   class=\"elementor-repeater-item-788a660 td-content-type-default\" >1.4 g<\/td><\/tr><tr><td data-label=\"Valores nutricionales por 100g\"   class=\"elementor-repeater-item-d427318 td-content-type-default\" >Fibras<\/td><td data-label=\"\"   class=\"elementor-repeater-item-ca0dac4 td-content-type-default\" >1.0 g<\/td><\/tr><tr><td data-label=\"Valores nutricionales por 100g\"   class=\"elementor-repeater-item-0c1b84a td-content-type-default\" >Prote\u00ednas<\/td><td data-label=\"\"   class=\"elementor-repeater-item-0b8a12b td-content-type-default\" >13 g<\/td><\/tr><tr><td data-label=\"Valores nutricionales por 100g\"   class=\"elementor-repeater-item-41d6a2b td-content-type-default\" >Sal<\/td><td data-label=\"\"   class=\"elementor-repeater-item-5f819fa td-content-type-default\" >1.1 g<\/td>\t\t\t\t<\/tr>\n\t\t\t<\/tbody>\n\t\t<\/table>\n\t\t\n\t\t\t\t\t\t<\/div>\n\t\t\t\t<\/div>\n\t\t\t\t<\/div>\n\t\t<div class=\"elementor-element elementor-element-89f75bc e-con-full e-flex e-con e-parent\" data-id=\"89f75bc\" data-element_type=\"container\" data-e-type=\"container\">\n\t\t\t\t<div class=\"elementor-element elementor-element-6a45fdb4 elementor-widget elementor-widget-n-accordion\" data-id=\"6a45fdb4\" data-element_type=\"widget\" data-e-type=\"widget\" data-settings=\"{&quot;default_state&quot;:&quot;expanded&quot;,&quot;max_items_expended&quot;:&quot;one&quot;,&quot;n_accordion_animation_duration&quot;:{&quot;unit&quot;:&quot;ms&quot;,&quot;size&quot;:400,&quot;sizes&quot;:[]}}\" data-widget_type=\"nested-accordion.default\">\n\t\t\t\t<div class=\"elementor-widget-container\">\n\t\t\t\t\t\t\t<div class=\"e-n-accordion\" aria-label=\"Accordion. Open links with Enter or Space, close with Escape, and navigate with Arrow Keys\">\n\t\t\t\t\t\t<details id=\"e-n-accordion-item-1780\" class=\"e-n-accordion-item\" open>\n\t\t\t\t<summary class=\"e-n-accordion-item-title\" data-accordion-index=\"1\" tabindex=\"0\" aria-expanded=\"true\" aria-controls=\"e-n-accordion-item-1780\" >\n\t\t\t\t\t<span class='e-n-accordion-item-title-header'><div class=\"e-n-accordion-item-title-text\"> Ingredientes <\/div><\/span>\n\t\t\t\t\t\t\t<span class='e-n-accordion-item-title-icon'>\n\t\t\t<span class='e-opened' ><i aria-hidden=\"true\" class=\"fas fa-minus\"><\/i><\/span>\n\t\t\t<span class='e-closed'><i aria-hidden=\"true\" class=\"fas fa-plus\"><\/i><\/span>\n\t\t<\/span>\n\n\t\t\t\t\t\t<\/summary>\n\t\t\t\t<div role=\"region\" aria-labelledby=\"e-n-accordion-item-1780\" class=\"elementor-element elementor-element-2088d579 e-con-full e-flex e-con e-parent\" data-id=\"2088d579\" data-element_type=\"container\" data-e-type=\"container\">\n\t\t\t\t<div class=\"elementor-element elementor-element-441cd047 elementor-widget elementor-widget-text-editor\" data-id=\"441cd047\" data-element_type=\"widget\" data-e-type=\"widget\" data-widget_type=\"text-editor.default\">\n\t\t\t\t<div class=\"elementor-widget-container\">\n\t\t\t\t\t\t\t\t\t<p>Harina tipo \u00ab0\u00bb, <strong>Huevos<\/strong> camperos, <strong>Leche<\/strong>, Aceite de oliva virgen extra, Queso pecorino curado (<strong>leche<\/strong> cruda entera de oveja, cuajo de cordero, sal), Queso curado (<strong>leche<\/strong>, sal, coagulante microbiano) (8,1%), Edamer (<strong>leche<\/strong>, sal, cuajo, fermentos l\u00e1cticos), Harina de Manitoba, Levadura de cerveza, Sal, Aromas, Pimienta negra.<\/p>\n\t\t\t\t\t\t\t\t<\/div>\n\t\t\t\t<\/div>\n\t\t\t\t<\/div>\n\t\t\t\t\t<\/details>\n\t\t\t\t\t\t<details id=\"e-n-accordion-item-1781\" class=\"e-n-accordion-item\" >\n\t\t\t\t<summary class=\"e-n-accordion-item-title\" data-accordion-index=\"2\" tabindex=\"-1\" aria-expanded=\"false\" aria-controls=\"e-n-accordion-item-1781\" >\n\t\t\t\t\t<span class='e-n-accordion-item-title-header'><div class=\"e-n-accordion-item-title-text\"> Condiciones de almacenamiento  <\/div><\/span>\n\t\t\t\t\t\t\t<span class='e-n-accordion-item-title-icon'>\n\t\t\t<span class='e-opened' ><i aria-hidden=\"true\" class=\"fas fa-minus\"><\/i><\/span>\n\t\t\t<span class='e-closed'><i aria-hidden=\"true\" class=\"fas fa-plus\"><\/i><\/span>\n\t\t<\/span>\n\n\t\t\t\t\t\t<\/summary>\n\t\t\t\t<div role=\"region\" aria-labelledby=\"e-n-accordion-item-1781\" class=\"elementor-element elementor-element-773be72d e-con-full e-flex e-con e-parent\" data-id=\"773be72d\" data-element_type=\"container\" data-e-type=\"container\">\n\t\t\t\t<div class=\"elementor-element elementor-element-5f1e8c60 elementor-widget elementor-widget-text-editor\" data-id=\"5f1e8c60\" data-element_type=\"widget\" data-e-type=\"widget\" data-widget_type=\"text-editor.default\">\n\t\t\t\t<div class=\"elementor-widget-container\">\n\t\t\t\t\t\t\t\t\t<p>En un lugar fresco y seco. Consuma el producto dentro de los 3 d\u00edas posteriores a la apertura del paquete.<\/p>\n\t\t\t\t\t\t\t\t<\/div>\n\t\t\t\t<\/div>\n\t\t\t\t<\/div>\n\t\t\t\t\t<\/details>\n\t\t\t\t\t\t<details id=\"e-n-accordion-item-1782\" class=\"e-n-accordion-item\" >\n\t\t\t\t<summary class=\"e-n-accordion-item-title\" data-accordion-index=\"3\" tabindex=\"-1\" aria-expanded=\"false\" aria-controls=\"e-n-accordion-item-1782\" >\n\t\t\t\t\t<span class='e-n-accordion-item-title-header'><div class=\"e-n-accordion-item-title-text\"> Recomendaciones <\/div><\/span>\n\t\t\t\t\t\t\t<span class='e-n-accordion-item-title-icon'>\n\t\t\t<span class='e-opened' ><i aria-hidden=\"true\" class=\"fas fa-minus\"><\/i><\/span>\n\t\t\t<span class='e-closed'><i aria-hidden=\"true\" class=\"fas fa-plus\"><\/i><\/span>\n\t\t<\/span>\n\n\t\t\t\t\t\t<\/summary>\n\t\t\t\t<div role=\"region\" aria-labelledby=\"e-n-accordion-item-1782\" class=\"elementor-element elementor-element-7e70fd03 e-con-full e-flex e-con e-parent\" data-id=\"7e70fd03\" data-element_type=\"container\" data-e-type=\"container\">\n\t\t\t\t<div class=\"elementor-element elementor-element-23f3e27d elementor-widget elementor-widget-text-editor\" data-id=\"23f3e27d\" data-element_type=\"widget\" data-e-type=\"widget\" data-widget_type=\"text-editor.default\">\n\t\t\t\t<div class=\"elementor-widget-container\">\n\t\t\t\t\t\t\t\t\t<p>La \u00abPizza de queso\u00bb es una deliciosa especialidad para disfrutar solo, pero a\u00fan m\u00e1s cuando se combina con \u00abCiauscolo IGP\u00bb, \u00abLonzino estilo campesino\u00bb, as\u00ed como con \u00abLomo estilo campesino\u00bb y todas las especialidades de nuestra delicatessen.<\/p>\n\t\t\t\t\t\t\t\t<\/div>\n\t\t\t\t<\/div>\n\t\t\t\t<\/div>\n\t\t\t\t\t<\/details>\n\t\t\t\t\t\t<details id=\"e-n-accordion-item-1783\" class=\"e-n-accordion-item\" >\n\t\t\t\t<summary class=\"e-n-accordion-item-title\" data-accordion-index=\"4\" tabindex=\"-1\" aria-expanded=\"false\" aria-controls=\"e-n-accordion-item-1783\" >\n\t\t\t\t\t<span class='e-n-accordion-item-title-header'><div class=\"e-n-accordion-item-title-text\"> Tabla de al\u00e9rgenos <\/div><\/span>\n\t\t\t\t\t\t\t<span class='e-n-accordion-item-title-icon'>\n\t\t\t<span class='e-opened' ><i aria-hidden=\"true\" class=\"fas fa-minus\"><\/i><\/span>\n\t\t\t<span class='e-closed'><i aria-hidden=\"true\" class=\"fas fa-plus\"><\/i><\/span>\n\t\t<\/span>\n\n\t\t\t\t\t\t<\/summary>\n\t\t\t\t<div role=\"region\" aria-labelledby=\"e-n-accordion-item-1783\" class=\"elementor-element elementor-element-1b07b356 e-con-full e-flex e-con e-parent\" data-id=\"1b07b356\" data-element_type=\"container\" data-e-type=\"container\">\n\t\t\t\t<div class=\"elementor-element elementor-element-47df3df9 elementor-widget elementor-widget-Table\" data-id=\"47df3df9\" data-element_type=\"widget\" data-e-type=\"widget\" data-widget_type=\"Table.default\">\n\t\t\t\t<div class=\"elementor-widget-container\">\n\t\t\t\t\t\t\t<table class=\"tafe-table \">\n\t\t\t<thead  class=\"tafe-table-header\">\n\t\t\t\t<tr>\n\t\t\t\t\t<th class=\"elementor-inline-editing elementor-repeater-item-9e0be39\"   >Descripci\u00f3n del al\u00e9rgeno<\/th><th class=\"elementor-inline-editing elementor-repeater-item-56e369c\"   >Presencia<\/th><th class=\"elementor-inline-editing elementor-repeater-item-dc33522\"   >Pot. Presencia<\/th>\t\t\t\t<\/tr>\n\t\t\t<\/thead>\n\t\t\t\t\t\t<tbody class=\"tafe-table-body\">\n\t\t\t\t<tr>\n\t\t\t\t\t<td data-label=\"Descripci\u00f3n del al\u00e9rgeno\"   class=\"elementor-repeater-item-d6d0fe3 td-content-type-default\" >Di\u00f3xido de azufre y sulfitos<\/td><td data-label=\"Presencia\"   class=\"elementor-repeater-item-228f674 td-content-type-default\" >-<\/td><td data-label=\"Pot. Presencia\"   class=\"elementor-repeater-item-addb78b td-content-type-default\" >-<\/td><\/tr><tr><td data-label=\"Descripci\u00f3n del al\u00e9rgeno\"   class=\"elementor-repeater-item-abb796c td-content-type-default\" >Cacahuetes y productos de cacahuete<\/td><td data-label=\"Presencia\"   class=\"elementor-repeater-item-46bbcac td-content-type-default\" >-<\/td><td data-label=\"Pot. Presencia\"   class=\"elementor-repeater-item-1fd6b5f td-content-type-default\" >-<\/td><\/tr><tr><td data-label=\"Descripci\u00f3n del al\u00e9rgeno\"   class=\"elementor-repeater-item-48b2839 td-content-type-default\" >Cereales que contienen gluten<\/td><td data-label=\"Presencia\"   class=\"elementor-repeater-item-9ad4aa4 td-content-type-default\" >X<\/td><td data-label=\"Pot. Presencia\"   class=\"elementor-repeater-item-886ce01 td-content-type-default\" >-<\/td><\/tr><tr><td data-label=\"Descripci\u00f3n del al\u00e9rgeno\"   class=\"elementor-repeater-item-a2d97cd td-content-type-default\" >Crust\u00e1ceos y productos crust\u00e1ceos<\/td><td data-label=\"Presencia\"   class=\"elementor-repeater-item-cd5ae63 td-content-type-default\" >-<\/td><td data-label=\"Pot. Presencia\"   class=\"elementor-repeater-item-29ee413 td-content-type-default\" >X<\/td><\/tr><tr><td data-label=\"Descripci\u00f3n del al\u00e9rgeno\"   class=\"elementor-repeater-item-ba1899d td-content-type-default\" >Chiflado<\/td><td data-label=\"Presencia\"   class=\"elementor-repeater-item-98324e9 td-content-type-default\" >-<\/td><td data-label=\"Pot. Presencia\"   class=\"elementor-repeater-item-5703f4c td-content-type-default\" >X<\/td><\/tr><tr><td data-label=\"Descripci\u00f3n del al\u00e9rgeno\"   class=\"elementor-repeater-item-8ef5ab2 td-content-type-default\" >Leche y productos l\u00e1cteos<\/td><td data-label=\"Presencia\"   class=\"elementor-repeater-item-306576e td-content-type-default\" >X<\/td><td data-label=\"Pot. Presencia\"   class=\"elementor-repeater-item-be6b813 td-content-type-default\" >-<\/td><\/tr><tr><td data-label=\"Descripci\u00f3n del al\u00e9rgeno\"   class=\"elementor-repeater-item-2a253d5 td-content-type-default\" >Lupino y productos de lupino<\/td><td data-label=\"Presencia\"   class=\"elementor-repeater-item-cafc144 td-content-type-default\" >-<\/td><td data-label=\"Pot. Presencia\"   class=\"elementor-repeater-item-69cccfb td-content-type-default\" >-<\/td><\/tr><tr><td data-label=\"Descripci\u00f3n del al\u00e9rgeno\"   class=\"elementor-repeater-item-a53807f td-content-type-default\" >Semillas de s\u00e9samo y productos de semillas de s\u00e9samo<\/td><td data-label=\"Presencia\"   class=\"elementor-repeater-item-d2f11d1 td-content-type-default\" >-<\/td><td data-label=\"Pot. Presencia\"   class=\"elementor-repeater-item-7eecd88 td-content-type-default\" >X<\/td><\/tr><tr><td data-label=\"Descripci\u00f3n del al\u00e9rgeno\"   class=\"elementor-repeater-item-80e96ec td-content-type-default\" >Moluscos y productos de moluscos<\/td><td data-label=\"Presencia\"   class=\"elementor-repeater-item-fb1b2de td-content-type-default\" >-<\/td><td data-label=\"Pot. Presencia\"   class=\"elementor-repeater-item-bd2c87d td-content-type-default\" >X<\/td><\/tr><tr><td data-label=\"Descripci\u00f3n del al\u00e9rgeno\"   class=\"elementor-repeater-item-77d0b6a td-content-type-default\" >Pescado y productos pesqueros<\/td><td data-label=\"Presencia\"   class=\"elementor-repeater-item-99d76de td-content-type-default\" >-<\/td><td data-label=\"Pot. Presencia\"   class=\"elementor-repeater-item-0aea982 td-content-type-default\" >X<\/td><\/tr><tr><td data-label=\"Descripci\u00f3n del al\u00e9rgeno\"   class=\"elementor-repeater-item-c53a9cd td-content-type-default\" >Productos de apio y apio<\/td><td data-label=\"Presencia\"   class=\"elementor-repeater-item-18428af td-content-type-default\" >-<\/td><td data-label=\"Pot. Presencia\"   class=\"elementor-repeater-item-17b8f38 td-content-type-default\" >-<\/td><\/tr><tr><td data-label=\"Descripci\u00f3n del al\u00e9rgeno\"   class=\"elementor-repeater-item-d7e7e6c td-content-type-default\" >Mostaza y productos de mostaza<\/td><td data-label=\"Presencia\"   class=\"elementor-repeater-item-dcb3bd8 td-content-type-default\" >-<\/td><td data-label=\"Pot. Presencia\"   class=\"elementor-repeater-item-598ae26 td-content-type-default\" >X<\/td><\/tr><tr><td data-label=\"Descripci\u00f3n del al\u00e9rgeno\"   class=\"elementor-repeater-item-2d008f9 td-content-type-default\" >Soja y productos de soja<\/td><td data-label=\"Presencia\"   class=\"elementor-repeater-item-07fd935 td-content-type-default\" >-<\/td><td data-label=\"Pot. Presencia\"   class=\"elementor-repeater-item-40dbb19 td-content-type-default\" >-<\/td><\/tr><tr><td data-label=\"Descripci\u00f3n del al\u00e9rgeno\"   class=\"elementor-repeater-item-d69b119 td-content-type-default\" >Huevos y productos derivados<\/td><td data-label=\"Presencia\"   class=\"elementor-repeater-item-c45f7b9 td-content-type-default\" >X<\/td><td data-label=\"Pot. Presencia\"   class=\"elementor-repeater-item-dacae0a td-content-type-default\" >-<\/td>\t\t\t\t<\/tr>\n\t\t\t<\/tbody>\n\t\t<\/table>\n\t\t\n\t\t\t\t\t\t<\/div>\n\t\t\t\t<\/div>\n\t\t\t\t<\/div>\n\t\t\t\t\t<\/details>\n\t\t\t\t\t\t<details id=\"e-n-accordion-item-1784\" class=\"e-n-accordion-item\" >\n\t\t\t\t<summary class=\"e-n-accordion-item-title\" data-accordion-index=\"5\" tabindex=\"-1\" aria-expanded=\"false\" aria-controls=\"e-n-accordion-item-1784\" >\n\t\t\t\t\t<span class='e-n-accordion-item-title-header'><div class=\"e-n-accordion-item-title-text\"> Embalaje <\/div><\/span>\n\t\t\t\t\t\t\t<span class='e-n-accordion-item-title-icon'>\n\t\t\t<span class='e-opened' ><i aria-hidden=\"true\" class=\"fas fa-minus\"><\/i><\/span>\n\t\t\t<span class='e-closed'><i aria-hidden=\"true\" class=\"fas fa-plus\"><\/i><\/span>\n\t\t<\/span>\n\n\t\t\t\t\t\t<\/summary>\n\t\t\t\t<div role=\"region\" aria-labelledby=\"e-n-accordion-item-1784\" class=\"elementor-element elementor-element-277a813e e-con-full e-flex e-con e-parent\" data-id=\"277a813e\" data-element_type=\"container\" data-e-type=\"container\">\n\t\t\t\t<div class=\"elementor-element elementor-element-1eb1e44e elementor-widget elementor-widget-text-editor\" data-id=\"1eb1e44e\" data-element_type=\"widget\" data-e-type=\"widget\" data-widget_type=\"text-editor.default\">\n\t\t\t\t<div class=\"elementor-widget-container\">\n\t\t\t\t\t\t\t\t\t<p>Forma cl\u00e1sica &#8211; Cumple con el Decreto Ministerial 21.3.1973, Reg. CE n. 1935\/2004, Reg. CE n. 1895\/2005, Reg. CE n. 10\/2011 e s.m.i.<\/p>\n\t\t\t\t\t\t\t\t<\/div>\n\t\t\t\t<\/div>\n\t\t\t\t<\/div>\n\t\t\t\t\t<\/details>\n\t\t\t\t\t\t<details id=\"e-n-accordion-item-1785\" class=\"e-n-accordion-item\" >\n\t\t\t\t<summary class=\"e-n-accordion-item-title\" data-accordion-index=\"6\" tabindex=\"-1\" aria-expanded=\"false\" aria-controls=\"e-n-accordion-item-1785\" >\n\t\t\t\t\t<span class='e-n-accordion-item-title-header'><div class=\"e-n-accordion-item-title-text\"> Tolerancia al peso <\/div><\/span>\n\t\t\t\t\t\t\t<span class='e-n-accordion-item-title-icon'>\n\t\t\t<span class='e-opened' ><i aria-hidden=\"true\" class=\"fas fa-minus\"><\/i><\/span>\n\t\t\t<span class='e-closed'><i aria-hidden=\"true\" class=\"fas fa-plus\"><\/i><\/span>\n\t\t<\/span>\n\n\t\t\t\t\t\t<\/summary>\n\t\t\t\t<div role=\"region\" aria-labelledby=\"e-n-accordion-item-1785\" class=\"elementor-element elementor-element-71aebabf e-con-full e-flex e-con e-parent\" data-id=\"71aebabf\" data-element_type=\"container\" data-e-type=\"container\">\n\t\t\t\t<div class=\"elementor-element elementor-element-cefc634 elementor-widget elementor-widget-text-editor\" data-id=\"cefc634\" data-element_type=\"widget\" data-e-type=\"widget\" data-widget_type=\"text-editor.default\">\n\t\t\t\t<div class=\"elementor-widget-container\">\n\t\t\t\t\t\t\t\t\t<p><strong>Todos los pesos de los Productos se expresan como indicativosi, <\/strong>ya que est\u00e1n sujetos a cambios Puede suceder que el peso (en gramos\/kg) seleccionado en su pedido difiera ligeramente del peso (en gramos\/kg) mostrado en el momento de la solicitud confirmada definitivamente en nuestra confirmaci\u00f3n final del pedido.<\/p>\n\t\t\t\t\t\t\t\t<\/div>\n\t\t\t\t<\/div>\n\t\t\t\t<\/div>\n\t\t\t\t\t<\/details>\n\t\t\t\t\t\t<details id=\"e-n-accordion-item-1786\" class=\"e-n-accordion-item\" >\n\t\t\t\t<summary class=\"e-n-accordion-item-title\" data-accordion-index=\"7\" tabindex=\"-1\" aria-expanded=\"false\" aria-controls=\"e-n-accordion-item-1786\" >\n\t\t\t\t\t<span class='e-n-accordion-item-title-header'><div class=\"e-n-accordion-item-title-text\"> Producido y envasado <\/div><\/span>\n\t\t\t\t\t\t\t<span class='e-n-accordion-item-title-icon'>\n\t\t\t<span class='e-opened' ><i aria-hidden=\"true\" class=\"fas fa-minus\"><\/i><\/span>\n\t\t\t<span class='e-closed'><i aria-hidden=\"true\" class=\"fas fa-plus\"><\/i><\/span>\n\t\t<\/span>\n\n\t\t\t\t\t\t<\/summary>\n\t\t\t\t<div role=\"region\" aria-labelledby=\"e-n-accordion-item-1786\" class=\"elementor-element elementor-element-38bc1166 e-con-full e-flex e-con e-parent\" data-id=\"38bc1166\" data-element_type=\"container\" data-e-type=\"container\">\n\t\t\t\t<div class=\"elementor-element elementor-element-1159a7c4 elementor-widget elementor-widget-text-editor\" data-id=\"1159a7c4\" data-element_type=\"widget\" data-e-type=\"widget\" data-widget_type=\"text-editor.default\">\n\t\t\t\t<div class=\"elementor-widget-container\">\n\t\t\t\t\t\t\t\t\tAntica Gastronomia Srl V. E. Fermi,1 62010 Mogliano (Mc)\n* Estos datos pueden ser modificados sin previo aviso por parte del fabricante. Fecha 07-08-2023\t\t\t\t\t\t\t\t<\/div>\n\t\t\t\t<\/div>\n\t\t\t\t<\/div>\n\t\t\t\t\t<\/details>\n\t\t\t\t\t\t<details id=\"e-n-accordion-item-1787\" class=\"e-n-accordion-item\" >\n\t\t\t\t<summary class=\"e-n-accordion-item-title\" data-accordion-index=\"8\" tabindex=\"-1\" aria-expanded=\"false\" aria-controls=\"e-n-accordion-item-1787\" >\n\t\t\t\t\t<span class='e-n-accordion-item-title-header'><div class=\"e-n-accordion-item-title-text\"> Acceso al \u00c1rea de Negocio <\/div><\/span>\n\t\t\t\t\t\t\t<span class='e-n-accordion-item-title-icon'>\n\t\t\t<span class='e-opened' ><i aria-hidden=\"true\" class=\"fas fa-minus\"><\/i><\/span>\n\t\t\t<span class='e-closed'><i aria-hidden=\"true\" class=\"fas fa-plus\"><\/i><\/span>\n\t\t<\/span>\n\n\t\t\t\t\t\t<\/summary>\n\t\t\t\t<div role=\"region\" aria-labelledby=\"e-n-accordion-item-1787\" class=\"elementor-element elementor-element-9d2f51a e-con-full e-flex e-con e-parent\" data-id=\"9d2f51a\" data-element_type=\"container\" data-e-type=\"container\">\n\t\t\t\t<div class=\"elementor-element elementor-element-1efd387b elementor-widget elementor-widget-text-editor\" data-id=\"1efd387b\" data-element_type=\"widget\" data-e-type=\"widget\" data-widget_type=\"text-editor.default\">\n\t\t\t\t<div class=\"elementor-widget-container\">\n\t\t\t\t\t\t\t\t\t<h3>\u00bfQuieres hacer un pedido en el negocio de la tienda o solicitar un presupuesto personalizado?<\/h3>\n<p>Puede hacer clic en el bot\u00f3n <strong><a href=\"#richiedi\">Solicitar<\/a><\/strong> en la p\u00e1gina y luego acceder a la <a href=\"https:\/\/www.anticagastronomia.com\/richiesta-preventivo\/\" target=\"_blank\" rel=\"noopener\"><strong>p\u00e1gina de solicitud<\/strong><\/a>, completar el formulario para solicitar credenciales o especificar sus solicitudes en el campo \u00abNotas\u00bb. Nuestro servicio de atenci\u00f3n al cliente est\u00e1 a su disposici\u00f3n.<\/p>\n\t\t\t\t\t\t\t\t<\/div>\n\t\t\t\t<\/div>\n\t\t\t\t<\/div>\n\t\t\t\t\t<\/details>\n\t\t\t\t\t<\/div>\n\t\t\t\t\t\t<\/div>\n\t\t\t\t<\/div>\n\t\t\t\t<\/div>\n\t\t\t\t\t<\/div>\n\t\t\t\t<\/div>\n\t\t\t\t<\/div>\n\t\t","protected":false},"excerpt":{"rendered":"<p>Pizza enriquecida con quesos, t\u00edpica del per\u00edodo de Pascua.<\/p>\n","protected":false},"featured_media":9958,"template":"","meta":[],"product_brand":[],"product_cat":[815],"product_tag":[],"class_list":{"0":"post-19717","1":"product","2":"type-product","3":"status-publish","4":"has-post-thumbnail","6":"product_cat-snacks-es","7":"pa_confezione-vassoio-es","9":"first","10":"instock","11":"taxable","12":"shipping-taxable","13":"purchasable","14":"product-type-variable"},"_links":{"self":[{"href":"https:\/\/www.anticagastronomia.com\/es\/wp-json\/wp\/v2\/product\/19717","targetHints":{"allow":["GET"]}}],"collection":[{"href":"https:\/\/www.anticagastronomia.com\/es\/wp-json\/wp\/v2\/product"}],"about":[{"href":"https:\/\/www.anticagastronomia.com\/es\/wp-json\/wp\/v2\/types\/product"}],"version-history":[{"count":1,"href":"https:\/\/www.anticagastronomia.com\/es\/wp-json\/wp\/v2\/product\/19717\/revisions"}],"predecessor-version":[{"id":19719,"href":"https:\/\/www.anticagastronomia.com\/es\/wp-json\/wp\/v2\/product\/19717\/revisions\/19719"}],"wp:featuredmedia":[{"embeddable":true,"href":"https:\/\/www.anticagastronomia.com\/es\/wp-json\/wp\/v2\/media\/9958"}],"wp:attachment":[{"href":"https:\/\/www.anticagastronomia.com\/es\/wp-json\/wp\/v2\/media?parent=19717"}],"wp:term":[{"taxonomy":"product_brand","embeddable":true,"href":"https:\/\/www.anticagastronomia.com\/es\/wp-json\/wp\/v2\/product_brand?post=19717"},{"taxonomy":"product_cat","embeddable":true,"href":"https:\/\/www.anticagastronomia.com\/es\/wp-json\/wp\/v2\/product_cat?post=19717"},{"taxonomy":"product_tag","embeddable":true,"href":"https:\/\/www.anticagastronomia.com\/es\/wp-json\/wp\/v2\/product_tag?post=19717"}],"curies":[{"name":"wp","href":"https:\/\/api.w.org\/{rel}","templated":true}]}}