{"id":19584,"date":"2023-10-17T10:13:30","date_gmt":"2023-10-17T10:13:30","guid":{"rendered":"https:\/\/www.anticagastronomia.com\/prodotti\/salchichas-de-cerdo-con-trufa\/"},"modified":"2023-10-17T10:13:30","modified_gmt":"2023-10-17T10:13:30","slug":"salchichas-de-cerdo-con-trufa","status":"publish","type":"product","link":"https:\/\/www.anticagastronomia.com\/es\/prodotti\/salchichas-de-cerdo-con-trufa\/","title":{"rendered":"Salchichas de cerdo con trufa"},"content":{"rendered":"\t\t<div data-elementor-type=\"product-post\" data-elementor-id=\"19584\" class=\"elementor elementor-19584 elementor-8567\" data-elementor-post-type=\"product\">\n\t\t\t\t<div class=\"elementor-element elementor-element-6f18f984 e-flex e-con-boxed e-con e-parent\" data-id=\"6f18f984\" data-element_type=\"container\" data-e-type=\"container\" data-settings=\"{&quot;background_background&quot;:&quot;classic&quot;}\">\n\t\t\t\t\t<div class=\"e-con-inner\">\n\t\t<div class=\"elementor-element elementor-element-7f28b7a1 e-con-full e-flex e-con e-parent\" data-id=\"7f28b7a1\" data-element_type=\"container\" data-e-type=\"container\">\n\t\t\t\t<div class=\"elementor-element elementor-element-4ee3c513 elementor-widget elementor-widget-woocommerce-product-title elementor-page-title elementor-widget-heading\" data-id=\"4ee3c513\" data-element_type=\"widget\" data-e-type=\"widget\" data-widget_type=\"woocommerce-product-title.default\">\n\t\t\t\t<div class=\"elementor-widget-container\">\n\t\t\t\t\t<h1 class=\"product_title entry-title elementor-heading-title elementor-size-default\">Salchichas de cerdo con trufa<\/h1>\t\t\t\t<\/div>\n\t\t\t\t<\/div>\n\t\t\t\t<div class=\"elementor-element elementor-element-79f53964 elementor-widget elementor-widget-Table\" data-id=\"79f53964\" data-element_type=\"widget\" data-e-type=\"widget\" data-widget_type=\"Table.default\">\n\t\t\t\t<div class=\"elementor-widget-container\">\n\t\t\t\t\t\t\t<table class=\"tafe-table \">\n\t\t\t<thead  class=\"tafe-table-header\">\n\t\t\t\t<tr>\n\t\t\t\t\t<th class=\"elementor-inline-editing elementor-repeater-item-a11eddb\"  colSpan=\"2\" >Valores nutricionales por 100g<\/th>\t\t\t\t<\/tr>\n\t\t\t<\/thead>\n\t\t\t\t\t\t<tbody class=\"tafe-table-body\">\n\t\t\t\t<tr>\n\t\t\t\t\t<td data-label=\"Valores nutricionales por 100g\"   class=\"elementor-repeater-item-9197e2f td-content-type-default\" >Energ\u00eda<\/td><td data-label=\"\"   class=\"elementor-repeater-item-c5cace3 td-content-type-default\" >kJ 1445\/Kcal 350<\/td><\/tr><tr><td data-label=\"Valores nutricionales por 100g\"   class=\"elementor-repeater-item-04d3edd td-content-type-default\" >Grasas<\/td><td data-label=\"\"   class=\"elementor-repeater-item-8dc0bd1 td-content-type-default\" >34 g<\/td><\/tr><tr><td data-label=\"Valores nutricionales por 100g\"   class=\"elementor-repeater-item-5098ae7 td-content-type-default\" >de las cuales grasas saturadas<\/td><td data-label=\"\"   class=\"elementor-repeater-item-8847d8f td-content-type-default\" >12 g<\/td><\/tr><tr><td data-label=\"Valores nutricionales por 100g\"   class=\"elementor-repeater-item-28ee6f4 td-content-type-default\" >Carbohidratos<\/td><td data-label=\"\"   class=\"elementor-repeater-item-3de998d td-content-type-default\" >0 g<\/td><\/tr><tr><td data-label=\"Valores nutricionales por 100g\"   class=\"elementor-repeater-item-f7f80ee td-content-type-default\" >de los cuales: Az\u00facares<\/td><td data-label=\"\"   class=\"elementor-repeater-item-788a660 td-content-type-default\" >0 g<\/td><\/tr><tr><td data-label=\"Valores nutricionales por 100g\"   class=\"elementor-repeater-item-d427318 td-content-type-default\" >Fibras<\/td><td data-label=\"\"   class=\"elementor-repeater-item-ca0dac4 td-content-type-default\" >0 g<\/td><\/tr><tr><td data-label=\"Valores nutricionales por 100g\"   class=\"elementor-repeater-item-0c1b84a td-content-type-default\" >Prote\u00ednas<\/td><td data-label=\"\"   class=\"elementor-repeater-item-0b8a12b td-content-type-default\" >11 g<\/td><\/tr><tr><td data-label=\"Valores nutricionales por 100g\"   class=\"elementor-repeater-item-41d6a2b td-content-type-default\" >Sal<\/td><td data-label=\"\"   class=\"elementor-repeater-item-5f819fa td-content-type-default\" >2.0 g<\/td>\t\t\t\t<\/tr>\n\t\t\t<\/tbody>\n\t\t<\/table>\n\t\t\n\t\t\t\t\t\t<\/div>\n\t\t\t\t<\/div>\n\t\t\t\t<\/div>\n\t\t<div class=\"elementor-element elementor-element-694ae298 e-con-full e-flex e-con e-parent\" data-id=\"694ae298\" data-element_type=\"container\" data-e-type=\"container\">\n\t\t\t\t<div class=\"elementor-element elementor-element-781f67de elementor-widget elementor-widget-n-accordion\" data-id=\"781f67de\" data-element_type=\"widget\" data-e-type=\"widget\" data-settings=\"{&quot;default_state&quot;:&quot;expanded&quot;,&quot;max_items_expended&quot;:&quot;one&quot;,&quot;n_accordion_animation_duration&quot;:{&quot;unit&quot;:&quot;ms&quot;,&quot;size&quot;:400,&quot;sizes&quot;:[]}}\" data-widget_type=\"nested-accordion.default\">\n\t\t\t\t<div class=\"elementor-widget-container\">\n\t\t\t\t\t\t\t<div class=\"e-n-accordion\" aria-label=\"Accordion. Open links with Enter or Space, close with Escape, and navigate with Arrow Keys\">\n\t\t\t\t\t\t<details id=\"e-n-accordion-item-2010\" class=\"e-n-accordion-item\" open>\n\t\t\t\t<summary class=\"e-n-accordion-item-title\" data-accordion-index=\"1\" tabindex=\"0\" aria-expanded=\"true\" aria-controls=\"e-n-accordion-item-2010\" >\n\t\t\t\t\t<span class='e-n-accordion-item-title-header'><div class=\"e-n-accordion-item-title-text\"> Ingredientes <\/div><\/span>\n\t\t\t\t\t\t\t<span class='e-n-accordion-item-title-icon'>\n\t\t\t<span class='e-opened' ><i aria-hidden=\"true\" class=\"fas fa-minus\"><\/i><\/span>\n\t\t\t<span class='e-closed'><i aria-hidden=\"true\" class=\"fas fa-plus\"><\/i><\/span>\n\t\t<\/span>\n\n\t\t\t\t\t\t<\/summary>\n\t\t\t\t<div role=\"region\" aria-labelledby=\"e-n-accordion-item-2010\" class=\"elementor-element elementor-element-3d340e6a e-con-full e-flex e-con e-parent\" data-id=\"3d340e6a\" data-element_type=\"container\" data-e-type=\"container\">\n\t\t\t\t<div class=\"elementor-element elementor-element-19536c5 elementor-widget elementor-widget-text-editor\" data-id=\"19536c5\" data-element_type=\"widget\" data-e-type=\"widget\" data-widget_type=\"text-editor.default\">\n\t\t\t\t<div class=\"elementor-widget-container\">\n\t\t\t\t\t\t\t\t\t<p>Carne de cerdo, agua, salsa de trufa (Agaricus bisporus) 85%, aceite de oliva virgen extra, trufa de verano (Tuber aestivum Vitt.) 2,5%, sal, pan rallado (<strong>GLUTEN<\/strong>), perejil, ajo, pimienta, hierbas). (2,9 %), Sal, Preparaci\u00f3n: dextrosa, sal, corrector de pH: E262, E331, Antioxidante: E300, Aromas naturales, Pimienta negra, Especias, Aromas naturales, Conservantes: Nitrato pot\u00e1sico.<\/p>\n\t\t\t\t\t\t\t\t<\/div>\n\t\t\t\t<\/div>\n\t\t\t\t<\/div>\n\t\t\t\t\t<\/details>\n\t\t\t\t\t\t<details id=\"e-n-accordion-item-2011\" class=\"e-n-accordion-item\" >\n\t\t\t\t<summary class=\"e-n-accordion-item-title\" data-accordion-index=\"2\" tabindex=\"-1\" aria-expanded=\"false\" aria-controls=\"e-n-accordion-item-2011\" >\n\t\t\t\t\t<span class='e-n-accordion-item-title-header'><div class=\"e-n-accordion-item-title-text\"> Condiciones de almacenamiento  <\/div><\/span>\n\t\t\t\t\t\t\t<span class='e-n-accordion-item-title-icon'>\n\t\t\t<span class='e-opened' ><i aria-hidden=\"true\" class=\"fas fa-minus\"><\/i><\/span>\n\t\t\t<span class='e-closed'><i aria-hidden=\"true\" class=\"fas fa-plus\"><\/i><\/span>\n\t\t<\/span>\n\n\t\t\t\t\t\t<\/summary>\n\t\t\t\t<div role=\"region\" aria-labelledby=\"e-n-accordion-item-2011\" class=\"elementor-element elementor-element-352e6e95 e-con-full e-flex e-con e-parent\" data-id=\"352e6e95\" data-element_type=\"container\" data-e-type=\"container\">\n\t\t\t\t<div class=\"elementor-element elementor-element-4e629422 elementor-widget elementor-widget-text-editor\" data-id=\"4e629422\" data-element_type=\"widget\" data-e-type=\"widget\" data-widget_type=\"text-editor.default\">\n\t\t\t\t<div class=\"elementor-widget-container\">\n\t\t\t\t\t\t\t\t\t<p>En la nevera a una temperatura entre 0\u00b0C + 4\u00b0C.<\/p>\n\t\t\t\t\t\t\t\t<\/div>\n\t\t\t\t<\/div>\n\t\t\t\t<\/div>\n\t\t\t\t\t<\/details>\n\t\t\t\t\t\t<details id=\"e-n-accordion-item-2012\" class=\"e-n-accordion-item\" >\n\t\t\t\t<summary class=\"e-n-accordion-item-title\" data-accordion-index=\"3\" tabindex=\"-1\" aria-expanded=\"false\" aria-controls=\"e-n-accordion-item-2012\" >\n\t\t\t\t\t<span class='e-n-accordion-item-title-header'><div class=\"e-n-accordion-item-title-text\"> Recomendaciones <\/div><\/span>\n\t\t\t\t\t\t\t<span class='e-n-accordion-item-title-icon'>\n\t\t\t<span class='e-opened' ><i aria-hidden=\"true\" class=\"fas fa-minus\"><\/i><\/span>\n\t\t\t<span class='e-closed'><i aria-hidden=\"true\" class=\"fas fa-plus\"><\/i><\/span>\n\t\t<\/span>\n\n\t\t\t\t\t\t<\/summary>\n\t\t\t\t<div role=\"region\" aria-labelledby=\"e-n-accordion-item-2012\" class=\"elementor-element elementor-element-1f05f5ba e-con-full e-flex e-con e-parent\" data-id=\"1f05f5ba\" data-element_type=\"container\" data-e-type=\"container\">\n\t\t\t\t<div class=\"elementor-element elementor-element-7a60e378 elementor-widget elementor-widget-text-editor\" data-id=\"7a60e378\" data-element_type=\"widget\" data-e-type=\"widget\" data-widget_type=\"text-editor.default\">\n\t\t\t\t<div class=\"elementor-widget-container\">\n\t\t\t\t\t\t\t\t\t<p>La \u00abSalchicha de cerdo con trufa\u00bb es un producto especial porque se puede disfrutar y utilizar de mil maneras. Se puede asar a la parrilla o a la plancha o fre\u00edr. Poner en salsa de tomate le da un toque de personalidad y fragancia a la salsa en s\u00ed. Es excelente para disfrutarlo junto con las verduras como si se comiera solo.<\/p>\n\t\t\t\t\t\t\t\t<\/div>\n\t\t\t\t<\/div>\n\t\t\t\t<\/div>\n\t\t\t\t\t<\/details>\n\t\t\t\t\t\t<details id=\"e-n-accordion-item-2013\" class=\"e-n-accordion-item\" >\n\t\t\t\t<summary class=\"e-n-accordion-item-title\" data-accordion-index=\"4\" tabindex=\"-1\" aria-expanded=\"false\" aria-controls=\"e-n-accordion-item-2013\" >\n\t\t\t\t\t<span class='e-n-accordion-item-title-header'><div class=\"e-n-accordion-item-title-text\"> Tabla de al\u00e9rgenos <\/div><\/span>\n\t\t\t\t\t\t\t<span class='e-n-accordion-item-title-icon'>\n\t\t\t<span class='e-opened' ><i aria-hidden=\"true\" class=\"fas fa-minus\"><\/i><\/span>\n\t\t\t<span class='e-closed'><i aria-hidden=\"true\" class=\"fas fa-plus\"><\/i><\/span>\n\t\t<\/span>\n\n\t\t\t\t\t\t<\/summary>\n\t\t\t\t<div role=\"region\" aria-labelledby=\"e-n-accordion-item-2013\" class=\"elementor-element elementor-element-bc66431 e-con-full e-flex e-con e-parent\" data-id=\"bc66431\" data-element_type=\"container\" data-e-type=\"container\">\n\t\t\t\t<div class=\"elementor-element elementor-element-f226bb5 elementor-widget elementor-widget-text-editor\" data-id=\"f226bb5\" data-element_type=\"widget\" data-e-type=\"widget\" data-widget_type=\"text-editor.default\">\n\t\t\t\t<div class=\"elementor-widget-container\">\n\t\t\t\t\t\t\t\t\t<p>Presencia de: Di\u00f3xido de azufre y sulfitos, Cereales que contienen gluten.<\/p>\n\t\t\t\t\t\t\t\t<\/div>\n\t\t\t\t<\/div>\n\t\t\t\t<\/div>\n\t\t\t\t\t<\/details>\n\t\t\t\t\t\t<details id=\"e-n-accordion-item-2014\" class=\"e-n-accordion-item\" >\n\t\t\t\t<summary class=\"e-n-accordion-item-title\" data-accordion-index=\"5\" tabindex=\"-1\" aria-expanded=\"false\" aria-controls=\"e-n-accordion-item-2014\" >\n\t\t\t\t\t<span class='e-n-accordion-item-title-header'><div class=\"e-n-accordion-item-title-text\"> Embalaje <\/div><\/span>\n\t\t\t\t\t\t\t<span class='e-n-accordion-item-title-icon'>\n\t\t\t<span class='e-opened' ><i aria-hidden=\"true\" class=\"fas fa-minus\"><\/i><\/span>\n\t\t\t<span class='e-closed'><i aria-hidden=\"true\" class=\"fas fa-plus\"><\/i><\/span>\n\t\t<\/span>\n\n\t\t\t\t\t\t<\/summary>\n\t\t\t\t<div role=\"region\" aria-labelledby=\"e-n-accordion-item-2014\" class=\"elementor-element elementor-element-3e323c7e e-con-full e-flex e-con e-parent\" data-id=\"3e323c7e\" data-element_type=\"container\" data-e-type=\"container\">\n\t\t\t\t<div class=\"elementor-element elementor-element-3a2c3d56 elementor-widget elementor-widget-text-editor\" data-id=\"3a2c3d56\" data-element_type=\"widget\" data-e-type=\"widget\" data-widget_type=\"text-editor.default\">\n\t\t\t\t<div class=\"elementor-widget-container\">\n\t\t\t\t\t\t\t\t\t<p>Cumple con la normativa D.M. 21.3.1973, Reg. CE n. 1935\/2004, Reg. CE n. 1895\/2005, Reg. CE n. 10\/2011 e s.m.i.<\/p>\n\t\t\t\t\t\t\t\t<\/div>\n\t\t\t\t<\/div>\n\t\t\t\t<\/div>\n\t\t\t\t\t<\/details>\n\t\t\t\t\t\t<details id=\"e-n-accordion-item-2015\" class=\"e-n-accordion-item\" >\n\t\t\t\t<summary class=\"e-n-accordion-item-title\" data-accordion-index=\"6\" tabindex=\"-1\" aria-expanded=\"false\" aria-controls=\"e-n-accordion-item-2015\" >\n\t\t\t\t\t<span class='e-n-accordion-item-title-header'><div class=\"e-n-accordion-item-title-text\"> Tolerancia al peso <\/div><\/span>\n\t\t\t\t\t\t\t<span class='e-n-accordion-item-title-icon'>\n\t\t\t<span class='e-opened' ><i aria-hidden=\"true\" class=\"fas fa-minus\"><\/i><\/span>\n\t\t\t<span class='e-closed'><i aria-hidden=\"true\" class=\"fas fa-plus\"><\/i><\/span>\n\t\t<\/span>\n\n\t\t\t\t\t\t<\/summary>\n\t\t\t\t<div role=\"region\" aria-labelledby=\"e-n-accordion-item-2015\" class=\"elementor-element elementor-element-50feb11 e-con-full e-flex e-con e-parent\" data-id=\"50feb11\" data-element_type=\"container\" data-e-type=\"container\">\n\t\t\t\t<div class=\"elementor-element elementor-element-83186cb elementor-widget elementor-widget-text-editor\" data-id=\"83186cb\" data-element_type=\"widget\" data-e-type=\"widget\" data-widget_type=\"text-editor.default\">\n\t\t\t\t<div class=\"elementor-widget-container\">\n\t\t\t\t\t\t\t\t\t<p><strong>Todos los pesos de los Productos se expresan como indicativosi, <\/strong>ya que est\u00e1n sujetos a cambios Puede suceder que el peso (en gramos\/kg) seleccionado en su pedido difiera ligeramente del peso (en gramos\/kg) mostrado en el momento de la solicitud confirmada definitivamente en nuestra confirmaci\u00f3n final del pedido.<\/p>\n\t\t\t\t\t\t\t\t<\/div>\n\t\t\t\t<\/div>\n\t\t\t\t<\/div>\n\t\t\t\t\t<\/details>\n\t\t\t\t\t\t<details id=\"e-n-accordion-item-2016\" class=\"e-n-accordion-item\" >\n\t\t\t\t<summary class=\"e-n-accordion-item-title\" data-accordion-index=\"7\" tabindex=\"-1\" aria-expanded=\"false\" aria-controls=\"e-n-accordion-item-2016\" >\n\t\t\t\t\t<span class='e-n-accordion-item-title-header'><div class=\"e-n-accordion-item-title-text\"> Producido y envasado <\/div><\/span>\n\t\t\t\t\t\t\t<span class='e-n-accordion-item-title-icon'>\n\t\t\t<span class='e-opened' ><i aria-hidden=\"true\" class=\"fas fa-minus\"><\/i><\/span>\n\t\t\t<span class='e-closed'><i aria-hidden=\"true\" class=\"fas fa-plus\"><\/i><\/span>\n\t\t<\/span>\n\n\t\t\t\t\t\t<\/summary>\n\t\t\t\t<div role=\"region\" aria-labelledby=\"e-n-accordion-item-2016\" class=\"elementor-element elementor-element-18d944f1 e-con-full e-flex e-con e-parent\" data-id=\"18d944f1\" data-element_type=\"container\" data-e-type=\"container\">\n\t\t\t\t<div class=\"elementor-element elementor-element-554df93c elementor-widget elementor-widget-text-editor\" data-id=\"554df93c\" data-element_type=\"widget\" data-e-type=\"widget\" data-widget_type=\"text-editor.default\">\n\t\t\t\t<div class=\"elementor-widget-container\">\n\t\t\t\t\t\t\t\t\tAntica Gastronomia Srl V. E. Fermi,1 62010 Mogliano (Mc)\n* Estos datos pueden ser modificados sin previo aviso por parte del fabricante. Fecha 07-08-2023\t\t\t\t\t\t\t\t<\/div>\n\t\t\t\t<\/div>\n\t\t\t\t<\/div>\n\t\t\t\t\t<\/details>\n\t\t\t\t\t\t<details id=\"e-n-accordion-item-2017\" class=\"e-n-accordion-item\" >\n\t\t\t\t<summary class=\"e-n-accordion-item-title\" data-accordion-index=\"8\" tabindex=\"-1\" aria-expanded=\"false\" aria-controls=\"e-n-accordion-item-2017\" >\n\t\t\t\t\t<span class='e-n-accordion-item-title-header'><div class=\"e-n-accordion-item-title-text\"> Acceso al \u00c1rea de Negocio <\/div><\/span>\n\t\t\t\t\t\t\t<span class='e-n-accordion-item-title-icon'>\n\t\t\t<span class='e-opened' ><i aria-hidden=\"true\" class=\"fas fa-minus\"><\/i><\/span>\n\t\t\t<span class='e-closed'><i aria-hidden=\"true\" class=\"fas fa-plus\"><\/i><\/span>\n\t\t<\/span>\n\n\t\t\t\t\t\t<\/summary>\n\t\t\t\t<div role=\"region\" aria-labelledby=\"e-n-accordion-item-2017\" class=\"elementor-element elementor-element-3a63a007 e-con-full e-flex e-con e-parent\" data-id=\"3a63a007\" data-element_type=\"container\" data-e-type=\"container\">\n\t\t\t\t<div class=\"elementor-element elementor-element-55cb5fe7 elementor-widget elementor-widget-text-editor\" data-id=\"55cb5fe7\" data-element_type=\"widget\" data-e-type=\"widget\" data-widget_type=\"text-editor.default\">\n\t\t\t\t<div class=\"elementor-widget-container\">\n\t\t\t\t\t\t\t\t\t<h3>\u00bfQuieres hacer un pedido en el negocio de la tienda o solicitar un presupuesto personalizado?<\/h3>\n<p>Puede hacer clic en el bot\u00f3n <strong><a href=\"#richiedi\">Solicitar<\/a><\/strong> en la p\u00e1gina y luego acceder a la <a href=\"https:\/\/www.anticagastronomia.com\/richiesta-preventivo\/\" target=\"_blank\" rel=\"noopener\"><strong>p\u00e1gina de solicitud<\/strong><\/a>, completar el formulario para solicitar credenciales o especificar sus solicitudes en el campo \u00abNotas\u00bb. Nuestro servicio de atenci\u00f3n al cliente est\u00e1 a su disposici\u00f3n.<\/p>\n\t\t\t\t\t\t\t\t<\/div>\n\t\t\t\t<\/div>\n\t\t\t\t<\/div>\n\t\t\t\t\t<\/details>\n\t\t\t\t\t<\/div>\n\t\t\t\t\t\t<\/div>\n\t\t\t\t<\/div>\n\t\t\t\t<\/div>\n\t\t\t\t\t<\/div>\n\t\t\t\t<\/div>\n\t\t\t\t<\/div>\n\t\t","protected":false},"excerpt":{"rendered":"<p>Fresco aderezado con salsa de trufa y hierbas arom\u00e1ticas.<\/p>\n","protected":false},"featured_media":9351,"template":"","meta":[],"product_brand":[],"product_cat":[486],"product_tag":[906],"class_list":{"0":"post-19584","1":"product","2":"type-product","3":"status-publish","4":"has-post-thumbnail","6":"product_cat-saporito-es","7":"product_tag-salsicce-es","8":"pa_confezione-vaschetta-es","10":"first","11":"instock","12":"taxable","13":"shipping-taxable","14":"purchasable","15":"product-type-variable"},"_links":{"self":[{"href":"https:\/\/www.anticagastronomia.com\/es\/wp-json\/wp\/v2\/product\/19584","targetHints":{"allow":["GET"]}}],"collection":[{"href":"https:\/\/www.anticagastronomia.com\/es\/wp-json\/wp\/v2\/product"}],"about":[{"href":"https:\/\/www.anticagastronomia.com\/es\/wp-json\/wp\/v2\/types\/product"}],"version-history":[{"count":1,"href":"https:\/\/www.anticagastronomia.com\/es\/wp-json\/wp\/v2\/product\/19584\/revisions"}],"predecessor-version":[{"id":19586,"href":"https:\/\/www.anticagastronomia.com\/es\/wp-json\/wp\/v2\/product\/19584\/revisions\/19586"}],"wp:featuredmedia":[{"embeddable":true,"href":"https:\/\/www.anticagastronomia.com\/es\/wp-json\/wp\/v2\/media\/9351"}],"wp:attachment":[{"href":"https:\/\/www.anticagastronomia.com\/es\/wp-json\/wp\/v2\/media?parent=19584"}],"wp:term":[{"taxonomy":"product_brand","embeddable":true,"href":"https:\/\/www.anticagastronomia.com\/es\/wp-json\/wp\/v2\/product_brand?post=19584"},{"taxonomy":"product_cat","embeddable":true,"href":"https:\/\/www.anticagastronomia.com\/es\/wp-json\/wp\/v2\/product_cat?post=19584"},{"taxonomy":"product_tag","embeddable":true,"href":"https:\/\/www.anticagastronomia.com\/es\/wp-json\/wp\/v2\/product_tag?post=19584"}],"curies":[{"name":"wp","href":"https:\/\/api.w.org\/{rel}","templated":true}]}}