{"id":19574,"date":"2023-10-17T10:08:02","date_gmt":"2023-10-17T10:08:02","guid":{"rendered":"https:\/\/www.anticagastronomia.com\/prodotti\/salami-magro\/"},"modified":"2023-10-17T10:08:03","modified_gmt":"2023-10-17T10:08:03","slug":"salami-magro","status":"publish","type":"product","link":"https:\/\/www.anticagastronomia.com\/es\/prodotti\/salami-magro\/","title":{"rendered":"Salami magro"},"content":{"rendered":"\t\t<div data-elementor-type=\"product-post\" data-elementor-id=\"19574\" class=\"elementor elementor-19574 elementor-8577\" data-elementor-post-type=\"product\">\n\t\t\t\t<div class=\"elementor-element elementor-element-27fe52f1 e-flex e-con-boxed e-con e-parent\" data-id=\"27fe52f1\" data-element_type=\"container\" data-e-type=\"container\" data-settings=\"{&quot;background_background&quot;:&quot;classic&quot;}\">\n\t\t\t\t\t<div class=\"e-con-inner\">\n\t\t<div class=\"elementor-element elementor-element-797dddd7 e-con-full e-flex e-con e-parent\" data-id=\"797dddd7\" data-element_type=\"container\" data-e-type=\"container\">\n\t\t\t\t<div class=\"elementor-element elementor-element-3c2055fe elementor-widget elementor-widget-woocommerce-product-title elementor-page-title elementor-widget-heading\" data-id=\"3c2055fe\" data-element_type=\"widget\" data-e-type=\"widget\" data-widget_type=\"woocommerce-product-title.default\">\n\t\t\t\t<div class=\"elementor-widget-container\">\n\t\t\t\t\t<h1 class=\"product_title entry-title elementor-heading-title elementor-size-default\">Salami magro<\/h1>\t\t\t\t<\/div>\n\t\t\t\t<\/div>\n\t\t\t\t<div class=\"elementor-element elementor-element-50cc2e5c elementor-widget elementor-widget-Table\" data-id=\"50cc2e5c\" data-element_type=\"widget\" data-e-type=\"widget\" data-widget_type=\"Table.default\">\n\t\t\t\t<div class=\"elementor-widget-container\">\n\t\t\t\t\t\t\t<table class=\"tafe-table \">\n\t\t\t<thead  class=\"tafe-table-header\">\n\t\t\t\t<tr>\n\t\t\t\t\t<th class=\"elementor-inline-editing elementor-repeater-item-a11eddb\"  colSpan=\"2\" >Valores nutricionales por 100g<\/th>\t\t\t\t<\/tr>\n\t\t\t<\/thead>\n\t\t\t\t\t\t<tbody class=\"tafe-table-body\">\n\t\t\t\t<tr>\n\t\t\t\t\t<td data-label=\"Valores nutricionales por 100g\"   class=\"elementor-repeater-item-9197e2f td-content-type-default\" >Energ\u00eda<\/td><td data-label=\"\"   class=\"elementor-repeater-item-c5cace3 td-content-type-default\" >kJ 1121\/Kcal 270<\/td><\/tr><tr><td data-label=\"Valores nutricionales por 100g\"   class=\"elementor-repeater-item-04d3edd td-content-type-default\" >Grasas<\/td><td data-label=\"\"   class=\"elementor-repeater-item-8dc0bd1 td-content-type-default\" >22 g<\/td><\/tr><tr><td data-label=\"Valores nutricionales por 100g\"   class=\"elementor-repeater-item-5098ae7 td-content-type-default\" >de las cuales grasas saturadas<\/td><td data-label=\"\"   class=\"elementor-repeater-item-8847d8f td-content-type-default\" >7.7 g<\/td><\/tr><tr><td data-label=\"Valores nutricionales por 100g\"   class=\"elementor-repeater-item-28ee6f4 td-content-type-default\" >Carbohidratos<\/td><td data-label=\"\"   class=\"elementor-repeater-item-3de998d td-content-type-default\" >0 g<\/td><\/tr><tr><td data-label=\"Valores nutricionales por 100g\"   class=\"elementor-repeater-item-f7f80ee td-content-type-default\" >de los cuales: Az\u00facares<\/td><td data-label=\"\"   class=\"elementor-repeater-item-788a660 td-content-type-default\" >0 g<\/td><\/tr><tr><td data-label=\"Valores nutricionales por 100g\"   class=\"elementor-repeater-item-d427318 td-content-type-default\" >Fibras<\/td><td data-label=\"\"   class=\"elementor-repeater-item-ca0dac4 td-content-type-default\" >0 g<\/td><\/tr><tr><td data-label=\"Valores nutricionales por 100g\"   class=\"elementor-repeater-item-0c1b84a td-content-type-default\" >Prote\u00ednas<\/td><td data-label=\"\"   class=\"elementor-repeater-item-0b8a12b td-content-type-default\" >18 g<\/td><\/tr><tr><td data-label=\"Valores nutricionales por 100g\"   class=\"elementor-repeater-item-41d6a2b td-content-type-default\" >Sal<\/td><td data-label=\"\"   class=\"elementor-repeater-item-5f819fa td-content-type-default\" >2.4 g<\/td>\t\t\t\t<\/tr>\n\t\t\t<\/tbody>\n\t\t<\/table>\n\t\t\n\t\t\t\t\t\t<\/div>\n\t\t\t\t<\/div>\n\t\t\t\t<\/div>\n\t\t<div class=\"elementor-element elementor-element-424870f6 e-con-full e-flex e-con e-parent\" data-id=\"424870f6\" data-element_type=\"container\" data-e-type=\"container\">\n\t\t\t\t<div class=\"elementor-element elementor-element-5bf3e09e elementor-widget elementor-widget-n-accordion\" data-id=\"5bf3e09e\" data-element_type=\"widget\" data-e-type=\"widget\" data-settings=\"{&quot;default_state&quot;:&quot;expanded&quot;,&quot;max_items_expended&quot;:&quot;one&quot;,&quot;n_accordion_animation_duration&quot;:{&quot;unit&quot;:&quot;ms&quot;,&quot;size&quot;:400,&quot;sizes&quot;:[]}}\" data-widget_type=\"nested-accordion.default\">\n\t\t\t\t<div class=\"elementor-widget-container\">\n\t\t\t\t\t\t\t<div class=\"e-n-accordion\" aria-label=\"Accordion. Open links with Enter or Space, close with Escape, and navigate with Arrow Keys\">\n\t\t\t\t\t\t<details id=\"e-n-accordion-item-1540\" class=\"e-n-accordion-item\" open>\n\t\t\t\t<summary class=\"e-n-accordion-item-title\" data-accordion-index=\"1\" tabindex=\"0\" aria-expanded=\"true\" aria-controls=\"e-n-accordion-item-1540\" >\n\t\t\t\t\t<span class='e-n-accordion-item-title-header'><div class=\"e-n-accordion-item-title-text\"> Ingredientes <\/div><\/span>\n\t\t\t\t\t\t\t<span class='e-n-accordion-item-title-icon'>\n\t\t\t<span class='e-opened' ><i aria-hidden=\"true\" class=\"fas fa-minus\"><\/i><\/span>\n\t\t\t<span class='e-closed'><i aria-hidden=\"true\" class=\"fas fa-plus\"><\/i><\/span>\n\t\t<\/span>\n\n\t\t\t\t\t\t<\/summary>\n\t\t\t\t<div role=\"region\" aria-labelledby=\"e-n-accordion-item-1540\" class=\"elementor-element elementor-element-d2adce7 e-con-full e-flex e-con e-parent\" data-id=\"d2adce7\" data-element_type=\"container\" data-e-type=\"container\">\n\t\t\t\t<div class=\"elementor-element elementor-element-3f37243b elementor-widget elementor-widget-text-editor\" data-id=\"3f37243b\" data-element_type=\"widget\" data-e-type=\"widget\" data-widget_type=\"text-editor.default\">\n\t\t\t\t<div class=\"elementor-widget-container\">\n\t\t\t\t\t\t\t\t\t<p>Carne de cerdo, sal, aromas, mezcla de aromas (aromas, dextrosa, sacarosa, sal, antioxidante: E301, conservante: E252), dextrosa, vino, pimienta negra, dextrosa, sal, corrector de pH: E262, E331, antioxidante: E300, aromas naturales, especias, -, conservantes: nitrato de potasio.<\/p>\n\t\t\t\t\t\t\t\t<\/div>\n\t\t\t\t<\/div>\n\t\t\t\t<\/div>\n\t\t\t\t\t<\/details>\n\t\t\t\t\t\t<details id=\"e-n-accordion-item-1541\" class=\"e-n-accordion-item\" >\n\t\t\t\t<summary class=\"e-n-accordion-item-title\" data-accordion-index=\"2\" tabindex=\"-1\" aria-expanded=\"false\" aria-controls=\"e-n-accordion-item-1541\" >\n\t\t\t\t\t<span class='e-n-accordion-item-title-header'><div class=\"e-n-accordion-item-title-text\"> Condiciones de almacenamiento  <\/div><\/span>\n\t\t\t\t\t\t\t<span class='e-n-accordion-item-title-icon'>\n\t\t\t<span class='e-opened' ><i aria-hidden=\"true\" class=\"fas fa-minus\"><\/i><\/span>\n\t\t\t<span class='e-closed'><i aria-hidden=\"true\" class=\"fas fa-plus\"><\/i><\/span>\n\t\t<\/span>\n\n\t\t\t\t\t\t<\/summary>\n\t\t\t\t<div role=\"region\" aria-labelledby=\"e-n-accordion-item-1541\" class=\"elementor-element elementor-element-6551ad2e e-con-full e-flex e-con e-parent\" data-id=\"6551ad2e\" data-element_type=\"container\" data-e-type=\"container\">\n\t\t\t\t<div class=\"elementor-element elementor-element-716332d8 elementor-widget elementor-widget-text-editor\" data-id=\"716332d8\" data-element_type=\"widget\" data-e-type=\"widget\" data-widget_type=\"text-editor.default\">\n\t\t\t\t<div class=\"elementor-widget-container\">\n\t\t\t\t\t\t\t\t\t<p>En un lugar fresco y seco. Una vez recibida la mercanc\u00eda, se recomienda sacarla de las cajas.<\/p>\n\t\t\t\t\t\t\t\t<\/div>\n\t\t\t\t<\/div>\n\t\t\t\t<\/div>\n\t\t\t\t\t<\/details>\n\t\t\t\t\t\t<details id=\"e-n-accordion-item-1542\" class=\"e-n-accordion-item\" >\n\t\t\t\t<summary class=\"e-n-accordion-item-title\" data-accordion-index=\"3\" tabindex=\"-1\" aria-expanded=\"false\" aria-controls=\"e-n-accordion-item-1542\" >\n\t\t\t\t\t<span class='e-n-accordion-item-title-header'><div class=\"e-n-accordion-item-title-text\"> Recomendaciones <\/div><\/span>\n\t\t\t\t\t\t\t<span class='e-n-accordion-item-title-icon'>\n\t\t\t<span class='e-opened' ><i aria-hidden=\"true\" class=\"fas fa-minus\"><\/i><\/span>\n\t\t\t<span class='e-closed'><i aria-hidden=\"true\" class=\"fas fa-plus\"><\/i><\/span>\n\t\t<\/span>\n\n\t\t\t\t\t\t<\/summary>\n\t\t\t\t<div role=\"region\" aria-labelledby=\"e-n-accordion-item-1542\" class=\"elementor-element elementor-element-69983bab e-con-full e-flex e-con e-parent\" data-id=\"69983bab\" data-element_type=\"container\" data-e-type=\"container\">\n\t\t\t\t<div class=\"elementor-element elementor-element-4f43b2ea elementor-widget elementor-widget-text-editor\" data-id=\"4f43b2ea\" data-element_type=\"widget\" data-e-type=\"widget\" data-widget_type=\"text-editor.default\">\n\t\t\t\t<div class=\"elementor-widget-container\">\n\t\t\t\t\t\t\t\t\t<p>\u00abSalami magro\u00bb es un producto elaborado con carne magra seleccionada de jam\u00f3n y paleta de cerdo. Las carnes, despu\u00e9s de ser picadas con un molde muy fino, son saladas y aromatizadas como la mejor tradici\u00f3n requiere. Una caracter\u00edstica del \u00abSalami Magro\u00bb una vez que alcanza la madurez es ser consistente y fragante, tener un hermoso color rojo. La peculiaridad del producto es que es muy magro ya que la parte grasa alcanza apenas el 5%. Para nuestros embutidos, utilizamos carne de cerdos italianos pesados y de mataderos italianos.<\/p>\n\t\t\t\t\t\t\t\t<\/div>\n\t\t\t\t<\/div>\n\t\t\t\t<\/div>\n\t\t\t\t\t<\/details>\n\t\t\t\t\t\t<details id=\"e-n-accordion-item-1543\" class=\"e-n-accordion-item\" >\n\t\t\t\t<summary class=\"e-n-accordion-item-title\" data-accordion-index=\"4\" tabindex=\"-1\" aria-expanded=\"false\" aria-controls=\"e-n-accordion-item-1543\" >\n\t\t\t\t\t<span class='e-n-accordion-item-title-header'><div class=\"e-n-accordion-item-title-text\"> Tabla de al\u00e9rgenos  <\/div><\/span>\n\t\t\t\t\t\t\t<span class='e-n-accordion-item-title-icon'>\n\t\t\t<span class='e-opened' ><i aria-hidden=\"true\" class=\"fas fa-minus\"><\/i><\/span>\n\t\t\t<span class='e-closed'><i aria-hidden=\"true\" class=\"fas fa-plus\"><\/i><\/span>\n\t\t<\/span>\n\n\t\t\t\t\t\t<\/summary>\n\t\t\t\t<div role=\"region\" aria-labelledby=\"e-n-accordion-item-1543\" class=\"elementor-element elementor-element-7ad4cf6 e-con-full e-flex e-con e-parent\" data-id=\"7ad4cf6\" data-element_type=\"container\" data-e-type=\"container\">\n\t\t\t\t<div class=\"elementor-element elementor-element-05c621b elementor-widget elementor-widget-text-editor\" data-id=\"05c621b\" data-element_type=\"widget\" data-e-type=\"widget\" data-widget_type=\"text-editor.default\">\n\t\t\t\t<div class=\"elementor-widget-container\">\n\t\t\t\t\t\t\t\t\t<p>presencia de: Di\u00f3xido de azufre y sulfitos.<\/p>\n\t\t\t\t\t\t\t\t<\/div>\n\t\t\t\t<\/div>\n\t\t\t\t<\/div>\n\t\t\t\t\t<\/details>\n\t\t\t\t\t\t<details id=\"e-n-accordion-item-1544\" class=\"e-n-accordion-item\" >\n\t\t\t\t<summary class=\"e-n-accordion-item-title\" data-accordion-index=\"5\" tabindex=\"-1\" aria-expanded=\"false\" aria-controls=\"e-n-accordion-item-1544\" >\n\t\t\t\t\t<span class='e-n-accordion-item-title-header'><div class=\"e-n-accordion-item-title-text\"> Embalaje <\/div><\/span>\n\t\t\t\t\t\t\t<span class='e-n-accordion-item-title-icon'>\n\t\t\t<span class='e-opened' ><i aria-hidden=\"true\" class=\"fas fa-minus\"><\/i><\/span>\n\t\t\t<span class='e-closed'><i aria-hidden=\"true\" class=\"fas fa-plus\"><\/i><\/span>\n\t\t<\/span>\n\n\t\t\t\t\t\t<\/summary>\n\t\t\t\t<div role=\"region\" aria-labelledby=\"e-n-accordion-item-1544\" class=\"elementor-element elementor-element-38cda542 e-con-full e-flex e-con e-parent\" data-id=\"38cda542\" data-element_type=\"container\" data-e-type=\"container\">\n\t\t\t\t<div class=\"elementor-element elementor-element-f96ae82 elementor-widget elementor-widget-text-editor\" data-id=\"f96ae82\" data-element_type=\"widget\" data-e-type=\"widget\" data-widget_type=\"text-editor.default\">\n\t\t\t\t<div class=\"elementor-widget-container\">\n\t\t\t\t\t\t\t\t\t<p>Cumple con la normativa D.M. 21.3.1973, Reg. CE n. 1935\/2004, Reg. CE n. 1895\/2005, Reg. CE n. 10\/2011 e s.m.i.<\/p>\n\t\t\t\t\t\t\t\t<\/div>\n\t\t\t\t<\/div>\n\t\t\t\t<\/div>\n\t\t\t\t\t<\/details>\n\t\t\t\t\t\t<details id=\"e-n-accordion-item-1545\" class=\"e-n-accordion-item\" >\n\t\t\t\t<summary class=\"e-n-accordion-item-title\" data-accordion-index=\"6\" tabindex=\"-1\" aria-expanded=\"false\" aria-controls=\"e-n-accordion-item-1545\" >\n\t\t\t\t\t<span class='e-n-accordion-item-title-header'><div class=\"e-n-accordion-item-title-text\"> Tolerancia al peso <\/div><\/span>\n\t\t\t\t\t\t\t<span class='e-n-accordion-item-title-icon'>\n\t\t\t<span class='e-opened' ><i aria-hidden=\"true\" class=\"fas fa-minus\"><\/i><\/span>\n\t\t\t<span class='e-closed'><i aria-hidden=\"true\" class=\"fas fa-plus\"><\/i><\/span>\n\t\t<\/span>\n\n\t\t\t\t\t\t<\/summary>\n\t\t\t\t<div role=\"region\" aria-labelledby=\"e-n-accordion-item-1545\" class=\"elementor-element elementor-element-16a2fdfb e-con-full e-flex e-con e-parent\" data-id=\"16a2fdfb\" data-element_type=\"container\" data-e-type=\"container\">\n\t\t\t\t<div class=\"elementor-element elementor-element-4be1d5ae elementor-widget elementor-widget-text-editor\" data-id=\"4be1d5ae\" data-element_type=\"widget\" data-e-type=\"widget\" data-widget_type=\"text-editor.default\">\n\t\t\t\t<div class=\"elementor-widget-container\">\n\t\t\t\t\t\t\t\t\t<p><strong>Todos los pesos de los Productos se expresan como indicativosi, <\/strong>ya que est\u00e1n sujetos a cambios Puede suceder que el peso (en gramos\/kg) seleccionado en su pedido difiera ligeramente del peso (en gramos\/kg) mostrado en el momento de la solicitud confirmada definitivamente en nuestra confirmaci\u00f3n final del pedido.<\/p>\n\t\t\t\t\t\t\t\t<\/div>\n\t\t\t\t<\/div>\n\t\t\t\t<\/div>\n\t\t\t\t\t<\/details>\n\t\t\t\t\t\t<details id=\"e-n-accordion-item-1546\" class=\"e-n-accordion-item\" >\n\t\t\t\t<summary class=\"e-n-accordion-item-title\" data-accordion-index=\"7\" tabindex=\"-1\" aria-expanded=\"false\" aria-controls=\"e-n-accordion-item-1546\" >\n\t\t\t\t\t<span class='e-n-accordion-item-title-header'><div class=\"e-n-accordion-item-title-text\"> Producido y envasado <\/div><\/span>\n\t\t\t\t\t\t\t<span class='e-n-accordion-item-title-icon'>\n\t\t\t<span class='e-opened' ><i aria-hidden=\"true\" class=\"fas fa-minus\"><\/i><\/span>\n\t\t\t<span class='e-closed'><i aria-hidden=\"true\" class=\"fas fa-plus\"><\/i><\/span>\n\t\t<\/span>\n\n\t\t\t\t\t\t<\/summary>\n\t\t\t\t<div role=\"region\" aria-labelledby=\"e-n-accordion-item-1546\" class=\"elementor-element elementor-element-645756f8 e-con-full e-flex e-con e-parent\" data-id=\"645756f8\" data-element_type=\"container\" data-e-type=\"container\">\n\t\t\t\t<div class=\"elementor-element elementor-element-3135b9d2 elementor-widget elementor-widget-text-editor\" data-id=\"3135b9d2\" data-element_type=\"widget\" data-e-type=\"widget\" data-widget_type=\"text-editor.default\">\n\t\t\t\t<div class=\"elementor-widget-container\">\n\t\t\t\t\t\t\t\t\tAntica Gastronomia Srl V. E. Fermi,1 62010 Mogliano (Mc)\n* Estos datos pueden ser modificados sin previo aviso por parte del fabricante. Fecha 07-08-2023\t\t\t\t\t\t\t\t<\/div>\n\t\t\t\t<\/div>\n\t\t\t\t<\/div>\n\t\t\t\t\t<\/details>\n\t\t\t\t\t\t<details id=\"e-n-accordion-item-1547\" class=\"e-n-accordion-item\" >\n\t\t\t\t<summary class=\"e-n-accordion-item-title\" data-accordion-index=\"8\" tabindex=\"-1\" aria-expanded=\"false\" aria-controls=\"e-n-accordion-item-1547\" >\n\t\t\t\t\t<span class='e-n-accordion-item-title-header'><div class=\"e-n-accordion-item-title-text\"> Acceso al \u00c1rea de Negocio <\/div><\/span>\n\t\t\t\t\t\t\t<span class='e-n-accordion-item-title-icon'>\n\t\t\t<span class='e-opened' ><i aria-hidden=\"true\" class=\"fas fa-minus\"><\/i><\/span>\n\t\t\t<span class='e-closed'><i aria-hidden=\"true\" class=\"fas fa-plus\"><\/i><\/span>\n\t\t<\/span>\n\n\t\t\t\t\t\t<\/summary>\n\t\t\t\t<div role=\"region\" aria-labelledby=\"e-n-accordion-item-1547\" class=\"elementor-element elementor-element-65bcb413 e-con-full e-flex e-con e-parent\" data-id=\"65bcb413\" data-element_type=\"container\" data-e-type=\"container\">\n\t\t\t\t<div class=\"elementor-element elementor-element-78904369 elementor-widget elementor-widget-text-editor\" data-id=\"78904369\" data-element_type=\"widget\" data-e-type=\"widget\" data-widget_type=\"text-editor.default\">\n\t\t\t\t<div class=\"elementor-widget-container\">\n\t\t\t\t\t\t\t\t\t<h3>\u00bfQuieres hacer un pedido en el negocio de la tienda o solicitar un presupuesto personalizado?<\/h3>\n<p>Puede hacer clic en el bot\u00f3n <strong><a href=\"#richiedi\">Solicitar<\/a><\/strong> en la p\u00e1gina y luego acceder a la <a href=\"https:\/\/www.anticagastronomia.com\/richiesta-preventivo\/\" target=\"_blank\" rel=\"noopener\"><strong>p\u00e1gina de solicitud<\/strong><\/a>, completar el formulario para solicitar credenciales o especificar sus solicitudes en el campo \u00abNotas\u00bb. Nuestro servicio de atenci\u00f3n al cliente est\u00e1 a su disposici\u00f3n.<\/p>\n\t\t\t\t\t\t\t\t<\/div>\n\t\t\t\t<\/div>\n\t\t\t\t<\/div>\n\t\t\t\t\t<\/details>\n\t\t\t\t\t<\/div>\n\t\t\t\t\t\t<\/div>\n\t\t\t\t<\/div>\n\t\t\t\t<\/div>\n\t\t\t\t\t<\/div>\n\t\t\t\t<\/div>\n\t\t\t\t<\/div>\n\t\t","protected":false},"excerpt":{"rendered":"<p>Salami de textura fina elaborado con carnes magras seleccionadas de jam\u00f3n y paleta de cerdo.<\/p>\n","protected":false},"featured_media":9422,"template":"","meta":[],"product_brand":[],"product_cat":[486],"product_tag":[904],"class_list":{"0":"post-19574","1":"product","2":"type-product","3":"status-publish","4":"has-post-thumbnail","6":"product_cat-saporito-es","7":"product_tag-salami-es","8":"pa_confezione-intero-bis-es","9":"pa_confezione-gigante-es","10":"pa_confezione-mezzo-sv-es","12":"first","13":"instock","14":"taxable","15":"shipping-taxable","16":"purchasable","17":"product-type-variable"},"_links":{"self":[{"href":"https:\/\/www.anticagastronomia.com\/es\/wp-json\/wp\/v2\/product\/19574","targetHints":{"allow":["GET"]}}],"collection":[{"href":"https:\/\/www.anticagastronomia.com\/es\/wp-json\/wp\/v2\/product"}],"about":[{"href":"https:\/\/www.anticagastronomia.com\/es\/wp-json\/wp\/v2\/types\/product"}],"version-history":[{"count":1,"href":"https:\/\/www.anticagastronomia.com\/es\/wp-json\/wp\/v2\/product\/19574\/revisions"}],"predecessor-version":[{"id":19578,"href":"https:\/\/www.anticagastronomia.com\/es\/wp-json\/wp\/v2\/product\/19574\/revisions\/19578"}],"wp:featuredmedia":[{"embeddable":true,"href":"https:\/\/www.anticagastronomia.com\/es\/wp-json\/wp\/v2\/media\/9422"}],"wp:attachment":[{"href":"https:\/\/www.anticagastronomia.com\/es\/wp-json\/wp\/v2\/media?parent=19574"}],"wp:term":[{"taxonomy":"product_brand","embeddable":true,"href":"https:\/\/www.anticagastronomia.com\/es\/wp-json\/wp\/v2\/product_brand?post=19574"},{"taxonomy":"product_cat","embeddable":true,"href":"https:\/\/www.anticagastronomia.com\/es\/wp-json\/wp\/v2\/product_cat?post=19574"},{"taxonomy":"product_tag","embeddable":true,"href":"https:\/\/www.anticagastronomia.com\/es\/wp-json\/wp\/v2\/product_tag?post=19574"}],"curies":[{"name":"wp","href":"https:\/\/api.w.org\/{rel}","templated":true}]}}